{"id":4139,"date":"2024-08-08T11:17:19","date_gmt":"2024-08-08T11:17:19","guid":{"rendered":"https:\/\/generositypath.org\/domu\/"},"modified":"2026-01-30T13:21:22","modified_gmt":"2026-01-30T13:21:22","slug":"domu","status":"publish","type":"page","link":"https:\/\/generositypath.org\/cs\/","title":{"rendered":"Dom\u016f"},"content":{"rendered":"\t\t<div data-elementor-type=\"wp-page\" data-elementor-id=\"4139\" class=\"elementor elementor-4139 elementor-5\" data-elementor-post-type=\"page\">\n\t\t\t\t<div class=\"elementor-element elementor-element-ab6fea2 e-con-full e-flex e-con e-parent\" data-id=\"ab6fea2\" data-element_type=\"container\" data-e-type=\"container\" data-settings=\"{&quot;background_background&quot;:&quot;classic&quot;}\">\n\t\t\t\t<div class=\"elementor-element elementor-element-c4a19b6 elementor--h-position-left elementor--v-position-middle elementor-pagination-position-inside elementor-widget elementor-widget-slides\" data-id=\"c4a19b6\" data-element_type=\"widget\" data-e-type=\"widget\" data-settings=\"{&quot;navigation&quot;:&quot;dots&quot;,&quot;transition&quot;:&quot;fade&quot;,&quot;autoplay&quot;:&quot;yes&quot;,&quot;pause_on_interaction&quot;:&quot;yes&quot;,&quot;autoplay_speed&quot;:5000,&quot;infinite&quot;:&quot;yes&quot;,&quot;transition_speed&quot;:500}\" data-widget_type=\"slides.default\">\n\t\t\t\t\t\t\t\t\t\t<div class=\"elementor-slides-wrapper elementor-main-swiper swiper\" role=\"region\" aria-roledescription=\"carousel\" aria-label=\"Slides\" dir=\"ltr\" data-animation=\"\">\n\t\t\t\t<div class=\"swiper-wrapper elementor-slides\">\n\t\t\t\t\t\t\t\t\t\t<div class=\"elementor-repeater-item-9dbb690 swiper-slide\" role=\"group\" aria-roledescription=\"slide\"><div class=\"swiper-slide-bg elementor-ken-burns elementor-ken-burns--in\" role=\"img\" aria-label=\"Hero_2\"><\/div><div class=\"elementor-background-overlay\"><\/div><div class=\"swiper-slide-inner\" ><div class=\"swiper-slide-contents\"><div class=\"elementor-slide-heading\">V\u00edtejte na Generosity Path<\/div><div class=\"elementor-slide-description\"><p>Uvol\u0148uje lidi, jako jste vy, aby \u017eili velkoryseji a svobodn\u011bji, ne\u017e jste si kdy dok\u00e1zali p\u0159edstavit.  <\/p>\n<\/div><a href=\"https:\/\/generositypath.org\/what-is-a-jog\/\" class=\"elementor-button elementor-slide-button elementor-size-sm\">Uspo\u0159\u00e1dejte JOG<\/a><\/div><\/div><\/div><div class=\"elementor-repeater-item-fc869b3 swiper-slide\" role=\"group\" aria-roledescription=\"slide\"><div class=\"swiper-slide-bg elementor-ken-burns elementor-ken-burns--in\" role=\"img\" aria-label=\"Hero_1\"><\/div><div class=\"elementor-background-overlay\"><\/div><div class=\"swiper-slide-inner\" ><div class=\"swiper-slide-contents\"><div class=\"elementor-slide-heading\">V\u00edtejte na Generosity Path<\/div><div class=\"elementor-slide-description\"><p>Uvol\u0148uje lidi, jako jste vy, aby \u017eili velkoryseji a svobodn\u011bji, ne\u017e jste si kdy dok\u00e1zali p\u0159edstavit.  <\/p>\n<\/div><a href=\"https:\/\/generositypath.org\/what-is-a-jog\/\" class=\"elementor-button elementor-slide-button elementor-size-sm\">Uspo\u0159\u00e1dejte JOG<\/a><\/div><\/div><\/div>\t\t\t\t<\/div>\n\t\t\t\t\t\t\t\t\t\t\t\t\t\t\t\t\t\t\t\t<div class=\"swiper-pagination\"><\/div>\n\t\t\t\t\t\t\t\t\t\t\t\t<\/div>\n\t\t\t\t\t\t\t\t<\/div>\n\t\t\t\t<\/div>\n\t\t<div class=\"elementor-element elementor-element-dd26685 e-flex e-con-boxed e-con e-parent\" data-id=\"dd26685\" data-element_type=\"container\" data-e-type=\"container\">\n\t\t\t\t\t<div class=\"e-con-inner\">\n\t\t<div class=\"elementor-element elementor-element-f575fa8 e-con-full e-flex e-con e-child\" data-id=\"f575fa8\" data-element_type=\"container\" data-e-type=\"container\">\n\t\t\t\t<div class=\"elementor-element elementor-element-1443945 elementor-widget elementor-widget-image\" data-id=\"1443945\" data-element_type=\"widget\" data-e-type=\"widget\" data-widget_type=\"image.default\">\n\t\t\t\t\t\t\t\t\t\t\t\t\t\t\t<img decoding=\"async\" src=\"https:\/\/generositypath.org\/wp-content\/uploads\/2024\/08\/Lady-smiling.png\" title=\"\" alt=\"\" loading=\"lazy\" \/>\t\t\t\t\t\t\t\t\t\t\t\t\t\t\t<\/div>\n\t\t\t\t<\/div>\n\t\t<div class=\"elementor-element elementor-element-1f190d4 e-con-full e-flex e-con e-child\" data-id=\"1f190d4\" data-element_type=\"container\" data-e-type=\"container\">\n\t\t\t\t<div class=\"elementor-element elementor-element-98eab30 elementor-widget elementor-widget-heading\" data-id=\"98eab30\" data-element_type=\"widget\" data-e-type=\"widget\" data-widget_type=\"heading.default\">\n\t\t\t\t\t<h2 class=\"elementor-heading-title elementor-size-default\">Uspo\u0159\u00e1dejte JOG<\/h2>\t\t\t\t<\/div>\n\t\t\t\t<div class=\"elementor-element elementor-element-4f74f9f elementor-widget elementor-widget-heading\" data-id=\"4f74f9f\" data-element_type=\"widget\" data-e-type=\"widget\" data-widget_type=\"heading.default\">\n\t\t\t\t\t<h3 class=\"elementor-heading-title elementor-size-default\">Cesta \u0161t\u011bdrosti (JOG) je jednoduch\u00e1, bezplatn\u00e1 a \u017eivot m\u011bn\u00edc\u00ed zku\u0161enost. <\/h3>\t\t\t\t<\/div>\n\t\t\t\t<div class=\"elementor-element elementor-element-0887004 elementor-widget elementor-widget-text-editor\" data-id=\"0887004\" data-element_type=\"widget\" data-e-type=\"widget\" data-widget_type=\"text-editor.default\">\n\t\t\t\t\t\t\t\t\t<p>Cesta \u0161t\u011bdrosti (JOG) je jednoduch\u00fd a interaktivn\u00ed z\u00e1\u017eitek, kter\u00fd vytv\u00e1\u0159\u00ed prostor pro rozhovory o v\u00ed\u0159e, \u017eivot\u011b a pen\u011bz\u00edch.<\/p><p>Tento bezplatn\u00fd program je dostupn\u00fd v n\u011bkolika form\u00e1tech a byl navr\u017een tak, aby ho snadno mohl uspo\u0159\u00e1dat \u00fapln\u011b ka\u017ed\u00fd. Modl\u00edme se, aby v\u00e1s skute\u010dn\u00e9 p\u0159\u00edb\u011bhy \u0161t\u011bdr\u00fdch d\u00e1rc\u016f z cel\u00e9ho sv\u011bta a hlub\u0161\u00ed porozum\u011bn\u00ed tomu, co \u0159\u00edk\u00e1 o d\u00e1v\u00e1n\u00ed Bible, inspirovaly a pomohly v\u00e1m objevit novou svobodu skrze Bo\u017e\u00ed dar \u0161t\u011bdrosti. <\/p>\t\t\t\t\t\t\t\t<\/div>\n\t\t\t\t<div class=\"elementor-element elementor-element-814236f elementor-widget elementor-widget-button\" data-id=\"814236f\" data-element_type=\"widget\" data-e-type=\"widget\" data-widget_type=\"button.default\">\n\t\t\t\t\t\t\t\t\t\t<a class=\"elementor-button elementor-button-link elementor-size-sm\" href=\"https:\/\/generositypath.org\/cs\/usporadejte-jog\/\">\n\t\t\t\t\t\t<span class=\"elementor-button-content-wrapper\">\n\t\t\t\t\t\t\t\t\t<span class=\"elementor-button-text\">Uspo\u0159\u00e1dejte JOG<\/span>\n\t\t\t\t\t<\/span>\n\t\t\t\t\t<\/a>\n\t\t\t\t\t\t\t\t<\/div>\n\t\t\t\t<\/div>\n\t\t\t\t\t<\/div>\n\t\t\t\t<\/div>\n\t\t<div class=\"elementor-element elementor-element-e1544ae e-flex e-con-boxed e-con e-parent\" data-id=\"e1544ae\" data-element_type=\"container\" data-e-type=\"container\">\n\t\t\t\t\t<div class=\"e-con-inner\">\n\t\t<div class=\"elementor-element elementor-element-382f6b8 e-con-full e-flex e-con e-child\" data-id=\"382f6b8\" data-element_type=\"container\" data-e-type=\"container\">\n\t\t\t\t<div class=\"elementor-element elementor-element-9b321f7 elementor-widget elementor-widget-heading\" data-id=\"9b321f7\" data-element_type=\"widget\" data-e-type=\"widget\" data-widget_type=\"heading.default\">\n\t\t\t\t\t<h2 class=\"elementor-heading-title elementor-size-default\">Sta\u0148te se na\u0161\u00edm partnerem<\/h2>\t\t\t\t<\/div>\n\t\t\t\t<div class=\"elementor-element elementor-element-f9fb88b elementor-widget elementor-widget-heading\" data-id=\"f9fb88b\" data-element_type=\"widget\" data-e-type=\"widget\" data-widget_type=\"heading.default\">\n\t\t\t\t\t<h3 class=\"elementor-heading-title elementor-size-default\">V\u011b\u0159\u00edme, \u017ee \u0161t\u011bdrost, jako je ta Je\u017e\u00ed\u0161ova, m\u00e1 moc m\u011bnit sv\u011bt.<\/h3>\t\t\t\t<\/div>\n\t\t\t\t<div class=\"elementor-element elementor-element-93a4fde elementor-widget elementor-widget-text-editor\" data-id=\"93a4fde\" data-element_type=\"widget\" data-e-type=\"widget\" data-widget_type=\"text-editor.default\">\n\t\t\t\t\t\t\t\t\t<p>Takto v\u00fdznamn\u00e1 mise vy\u017eaduje, aby ka\u017ed\u00fd sehr\u00e1l svou roli. Pokud v\u00e1s zku\u0161enost s Cestou \u0161t\u011bdrosti a jej\u00ed dopad na \u017eivot inspirovaly, m\u016f\u017eete se k n\u00e1m p\u0159ipojit a pod\u00edlet se na tomto programu n\u011bkolika zp\u016fsoby. <\/p>\t\t\t\t\t\t\t\t<\/div>\n\t\t\t\t<div class=\"elementor-element elementor-element-65310b5 elementor-widget elementor-widget-button\" data-id=\"65310b5\" data-element_type=\"widget\" data-e-type=\"widget\" data-widget_type=\"button.default\">\n\t\t\t\t\t\t\t\t\t\t<a class=\"elementor-button elementor-button-link elementor-size-sm\" href=\"https:\/\/generositypath.org\/cs\/stante-se-nasim-partnerem\/\">\n\t\t\t\t\t\t<span class=\"elementor-button-content-wrapper\">\n\t\t\t\t\t\t\t\t\t<span class=\"elementor-button-text\">Sta\u0148te se na\u0161\u00edm partnerem<\/span>\n\t\t\t\t\t<\/span>\n\t\t\t\t\t<\/a>\n\t\t\t\t\t\t\t\t<\/div>\n\t\t\t\t<\/div>\n\t\t<div class=\"elementor-element elementor-element-9675887 e-con-full e-flex e-con e-child\" data-id=\"9675887\" data-element_type=\"container\" data-e-type=\"container\">\n\t\t\t\t<div class=\"elementor-element elementor-element-1db8053 elementor-widget elementor-widget-image\" data-id=\"1db8053\" data-element_type=\"widget\" data-e-type=\"widget\" data-widget_type=\"image.default\">\n\t\t\t\t\t\t\t\t\t\t\t\t\t\t\t<img decoding=\"async\" src=\"https:\/\/generositypath.org\/wp-content\/uploads\/2024\/08\/Man-Hosting-JOG.png\" title=\"\" alt=\"\" loading=\"lazy\" \/>\t\t\t\t\t\t\t\t\t\t\t\t\t\t\t<\/div>\n\t\t\t\t<\/div>\n\t\t\t\t\t<\/div>\n\t\t\t\t<\/div>\n\t\t<div class=\"elementor-element elementor-element-6aade3d e-flex e-con-boxed e-con e-parent\" data-id=\"6aade3d\" data-element_type=\"container\" data-e-type=\"container\" data-settings=\"{&quot;background_background&quot;:&quot;classic&quot;}\">\n\t\t\t\t\t<div class=\"e-con-inner\">\n\t\t<div class=\"elementor-element elementor-element-61c98ec e-con-full e-flex e-con e-child\" data-id=\"61c98ec\" data-element_type=\"container\" data-e-type=\"container\">\n\t\t\t\t<div class=\"elementor-element elementor-element-1c1acaf elementor-widget elementor-widget-heading\" data-id=\"1c1acaf\" data-element_type=\"widget\" data-e-type=\"widget\" data-widget_type=\"heading.default\">\n\t\t\t\t\t<h2 class=\"elementor-heading-title elementor-size-default\">\u0158ekli o n\u00e1s<\/h2>\t\t\t\t<\/div>\n\t\t\t\t<div class=\"elementor-element elementor-element-b405a99 elementor-widget elementor-widget-heading\" data-id=\"b405a99\" data-element_type=\"widget\" data-e-type=\"widget\" data-widget_type=\"heading.default\">\n\t\t\t\t\t<h2 class=\"elementor-heading-title elementor-size-default\">Poslechn\u011bte si p\u0159\u00edb\u011bhy lid\u00ed, kter\u00fdm se zm\u011bnil \u017eivot<\/h2>\t\t\t\t<\/div>\n\t\t\t\t<div class=\"elementor-element elementor-element-76a3f5b elementor-widget elementor-widget-text-editor\" data-id=\"76a3f5b\" data-element_type=\"widget\" data-e-type=\"widget\" data-widget_type=\"text-editor.default\">\n\t\t\t\t\t\t\t\t\tV pr\u016fb\u011bhu toho, jak toho hnut\u00ed radik\u00e1ln\u00ed \u0161t\u011bdrosti roste, v\u00e1m p\u0159in\u00e1\u0161\u00edme inspirativn\u00ed p\u0159\u00edb\u011bhy c\u00edrkv\u00ed, organizac\u00ed a jednotlivc\u016f, kte\u0159\u00ed za\u017eili s\u00edlu Cesty \u0161t\u011bdrosti.\t\t\t\t\t\t\t\t<\/div>\n\t\t\t\t<\/div>\n\t\t<div class=\"elementor-element elementor-element-fed8d31 e-grid e-con-full e-con e-child\" data-id=\"fed8d31\" data-element_type=\"container\" data-e-type=\"container\">\n\t\t\t\t<div class=\"elementor-element elementor-element-d539eeb elementor-widget elementor-widget-html\" data-id=\"d539eeb\" data-element_type=\"widget\" data-e-type=\"widget\" data-widget_type=\"html.default\">\n\t\t\t\t\t<div style=\"position:relative;height:0;padding-bottom:177.94253938832253%\"><iframe class=\"sproutvideo-player\" src=\"https:\/\/videos.sproutvideo.com\/embed\/7991d1b31614eaccf0\/17a32b41a21e93cd?playerTheme=dark&amp;playerColor=2f3437\" style=\"position:absolute;width:100%;height:100%;left:0;top:0\" frameborder=\"0\" allowfullscreen=\"\" referrerpolicy=\"no-referrer-when-downgrade\" title=\"Video Player\"><\/iframe><\/div>\t\t\t\t<\/div>\n\t\t\t\t<div class=\"elementor-element elementor-element-50b2741 elementor-widget elementor-widget-html\" data-id=\"50b2741\" data-element_type=\"widget\" data-e-type=\"widget\" data-widget_type=\"html.default\">\n\t\t\t\t\t<div style=\"position:relative;height:0;padding-bottom:177.94253938832253%\"><iframe class=\"sproutvideo-player\" src=\"https:\/\/videos.sproutvideo.com\/embed\/ac91d1b31614eacd25\/42dc6791e4f878a9?playerTheme=dark&amp;playerColor=2f3437\" style=\"position:absolute;width:100%;height:100%;left:0;top:0\" frameborder=\"0\" allowfullscreen=\"\" referrerpolicy=\"no-referrer-when-downgrade\" title=\"Video Player\"><\/iframe><\/div>\t\t\t\t<\/div>\n\t\t\t\t<div class=\"elementor-element elementor-element-8c33b7b elementor-widget elementor-widget-html\" data-id=\"8c33b7b\" data-element_type=\"widget\" data-e-type=\"widget\" data-widget_type=\"html.default\">\n\t\t\t\t\t<div style=\"position:relative;height:0;padding-bottom:177.94253938832253%\"><iframe class=\"sproutvideo-player\" src=\"https:\/\/videos.sproutvideo.com\/embed\/d391d1b31614e5c15a\/af1241fa3d922eb7?playerTheme=dark&amp;playerColor=2f3437\" style=\"position:absolute;width:100%;height:100%;left:0;top:0\" frameborder=\"0\" allowfullscreen=\"\" referrerpolicy=\"no-referrer-when-downgrade\" title=\"Video Player\"><\/iframe><\/div>\t\t\t\t<\/div>\n\t\t\t\t<\/div>\n\t\t\t\t<div class=\"elementor-element elementor-element-f9e64a7 elementor-align-center elementor-widget elementor-widget-button\" data-id=\"f9e64a7\" data-element_type=\"widget\" data-e-type=\"widget\" data-widget_type=\"button.default\">\n\t\t\t\t\t\t\t\t\t\t<a class=\"elementor-button elementor-button-link elementor-size-sm\" href=\"https:\/\/generositypath.org\/host-a-jog#Stories\">\n\t\t\t\t\t\t<span class=\"elementor-button-content-wrapper\">\n\t\t\t\t\t\t\t\t\t<span class=\"elementor-button-text\">Pod\u00edvejte se na dal\u0161\u00ed sv\u011bdectv\u00ed <\/span>\n\t\t\t\t\t<\/span>\n\t\t\t\t\t<\/a>\n\t\t\t\t\t\t\t\t<\/div>\n\t\t\t\t\t<\/div>\n\t\t\t\t<\/div>\n\t\t\t\t<\/div>\n\t\t","protected":false},"excerpt":{"rendered":"<p>Chceme umo\u017enit lidem jako jste vy \u017e\u00edt je\u0161t\u011b \u0161t\u011bd\u0159eji a svobodn\u011bji, ne\u017e jste si kdy dok\u00e1zali p\u0159edstavit.<\/p>\n","protected":false},"author":2,"featured_media":4150,"parent":0,"menu_order":0,"comment_status":"closed","ping_status":"closed","template":"elementor_header_footer","meta":{"content-type":"","footnotes":""},"class_list":["post-4139","page","type-page","status-publish","has-post-thumbnail","hentry"],"_links":{"self":[{"href":"https:\/\/generositypath.org\/cs\/wp-json\/wp\/v2\/pages\/4139","targetHints":{"allow":["GET"]}}],"collection":[{"href":"https:\/\/generositypath.org\/cs\/wp-json\/wp\/v2\/pages"}],"about":[{"href":"https:\/\/generositypath.org\/cs\/wp-json\/wp\/v2\/types\/page"}],"author":[{"embeddable":true,"href":"https:\/\/generositypath.org\/cs\/wp-json\/wp\/v2\/users\/2"}],"replies":[{"embeddable":true,"href":"https:\/\/generositypath.org\/cs\/wp-json\/wp\/v2\/comments?post=4139"}],"version-history":[{"count":8,"href":"https:\/\/generositypath.org\/cs\/wp-json\/wp\/v2\/pages\/4139\/revisions"}],"predecessor-version":[{"id":13169,"href":"https:\/\/generositypath.org\/cs\/wp-json\/wp\/v2\/pages\/4139\/revisions\/13169"}],"wp:featuredmedia":[{"embeddable":true,"href":"https:\/\/generositypath.org\/cs\/wp-json\/wp\/v2\/media\/4150"}],"wp:attachment":[{"href":"https:\/\/generositypath.org\/cs\/wp-json\/wp\/v2\/media?parent=4139"}],"curies":[{"name":"wp","href":"https:\/\/api.w.org\/{rel}","templated":true}]}}