{"id":4124,"date":"2024-10-03T08:26:50","date_gmt":"2024-10-03T08:26:50","guid":{"rendered":"https:\/\/generositypath.org\/datenschutz\/"},"modified":"2025-05-28T09:52:12","modified_gmt":"2025-05-28T09:52:12","slug":"datenschutz","status":"publish","type":"page","link":"https:\/\/generositypath.org\/de\/datenschutz\/","title":{"rendered":"Datenschutz"},"content":{"rendered":"\t\t<div data-elementor-type=\"wp-page\" data-elementor-id=\"4124\" class=\"elementor elementor-4124 elementor-1768\" data-elementor-post-type=\"page\">\n\t\t\t\t<div class=\"elementor-element elementor-element-dea5376 e-flex e-con-boxed e-con e-parent\" data-id=\"dea5376\" data-element_type=\"container\" data-e-type=\"container\">\n\t\t\t\t\t<div class=\"e-con-inner\">\n\t\t<div class=\"elementor-element elementor-element-29d3e0f e-con-full e-flex e-con e-child\" data-id=\"29d3e0f\" data-element_type=\"container\" data-e-type=\"container\">\n\t\t\t\t<div class=\"elementor-element elementor-element-47fcc5b elementor-widget elementor-widget-heading\" data-id=\"47fcc5b\" data-element_type=\"widget\" data-e-type=\"widget\" data-widget_type=\"heading.default\">\n\t\t\t\t\t<h1 class=\"elementor-heading-title elementor-size-default\">Datenschutz\n<\/h1>\t\t\t\t<\/div>\n\t\t\t\t<\/div>\n\t\t\t\t\t<\/div>\n\t\t\t\t<\/div>\n\t\t<div class=\"elementor-element elementor-element-dd26685 e-flex e-con-boxed e-con e-parent\" data-id=\"dd26685\" data-element_type=\"container\" data-e-type=\"container\">\n\t\t\t\t\t<div class=\"e-con-inner\">\n\t\t\t\t<div class=\"elementor-element elementor-element-a0eb81a elementor-widget elementor-widget-text-editor\" data-id=\"a0eb81a\" data-element_type=\"widget\" data-e-type=\"widget\" data-widget_type=\"text-editor.default\">\n\t\t\t\t\t\t\t\t\t<h4>Zuletzt aktualisiert: April 06, 2023<\/h4><p>Diese Datenschutzrichtlinie beschreibt unsere Richtlinien und Verfahren f\u00fcr die Erfassung, Verwendung und Offenlegung Ihrer Daten, wenn Sie diesen Dienst nutzen, und informiert Sie \u00fcber Ihre Datenschutzrechte und dar\u00fcber, wie das Gesetz Sie sch\u00fctzt.<\/p><p>Wir verwenden Ihre pers\u00f6nlichen Daten, um die von Ihnen ben\u00f6tigten Informationen bereitzustellen und unseren Service zu verbessern. Durch die Nutzung des Dienstes vertrauen Sie uns Ihre Daten an, und wir arbeiten hart daran, diese Daten zu sch\u00fctzen und sie in \u00dcbereinstimmung mit den geltenden Gesetzen und dieser Datenschutzrichtlinie zu sammeln und zu verwenden. <\/p><p> <\/p><h3>Auslegung und Definitionen<\/h3><h4><strong>Wer wir sind<\/strong><\/h4><p>Generosity Path ist eine Global Non Profit Organisation des Maclellan Center for Global Christian Education mit Sitz in 820 Broad Street, Suite 300 Chattanooga, TN 37402, USA. Generosity Path beachtet die weltweiten Datenschutzgesetze, einschlie\u00dflich der EU-Verordnung 2016\/679 (GDPR), und verarbeitet personenbezogene Daten in \u00dcbereinstimmung mit diesen Gesetzen und den internen Richtlinien und Verfahren. <\/p><h4><strong>Auslegung<\/strong><\/h4><p>Die W\u00f6rter, deren Anfangsbuchstaben gro\u00df geschrieben sind, haben die unter den nachstehenden Bedingungen definierte Bedeutung. Die folgenden Definitionen haben dieselbe Bedeutung, unabh\u00e4ngig davon, ob sie im Singular oder im Plural stehen. <\/p><h4><strong>Definitionen<\/strong><\/h4><p>F\u00fcr die Zwecke dieser Datenschutzrichtlinie:<\/p><p><strong>Das Unternehmen<\/strong> (in dieser Vereinbarung entweder als &#8222;das Unternehmen&#8220;, &#8222;wir&#8220;, &#8222;uns&#8220; oder &#8222;unser&#8220; bezeichnet) bezieht sich auf das Maclellan Center for Global Christian Education, 820 Broad Street, Suite 300 Chattanooga, TN 37402, USA.<\/p><p><strong>Cookies<\/strong> sind kleine Informationseinheiten, die von einer Website auf Ihrem Computer, Ihrem Mobilger\u00e4t oder einem anderen Ger\u00e4t gespeichert werden und unter anderem Angaben zu Ihrem Surfverhalten auf dieser Website enthalten.<\/p><p><strong>Das Land<\/strong> bezieht sich auf: Tennessee, Vereinigte Staaten<\/p><p><strong>Ger\u00e4t<\/strong> ist jedes Ger\u00e4t, das auf den Dienst zugreifen kann, wie z. B. ein Computer, ein Mobiltelefon oder ein digitales Tablet.<\/p><p><strong>Personenbezogene Daten<\/strong> sind alle Informationen, die sich auf eine identifizierte oder identifizierbare Person beziehen.<\/p><p>Der <strong>Dienst<\/strong> bezieht sich auf die Website.<\/p><p><strong>Dienstanbieter ist jede nat\u00fcrliche oder juristische Person, die die Daten im Auftrag des Unternehmens verarbeitet. Er bezieht sich auf Drittunternehmen oder Einzelpersonen, die vom Unternehmen angestellt sind, um den Dienst zu erleichtern, den Dienst im Namen des Unternehmens bereitzustellen, Dienstleistungen im Zusammenhang mit dem Dienst zu erbringen oder das Unternehmen bei der Analyse der Nutzung des Dienstes zu unterst\u00fctzen.<\/strong> <\/p><p><strong>Sozialer Mediendienst eines Drittanbieters <\/strong>bezieht sich auf jede Website oder jede Website eines sozialen Netzwerks, \u00fcber die sich ein Nutzer anmelden oder ein Konto erstellen kann, um den Dienst zu nutzen.<\/p><p><strong>Nutzungsdaten<\/strong> beziehen sich auf automatisch erfasste Daten, die entweder durch die Nutzung des Dienstes oder durch die Infrastruktur des Dienstes selbst erzeugt werden (z. B. die Dauer eines Seitenbesuchs).<\/p><p><strong>Die Website<\/strong> verweist auf den Pfad der Gro\u00dfz\u00fcgigkeit, der \u00fcber <a href=\"https:\/\/www.generositypath.org\/?hsLang=en\">https:\/\/www.generositypath.org<\/a> zug\u00e4nglich ist.<\/p><p><strong>Sie<\/strong> sind die nat\u00fcrliche Person, die auf den Dienst zugreift oder ihn nutzt, oder das Unternehmen oder eine andere juristische Person, in deren Namen eine solche Person auf den Dienst zugreift oder ihn nutzt, je nach Fall.<\/p><p> <\/p><h3>Erfassung und Verwendung Ihrer pers\u00f6nlichen Daten<\/h3><h4><strong>Arten von gesammelten Daten  <\/strong><\/h4><h5> <\/h5><h5><strong>Pers\u00f6nliche Daten<\/strong><\/h5><p>W\u00e4hrend der Nutzung unseres Dienstes k\u00f6nnen wir Sie bitten, uns bestimmte personenbezogene Daten mitzuteilen, die dazu verwendet werden k\u00f6nnen, Sie zu kontaktieren oder zu identifizieren. Pers\u00f6nlich identifizierbare Informationen k\u00f6nnen unter anderem sein: <\/p><ul><li>E-Mail Adresse<\/li><li>Vorname und Nachname<\/li><li>Verwendungsdaten<\/li><\/ul><h5><strong>Verwendungsdaten<\/strong><\/h5><p>Nutzungsdaten werden bei der Nutzung des Dienstes automatisch erfasst.<\/p><p>Zu den Nutzungsdaten k\u00f6nnen Informationen wie die Internetprotokolladresse Ihres Ger\u00e4ts (z. B. IP-Adresse), der Browsertyp, die Browserversion, die von Ihnen besuchten Seiten unseres Dienstes, die Uhrzeit und das Datum Ihres Besuchs, die auf diesen Seiten verbrachte Zeit, eindeutige Ger\u00e4tekennungen und andere Diagnosedaten geh\u00f6ren.<\/p><p>Wenn Sie mit oder \u00fcber ein mobiles Ger\u00e4t auf den Dienst zugreifen, k\u00f6nnen wir bestimmte Informationen automatisch erfassen, einschlie\u00dflich, aber nicht beschr\u00e4nkt auf die Art des von Ihnen verwendeten mobilen Ger\u00e4ts, die eindeutige ID Ihres mobilen Ger\u00e4ts, die IP-Adresse Ihres mobilen Ger\u00e4ts, Ihr mobiles Betriebssystem, die Art des von Ihnen verwendeten mobilen Internetbrowsers, eindeutige Ger\u00e4tekennungen und andere Diagnosedaten.<\/p><p>Wir k\u00f6nnen auch Informationen erfassen, die Ihr Browser sendet, wenn Sie unseren Dienst besuchen oder wenn Sie \u00fcber ein mobiles Ger\u00e4t auf den Dienst zugreifen.<\/p><h5><strong>Informationen von Social Media-Diensten von Drittanbietern<\/strong><\/h5><p>Das Unternehmen kann auch \u00fcber die folgenden Social-Media-Dienste von Dritten kontaktiert werden:<\/p><ul><li>Google<\/li><li>Facebook<\/li><li>Instagram<\/li><li>LinkedIn<\/li><\/ul><p>In diesem Fall k\u00f6nnen wir personenbezogene Daten erfassen, die bereits mit dem Konto Ihres Social-Media-Dienstes eines Drittanbieters verbunden sind, wie z. B. Ihren Namen, Ihre E-Mail-Adresse, Ihre Aktivit\u00e4ten oder Ihre Kontaktliste, die mit diesem Konto verbunden ist.<\/p><p>M\u00f6glicherweise haben Sie auch die M\u00f6glichkeit, dem Unternehmen \u00fcber Ihr Konto bei einem Social-Media-Dienst eines Drittanbieters zus\u00e4tzliche Informationen mitzuteilen. Wenn Sie sich daf\u00fcr entscheiden, solche Informationen und pers\u00f6nlichen Daten zur Verf\u00fcgung zu stellen, erteilen Sie dem Unternehmen die Erlaubnis, diese in \u00dcbereinstimmung mit dieser Datenschutzrichtlinie zu verwenden, zu teilen und zu speichern. <\/p><h5><strong>Tracking-Technologien und Cookies  <\/strong><\/h5>\t\t\t\t\t\t\t\t<\/div>\n\t\t\t\t<div class=\"elementor-element elementor-element-f45c1bc elementor-widget elementor-widget-html\" data-id=\"f45c1bc\" data-element_type=\"widget\" data-e-type=\"widget\" data-widget_type=\"html.default\">\n\t\t\t\t\t<script id=\"CookieDeclaration\" src=\"https:\/\/consent.cookiebot.com\/819d6270-3ddd-42f0-99ba-21567c372218\/cd.js\" type=\"text\/javascript\" async><\/script>\t\t\t\t<\/div>\n\t\t\t\t<div class=\"elementor-element elementor-element-60300e8 elementor-widget elementor-widget-text-editor\" data-id=\"60300e8\" data-element_type=\"widget\" data-e-type=\"widget\" data-widget_type=\"text-editor.default\">\n\t\t\t\t\t\t\t\t\t<h4><strong style=\"color: var( --e-global-color-text ); text-align: var(--text-align);\">Verwendung Ihrer pers\u00f6nlichen Daten<\/strong><\/h4><div class=\"row-fluid-wrapper row-depth-1 row-number-4 dnd-row\"><div class=\"row-fluid \"><div class=\"span12 widget-span widget-type-custom_widget module_16571002207223-padding dnd-module\" data-widget-type=\"custom_widget\" data-x=\"0\" data-w=\"12\"><div id=\"hs_cos_wrapper_module_16571002207223\" class=\"hs_cos_wrapper hs_cos_wrapper_widget hs_cos_wrapper_type_module widget-type-rich_text\" data-hs-cos-general-type=\"widget\" data-hs-cos-type=\"module\"><p>Das Unternehmen kann personenbezogene Daten f\u00fcr die folgenden Zwecke verwenden:<\/p><p><strong>Zur Bereitstellung und Wartung unseres Dienstes<\/strong>, einschlie\u00dflich der \u00dcberwachung der Nutzung unseres Dienstes.<\/p><p><strong>Um Sie zu kontaktieren<\/strong>: Um Sie per E-Mail, Telefonanrufe oder andere gleichwertige Formen der elektronischen Kommunikation zu kontaktieren, wie z. B. Push-Benachrichtigungen einer mobilen Anwendung in Bezug auf Aktualisierungen oder informative Mitteilungen im Zusammenhang mit den Funktionen, einschlie\u00dflich der Sicherheitsaktualisierungen, wenn dies f\u00fcr ihre Durchf\u00fchrung notwendig oder sinnvoll ist.<\/p><p><strong>Um Ihnen<\/strong> Nachrichten und allgemeine Informationen \u00fcber unsere T\u00e4tigkeit <strong>zukommen zu lassen<\/strong>, sofern Sie sich f\u00fcr den Erhalt solcher Informationen entschieden haben.<\/p><p><strong>Um Ihre Anfragen zu verwalten:<\/strong> Zur Bearbeitung und Verwaltung Ihrer Anfragen an uns.<\/p><p><strong>F\u00fcr andere Zwecke<\/strong>: Wir k\u00f6nnen Ihre Informationen f\u00fcr andere Zwecke verwenden, wie z. B. zur Datenanalyse, zur Ermittlung von Nutzungstrends, zur Bestimmung der Effektivit\u00e4t unserer Kommunikation und zur Bewertung und Verbesserung unseres Dienstes, des Marketings und Ihrer Erfahrungen.<\/p><p>Wir k\u00f6nnen Ihre personenbezogenen Daten in den folgenden Situationen weitergeben:<\/p><ul><li><strong>Mit Dienstanbietern:<\/strong> Wir k\u00f6nnen Ihre pers\u00f6nlichen Daten mit Dienstanbietern teilen, um die Nutzung unseres Dienstes zu \u00fcberwachen und zu analysieren und um Sie zu kontaktieren.<\/li><li><strong>Mit Partnerunternehmen<\/strong>: Wir k\u00f6nnen Ihre Daten an unsere verbundenen Unternehmen weitergeben; in diesem Fall verpflichten wir diese verbundenen Unternehmen, diese Datenschutzrichtlinie einzuhalten. Zu den verbundenen Unternehmen geh\u00f6ren unsere Muttergesellschaft und alle anderen Tochtergesellschaften, Joint-Venture-Partner oder andere Unternehmen, die wir kontrollieren oder die unter gemeinsamer Kontrolle mit uns stehen. <\/li><li><strong>Mit anderen Nutzern<\/strong>: Wenn Sie pers\u00f6nliche Informationen teilen oder anderweitig in den \u00f6ffentlichen Bereichen mit anderen Nutzern interagieren, k\u00f6nnen diese Informationen von allen Nutzern eingesehen und \u00f6ffentlich nach au\u00dfen verbreitet werden. Wenn Sie mit anderen Nutzern interagieren oder sich \u00fcber einen Social-Media-Dienst eines Dritten registrieren, k\u00f6nnen Ihre Kontakte auf dem Social-Media-Dienst eines Dritten Ihren Namen, Ihr Profil, Ihre Bilder und die Beschreibung Ihrer Aktivit\u00e4ten sehen. In \u00e4hnlicher Weise k\u00f6nnen andere Nutzer Beschreibungen Ihrer Aktivit\u00e4ten einsehen, mit Ihnen kommunizieren und Ihr Profil einsehen.  <\/li><li><strong>Mit Ihrem Einverst\u00e4ndnis<\/strong>: Mit Ihrem Einverst\u00e4ndnis k\u00f6nnen wir Ihre pers\u00f6nlichen Daten f\u00fcr jeden anderen Zweck offenlegen.<\/li><\/ul><h3> <\/h3><h4><strong>Aufbewahrung Ihrer pers\u00f6nlichen Daten<\/strong><\/h4><p>Das Unternehmen wird Ihre pers\u00f6nlichen Daten nur so lange aufbewahren, wie es f\u00fcr die in dieser Datenschutzrichtlinie genannten Zwecke erforderlich ist. Wir werden Ihre personenbezogenen Daten in dem Umfang aufbewahren und verwenden, der erforderlich ist, um unseren rechtlichen Verpflichtungen nachzukommen (z. B. wenn wir Ihre Daten aufbewahren m\u00fcssen, um geltende Gesetze einzuhalten), Streitigkeiten beizulegen und unsere rechtlichen Vereinbarungen und Richtlinien durchzusetzen. <\/p><p>Das Unternehmen speichert die Nutzungsdaten auch f\u00fcr interne Analysezwecke. Nutzungsdaten werden im Allgemeinen f\u00fcr einen k\u00fcrzeren Zeitraum aufbewahrt, es sei denn, diese Daten werden verwendet, um die Sicherheit oder die Funktionalit\u00e4t unseres Dienstes zu verbessern, oder wir sind gesetzlich verpflichtet, diese Daten f\u00fcr l\u00e4ngere Zeitr\u00e4ume aufzubewahren. <\/p><p>In der Regel bewahren wir die Informationen, die wir sammeln, wenn Sie den Dienst nutzen, f\u00fcr 12 Monate ab Ihrer letzten Interaktion mit uns auf.<\/p><p> <\/p><h4><strong>\u00dcbermittlung Ihrer pers\u00f6nlichen Daten<\/strong><\/h4><p>Ihre Informationen, einschlie\u00dflich personenbezogener Daten, werden in den Betriebsb\u00fcros des Unternehmens und an anderen Orten verarbeitet, an denen sich die an der Verarbeitung beteiligten Parteien befinden. Das bedeutet, dass diese Informationen an Computer au\u00dferhalb Ihres Staates, Ihrer Provinz, Ihres Landes oder einer anderen staatlichen Gerichtsbarkeit, in der andere Datenschutzgesetze als in Ihrer Gerichtsbarkeit gelten, \u00fcbertragen und dort gespeichert werden k\u00f6nnen. <\/p><p>Mit Ihrer Zustimmung zu dieser Datenschutzrichtlinie und der anschlie\u00dfenden \u00dcbermittlung solcher Informationen erkl\u00e4ren Sie sich mit dieser \u00dcbertragung einverstanden.<\/p><p>Das Unternehmen unternimmt alle angemessenen Schritte, um sicherzustellen, dass Ihre Daten sicher und in \u00dcbereinstimmung mit dieser Datenschutzrichtlinie und den geltenden Datenschutzgesetzen behandelt werden, und es findet keine \u00dcbermittlung Ihrer pers\u00f6nlichen Daten an eine Organisation oder ein Land statt, es sei denn, es sind angemessene Kontrollen vorhanden, die die Sicherheit Ihrer Daten und anderer pers\u00f6nlicher Informationen einschlie\u00dfen.<\/p><p> <\/p><h4><strong>Offenlegung Ihrer pers\u00f6nlichen Daten<\/strong><\/h4><h5><strong>Strafverfolgung<\/strong><\/h5><p>Unter bestimmten Umst\u00e4nden kann das Unternehmen verpflichtet sein, Ihre pers\u00f6nlichen Daten offen zu legen, wenn dies gesetzlich vorgeschrieben ist oder als Reaktion auf berechtigte Anfragen von Beh\u00f6rden (z. B. einem Gericht oder einer Regierungsbeh\u00f6rde).<\/p><h5><strong>Sonstige rechtliche Anforderungen<\/strong><\/h5><p>Das Unternehmen kann Ihre pers\u00f6nlichen Daten in gutem Glauben offenlegen, dass eine solche Ma\u00dfnahme notwendig ist, um:<\/p><ul><li>einer gesetzlichen Verpflichtung nachkommen<\/li><li>Schutz und Verteidigung der Rechte und des Eigentums des Unternehmens<\/li><li>Verhinderung oder Untersuchung von m\u00f6glichem Fehlverhalten im Zusammenhang mit dem Dienst<\/li><li>die pers\u00f6nliche Sicherheit der Nutzer des Dienstes oder der \u00d6ffentlichkeit zu sch\u00fctzen<\/li><li>Schutz vor rechtlicher Haftung<\/li><\/ul><h4><strong>Sicherheit Ihrer pers\u00f6nlichen Daten<\/strong><\/h4><p>Die Sicherheit Ihrer pers\u00f6nlichen Daten ist uns wichtig, aber denken Sie daran, dass keine Methode der \u00dcbertragung \u00fcber das Internet oder der elektronischen Speicherung 100% sicher ist. Wir bem\u00fchen uns, Ihre pers\u00f6nlichen Daten mit kommerziell akzeptablen Mitteln zu sch\u00fctzen, k\u00f6nnen aber keine absolute Sicherheit garantieren. <\/p><p> <\/p><h3>Ihre Rechte als betroffene Person<\/h3><ol><li><strong>Recht auf Information<\/strong> (GDPR Artikel 12 bis 14): Die betroffenen Personen haben das Recht, \u00fcber die Erhebung und Verwendung ihrer personenbezogenen Daten informiert zu werden.<\/li><li><strong>Recht auf Auskunft<\/strong> (Artikel 15 DSGVO): Betroffene Personen haben das Recht, ihre personenbezogenen Daten einzusehen und Kopien davon anzufordern.<\/li><li><strong>Recht auf Berichtigung<\/strong> (GDPR Artikel 16): Betroffene Personen haben das Recht, die Aktualisierung oder Berichtigung unrichtiger oder veralteter personenbezogener Daten zu verlangen.<\/li><li><strong>Recht auf Vergessenwerden\/Recht auf L\u00f6schung<\/strong> (Artikel 17 DSGVO): Betroffene Personen haben unter bestimmten Umst\u00e4nden das Recht, die L\u00f6schung ihrer personenbezogenen Daten zu verlangen. Beachten Sie, dass dies kein absolutes Recht ist und Ausnahmen auf der Grundlage bestimmter Gesetze, des \u00f6ffentlichen Interesses, von Rechtsanspr\u00fcchen, Forschung oder Statistiken gelten k\u00f6nnen. <\/li><li><strong>Recht auf Daten\u00fcbertragbarkeit<\/strong> (Artikel 20 DSGVO): Wenn es m\u00f6glich ist, haben die betroffenen Personen das Recht zu verlangen, dass ihre digitalen Daten an einen anderen f\u00fcr die Verarbeitung Verantwortlichen \u00fcbermittelt oder ihnen zur Verf\u00fcgung gestellt werden. Die Daten m\u00fcssen in einem maschinenlesbaren elektronischen Format bereitgestellt werden. <\/li><li><strong>Recht auf Einschr\u00e4nkung der Verarbeitung<\/strong> (Artikel 18): Die betroffenen Personen haben das Recht, die Einschr\u00e4nkung oder L\u00f6schung ihrer personenbezogenen Daten zu verlangen.<\/li><li><strong>Recht auf Widerruf der Einwilligung<\/strong> (GDPR Artikel 7): Betroffene Personen haben das Recht, eine zuvor erteilte Einwilligung zur Verarbeitung ihrer personenbezogenen Daten zu widerrufen.<\/li><li><strong>Recht auf Widerspruch<\/strong> (GDPR Artikel 21): Die betroffenen Personen haben das Recht, gegen die Verarbeitung ihrer personenbezogenen Daten Widerspruch einzulegen.<\/li><li><strong>Recht auf Widerspruch gegen die automatisierte Verarbeitung<\/strong> (Artikel 22 DSGVO): Betroffene Personen haben das Recht, Widerspruch gegen Entscheidungen einzulegen, die mit ihren Daten ausschlie\u00dflich auf der Grundlage automatisierter Entscheidungsfindung oder Profiling getroffen werden.<\/li><\/ol><h2> <\/h2><h3>Datenschutz f\u00fcr Kinder<\/h3><p>Unser Service richtet sich nicht an Personen unter 16 Jahren. Wir sammeln nicht wissentlich personenbezogene Daten von Personen unter 16 Jahren. Wenn Sie ein Elternteil oder Erziehungsberechtigter sind und wissen, dass Ihr Kind uns pers\u00f6nliche Daten zur Verf\u00fcgung gestellt hat, kontaktieren Sie uns bitte. Wenn wir erfahren, dass wir personenbezogene Daten von Personen unter 16 Jahren ohne \u00dcberpr\u00fcfung der elterlichen Zustimmung erfasst haben, ergreifen wir unverz\u00fcglich Ma\u00dfnahmen, um diese Informationen aus unserer Datenbank zu entfernen.   <\/p><p>Wenn wir uns auf die Zustimmung als Rechtsgrundlage f\u00fcr die Verarbeitung Ihrer Daten st\u00fctzen m\u00fcssen und Ihr Land die Zustimmung eines Elternteils erfordert, k\u00f6nnen wir die Zustimmung Ihres Elternteils verlangen, bevor wir diese Daten sammeln und verwenden.<\/p><h2> <\/h2><h3>Links zu anderen Websites<\/h3><p>Unser Service kann Links zu anderen Websites enthalten, die nicht von uns betrieben werden. Wenn Sie auf einen Link einer dritten Partei klicken, werden Sie auf die Seite dieser dritten Partei weitergeleitet. Wir empfehlen Ihnen dringend, die Datenschutzrichtlinien jeder Website, die Sie besuchen, zu lesen.  <\/p><p>Wir haben keine Kontrolle \u00fcber und \u00fcbernehmen keine Verantwortung f\u00fcr den Inhalt, die Datenschutzrichtlinien oder Praktiken von Websites oder Diensten Dritter.<\/p><h2> <\/h2><h3>\u00c4nderungen an dieser Datenschutzrichtlinie<\/h3><p>Wir k\u00f6nnen unsere Datenschutzrichtlinie von Zeit zu Zeit aktualisieren. Wir werden Sie \u00fcber alle \u00c4nderungen informieren, indem wir die neue Datenschutzrichtlinie auf dieser Seite ver\u00f6ffentlichen. <\/p><p>Wir empfehlen Ihnen, diese Datenschutzrichtlinie regelm\u00e4\u00dfig auf \u00c4nderungen zu \u00fcberpr\u00fcfen. \u00c4nderungen an dieser Datenschutzrichtlinie werden wirksam, wenn sie auf dieser Seite ver\u00f6ffentlicht werden. <\/p><h2> <\/h2><h3>Kontakt<\/h3><p>Wenn Sie Fragen zu dieser Datenschutzrichtlinie haben, k\u00f6nnen Sie uns kontaktieren:<\/p><p>Per E-Mail: <a href=\"mailto:info@generositypath.org\" rel=\"noopener\">info@generositypath.org<\/a><\/p><p>Besuchen Sie diese Seite auf unserer Website: <a href=\"https:\/\/www.generositypath.org\/contact?hsLang=en\">https:\/\/www.generositypath.org\/contact<\/a><\/p><p>Der f\u00fcr die Datenverarbeitung Verantwortliche ist: Generosity Path, 820 Broad St Ste 300, Chattanooga, TN 37402-2604.<\/p><p>Sie haben das Recht, beim Information Commissioner&#8217;s Office (der Aufsichtsbeh\u00f6rde f\u00fcr den Datenschutz) unter der Telefonnummer 0303 123 1113 eine Beschwerde einzureichen.<\/p><\/div><\/div><\/div><\/div>\t\t\t\t\t\t\t\t<\/div>\n\t\t\t\t\t<\/div>\n\t\t\t\t<\/div>\n\t\t\t\t<\/div>\n\t\t","protected":false},"excerpt":{"rendered":"<p>St\u00e4rkung der Wirkung durch eine transformative Partnerschaft mit Generosity Path.<\/p>\n","protected":false},"author":1,"featured_media":3851,"parent":0,"menu_order":0,"comment_status":"closed","ping_status":"closed","template":"elementor_header_footer","meta":{"content-type":"","footnotes":""},"class_list":["post-4124","page","type-page","status-publish","has-post-thumbnail","hentry"],"_links":{"self":[{"href":"https:\/\/generositypath.org\/de\/wp-json\/wp\/v2\/pages\/4124","targetHints":{"allow":["GET"]}}],"collection":[{"href":"https:\/\/generositypath.org\/de\/wp-json\/wp\/v2\/pages"}],"about":[{"href":"https:\/\/generositypath.org\/de\/wp-json\/wp\/v2\/types\/page"}],"author":[{"embeddable":true,"href":"https:\/\/generositypath.org\/de\/wp-json\/wp\/v2\/users\/1"}],"replies":[{"embeddable":true,"href":"https:\/\/generositypath.org\/de\/wp-json\/wp\/v2\/comments?post=4124"}],"version-history":[{"count":1,"href":"https:\/\/generositypath.org\/de\/wp-json\/wp\/v2\/pages\/4124\/revisions"}],"predecessor-version":[{"id":4125,"href":"https:\/\/generositypath.org\/de\/wp-json\/wp\/v2\/pages\/4124\/revisions\/4125"}],"wp:featuredmedia":[{"embeddable":true,"href":"https:\/\/generositypath.org\/de\/wp-json\/wp\/v2\/media\/3851"}],"wp:attachment":[{"href":"https:\/\/generositypath.org\/de\/wp-json\/wp\/v2\/media?parent=4124"}],"curies":[{"name":"wp","href":"https:\/\/api.w.org\/{rel}","templated":true}]}}