{"id":3385,"date":"2024-10-03T08:26:50","date_gmt":"2024-10-03T08:26:50","guid":{"rendered":"https:\/\/generositypath.org\/politica-de-privacidad\/"},"modified":"2025-05-28T09:55:50","modified_gmt":"2025-05-28T09:55:50","slug":"politica-de-privacidad","status":"publish","type":"page","link":"https:\/\/generositypath.org\/es\/politica-de-privacidad\/","title":{"rendered":"Pol\u00edtica de privacidad"},"content":{"rendered":"\t\t<div data-elementor-type=\"wp-page\" data-elementor-id=\"3385\" class=\"elementor elementor-3385 elementor-1768\" data-elementor-post-type=\"page\">\n\t\t\t\t<div class=\"elementor-element elementor-element-dea5376 e-flex e-con-boxed e-con e-parent\" data-id=\"dea5376\" data-element_type=\"container\" data-e-type=\"container\">\n\t\t\t\t\t<div class=\"e-con-inner\">\n\t\t<div class=\"elementor-element elementor-element-29d3e0f e-con-full e-flex e-con e-child\" data-id=\"29d3e0f\" data-element_type=\"container\" data-e-type=\"container\">\n\t\t\t\t<div class=\"elementor-element elementor-element-47fcc5b elementor-widget elementor-widget-heading\" data-id=\"47fcc5b\" data-element_type=\"widget\" data-e-type=\"widget\" data-widget_type=\"heading.default\">\n\t\t\t\t\t<h1 class=\"elementor-heading-title elementor-size-default\">Pol\u00edtica de privacidad\n<\/h1>\t\t\t\t<\/div>\n\t\t\t\t<\/div>\n\t\t\t\t\t<\/div>\n\t\t\t\t<\/div>\n\t\t<div class=\"elementor-element elementor-element-dd26685 e-flex e-con-boxed e-con e-parent\" data-id=\"dd26685\" data-element_type=\"container\" data-e-type=\"container\">\n\t\t\t\t\t<div class=\"e-con-inner\">\n\t\t\t\t<div class=\"elementor-element elementor-element-a0eb81a elementor-widget elementor-widget-text-editor\" data-id=\"a0eb81a\" data-element_type=\"widget\" data-e-type=\"widget\" data-widget_type=\"text-editor.default\">\n\t\t\t\t\t\t\t\t\t<h4>\u00daltima actualizaci\u00f3n: 06 de abril de 2023<\/h4><p>Esta Pol\u00edtica de Privacidad describe Nuestras pol\u00edticas y procedimientos sobre la recogida, uso y divulgaci\u00f3n de Tu informaci\u00f3n cuando utilizas este Servicio y te informa sobre Tus derechos de privacidad y c\u00f3mo te protege la ley.<\/p><p>Utilizamos Tus Datos Personales para proporcionarte la informaci\u00f3n que necesitas y mejorar nuestro Servicio. Al utilizar el Servicio, nos est\u00e1s confiando Tus datos y nos esforzamos por proteger esta informaci\u00f3n, para recopilarla y utilizarla de acuerdo con las leyes aplicables y esta Pol\u00edtica de Privacidad. <\/p><p> <\/p><h3>Interpretaci\u00f3n y definiciones<\/h3><h4><strong>Qui\u00e9nes somos<\/strong><\/h4><p>Generosity Path es una organizaci\u00f3n global sin \u00e1nimo de lucro de The Maclellan Center for Global Christian Education con domicilio social en 820 Broad Street, Suite 300 Chattanooga, TN 37402, EE.UU. Generosity Path tiene en cuenta las leyes de privacidad de datos de todo el mundo, incluido el Reglamento de la UE 2016\/679 (GDPR) y procesa los datos personales de acuerdo con ellas y con las pol\u00edticas y procedimientos internos. <\/p><h4><strong>Interpretaci\u00f3n<\/strong><\/h4><p>Las palabras cuya letra inicial aparece en may\u00fascula tienen significados definidos en las siguientes condiciones. Las siguientes definiciones tendr\u00e1n el mismo significado independientemente de que aparezcan en singular o en plural. <\/p><h4><strong>Definiciones<\/strong><\/h4><p>A efectos de la presente Pol\u00edtica de Privacidad:<\/p><p><strong>Empresa<\/strong> (denominada \u00abla Empresa\u00bb, \u00abNosotros\u00bb, \u00abNos\u00bb o \u00abNuestro\u00bb en el presente Acuerdo) se refiere al Centro Maclellan para la Educaci\u00f3n Cristiana Global, 820 Broad Street, Suite 300 Chattanooga, TN 37402, EE.UU..<\/p><p><strong>Las cookies<\/strong> son peque\u00f1as piezas de informaci\u00f3n que un sitio web coloca en tu ordenador, dispositivo m\u00f3vil o cualquier otro dispositivo, y que contienen, entre otros muchos usos, los detalles de tu historial de navegaci\u00f3n en ese sitio web.<\/p><p><strong>El pa\u00eds<\/strong> se refiere a: Tennessee, Estados Unidos<\/p><p><strong>Dispositivo<\/strong> significa cualquier dispositivo que pueda acceder al Servicio, como un ordenador, un tel\u00e9fono m\u00f3vil o una tableta digital.<\/p><p>Los <strong>Datos Personales<\/strong> son cualquier informaci\u00f3n relativa a una persona f\u00edsica identificada o identificable.<\/p><p><strong>Servicio<\/strong> se refiere al Sitio Web.<\/p><p><strong>Proveedor de Servicios<\/strong> se refiere a cualquier persona f\u00edsica o jur\u00eddica que procese los datos en nombre de la Empresa. Se refiere a terceras empresas o personas contratadas por la Empresa para facilitar el Servicio, prestar el Servicio en nombre de la Empresa, realizar servicios relacionados con el Servicio o ayudar a la Empresa a analizar c\u00f3mo se utiliza el Servicio. <\/p><p><strong>Servicio de redes sociales de terceros<\/strong> se refiere a cualquier sitio web o cualquier sitio web de redes sociales a trav\u00e9s del cual un Usuario puede iniciar sesi\u00f3n o crear una cuenta para utilizar el Servicio.<\/p><p>Los <strong>Datos de Uso<\/strong> se refieren a los datos recogidos autom\u00e1ticamente, ya sean generados por el uso del Servicio o por la propia infraestructura del Servicio (por ejemplo, la duraci\u00f3n de la visita a una p\u00e1gina).<\/p><p><strong>El sitio web<\/strong> hace referencia a la Senda de la Generosidad, accesible desde <a href=\"https:\/\/www.generositypath.org\/?hsLang=en\">https:\/\/www.generositypath.org<\/a><\/p><p><strong>T\u00fa<\/strong> significa el individuo que accede o utiliza el Servicio, o la empresa, u otra entidad legal en nombre de la cual dicho individuo accede o utiliza el Servicio, seg\u00fan corresponda.<\/p><p> <\/p><h3>Recogida y uso de tus datos personales<\/h3><h4><strong>Tipos de datos recogidos  <\/strong><\/h4><h5> <\/h5><h5><strong>Datos personales<\/strong><\/h5><p>Al utilizar Nuestro Servicio, podemos pedirte que nos proporciones cierta informaci\u00f3n de identificaci\u00f3n personal que puede utilizarse para contactar contigo o identificarte. La informaci\u00f3n de identificaci\u00f3n personal puede incluir, pero no se limita a: <\/p><ul><li>Direcci\u00f3n de correo electr\u00f3nico<\/li><li>Nombre y apellidos<\/li><li>Datos de uso<\/li><\/ul><h5><strong>Datos de uso<\/strong><\/h5><p>Los Datos de Uso se recogen autom\u00e1ticamente al utilizar el Servicio.<\/p><p>Los Datos de Uso pueden incluir informaci\u00f3n como la direcci\u00f3n del Protocolo de Internet de Tu Dispositivo (por ejemplo, la direcci\u00f3n IP), el tipo de navegador, la versi\u00f3n del navegador, las p\u00e1ginas de nuestro Servicio que visitas, la hora y la fecha de Tu visita, el tiempo que pasas en esas p\u00e1ginas, identificadores \u00fanicos de dispositivo y otros datos de diagn\u00f3stico.<\/p><p>Cuando accedes al Servicio por o a trav\u00e9s de un dispositivo m\u00f3vil, podemos recopilar cierta informaci\u00f3n autom\u00e1ticamente, incluyendo, entre otros, el tipo de dispositivo m\u00f3vil que utilizas, el identificador \u00fanico de tu dispositivo m\u00f3vil, la direcci\u00f3n IP de tu dispositivo m\u00f3vil, tu sistema operativo m\u00f3vil, el tipo de navegador de Internet m\u00f3vil que utilizas, identificadores \u00fanicos de dispositivo y otros datos de diagn\u00f3stico.<\/p><p>Tambi\u00e9n podemos recopilar informaci\u00f3n que env\u00ede Tu navegador cada vez que visites nuestro Servicio o cuando accedas al Servicio por o a trav\u00e9s de un dispositivo m\u00f3vil.<\/p><h5><strong>Informaci\u00f3n de Servicios de Medios Sociales de Terceros<\/strong><\/h5><p>Tambi\u00e9n se puede contactar con la Empresa a trav\u00e9s de los siguientes Servicios de Medios Sociales de Terceros:<\/p><ul><li>Google<\/li><li>Facebook<\/li><li>Instagram<\/li><li>LinkedIn<\/li><\/ul><p>En este caso, podemos recopilar datos personales que ya est\u00e9n asociados a tu cuenta del Servicio de Medios Sociales de Terceros, como tu nombre, tu direcci\u00f3n de correo electr\u00f3nico, tus actividades o tu lista de contactos asociados a esa cuenta.<\/p><p>Tambi\u00e9n puedes tener la opci\u00f3n de compartir informaci\u00f3n adicional con la Empresa a trav\u00e9s de la cuenta de tu Servicio de Medios Sociales de Terceros. Si decides proporcionar dicha informaci\u00f3n y Datos Personales, est\u00e1s dando permiso a la Empresa para utilizarlos, compartirlos y almacenarlos de forma coherente con esta Pol\u00edtica de Privacidad. <\/p><h5><strong>Tecnolog\u00edas de seguimiento y cookies  <\/strong><\/h5>\t\t\t\t\t\t\t\t<\/div>\n\t\t\t\t<div class=\"elementor-element elementor-element-f45c1bc elementor-widget elementor-widget-html\" data-id=\"f45c1bc\" data-element_type=\"widget\" data-e-type=\"widget\" data-widget_type=\"html.default\">\n\t\t\t\t\t<script id=\"CookieDeclaration\" src=\"https:\/\/consent.cookiebot.com\/819d6270-3ddd-42f0-99ba-21567c372218\/cd.js\" type=\"text\/javascript\" async><\/script>\t\t\t\t<\/div>\n\t\t\t\t<div class=\"elementor-element elementor-element-60300e8 elementor-widget elementor-widget-text-editor\" data-id=\"60300e8\" data-element_type=\"widget\" data-e-type=\"widget\" data-widget_type=\"text-editor.default\">\n\t\t\t\t\t\t\t\t\t<h4><strong style=\"color: var( --e-global-color-text ); text-align: var(--text-align);\">Uso de tus datos personales<\/strong><\/h4><div class=\"row-fluid-wrapper row-depth-1 row-number-4 dnd-row\"><div class=\"row-fluid \"><div class=\"span12 widget-span widget-type-custom_widget module_16571002207223-padding dnd-module\" data-widget-type=\"custom_widget\" data-x=\"0\" data-w=\"12\"><div id=\"hs_cos_wrapper_module_16571002207223\" class=\"hs_cos_wrapper hs_cos_wrapper_widget hs_cos_wrapper_type_module widget-type-rich_text\" data-hs-cos-general-type=\"widget\" data-hs-cos-type=\"module\"><p>La Empresa puede utilizar los Datos Personales para los siguientes fines:<\/p><p><strong>Para proporcionar y mantener nuestro<\/strong> Servicio, incluido el control del uso de nuestro Servicio.<\/p><p><strong>Para ponerse en contacto contigo:<\/strong> Para ponerse en contacto contigo por correo electr\u00f3nico, llamadas telef\u00f3nicas u otras formas equivalentes de comunicaci\u00f3n electr\u00f3nica, como las notificaciones push de una aplicaci\u00f3n m\u00f3vil sobre actualizaciones o comunicaciones informativas relacionadas con las funcionalidades, incluidas las actualizaciones de seguridad, cuando sea necesario o razonable para su implementaci\u00f3n.<\/p><p><strong>Proporcionarte<\/strong> noticias e informaci\u00f3n general sobre nuestra actividad siempre que hayas optado por recibir dicha informaci\u00f3n.<\/p><p><strong>Gestionar Tus solicitudes:<\/strong> Para atender y gestionar Tus solicitudes a Nosotros.<\/p><p><strong>Para otros fines<\/strong>: Podemos utilizar Tu informaci\u00f3n para otros fines, como el an\u00e1lisis de datos, la identificaci\u00f3n de tendencias de uso, la determinaci\u00f3n de la eficacia de nuestras comunicaciones y para evaluar y mejorar nuestro Servicio, el marketing y tu experiencia.<\/p><p>Podemos compartir Tu informaci\u00f3n personal en las siguientes situaciones:<\/p><ul><li><strong>Con Proveedores de Servicios:<\/strong> Podemos compartir Tu informaci\u00f3n personal con Proveedores de Servicios para controlar y analizar el uso de nuestro Servicio, para ponernos en contacto contigo.<\/li><li><strong>Con afiliados:<\/strong> Podemos compartir Tu informaci\u00f3n con Nuestras filiales, en cuyo caso exigiremos a dichas filiales que respeten esta Pol\u00edtica de Privacidad. Las filiales incluyen Nuestra empresa matriz y cualesquiera otras filiales, socios de empresas conjuntas u otras empresas que Nosotros controlemos o que est\u00e9n bajo control com\u00fan con Nosotros. <\/li><li><strong>Con otros usuarios:<\/strong> cuando compartes informaci\u00f3n personal o interact\u00faas de otro modo en las \u00e1reas p\u00fablicas con otros usuarios, dicha informaci\u00f3n puede ser vista por todos los usuarios y puede distribuirse p\u00fablicamente fuera. Si interact\u00faas con otros usuarios o te registras a trav\u00e9s de un Servicio de Medios Sociales de Terceros, Tus contactos en el Servicio de Medios Sociales de Terceros podr\u00e1n ver Tu nombre, perfil, fotos y descripci\u00f3n de Tu actividad. Del mismo modo, otros usuarios podr\u00e1n ver descripciones de Tu actividad, comunicarse contigo y ver Tu perfil.  <\/li><li><strong>Con Tu consentimiento<\/strong>: Podemos revelar Tus datos personales para cualquier otro fin con Tu consentimiento.<\/li><\/ul><h3> <\/h3><h4><strong>Conservaci\u00f3n de tus datos personales<\/strong><\/h4><p>La Empresa conservar\u00e1 Tus Datos Personales s\u00f3lo durante el tiempo que sea necesario para los fines establecidos en esta Pol\u00edtica de Privacidad. Conservaremos y utilizaremos Tus Datos Personales en la medida necesaria para cumplir con nuestras obligaciones legales (por ejemplo, si estamos obligados a conservar tus datos para cumplir con las leyes aplicables), resolver disputas y hacer cumplir nuestros acuerdos legales y pol\u00edticas. <\/p><p>La Empresa tambi\u00e9n conservar\u00e1 los Datos de Uso con fines de an\u00e1lisis interno. Por lo general, los Datos de Uso se conservan durante un per\u00edodo de tiempo m\u00e1s corto, excepto cuando estos datos se utilizan para reforzar la seguridad o mejorar la funcionalidad de Nuestro Servicio, o estamos legalmente obligados a conservar estos datos durante per\u00edodos de tiempo m\u00e1s largos. <\/p><p>Como norma general, conservaremos la informaci\u00f3n que recopilemos cuando utilices el Servicio durante 12 meses a partir de Tu \u00faltima interacci\u00f3n con nosotros.<\/p><p> <\/p><h4><strong>Transferencia de tus datos personales<\/strong><\/h4><p>Tu informaci\u00f3n, incluidos los Datos Personales, se procesa en las oficinas operativas de la Empresa y en cualquier otro lugar donde se encuentren las partes implicadas en el procesamiento. Esto significa que esta informaci\u00f3n puede ser transferida a -y mantenida en- ordenadores situados fuera de Tu estado, provincia, pa\u00eds u otra jurisdicci\u00f3n gubernamental donde las leyes de protecci\u00f3n de datos puedan diferir de las de Tu jurisdicci\u00f3n. <\/p><p>Tu consentimiento a esta Pol\u00edtica de Privacidad seguido de Tu env\u00edo de dicha informaci\u00f3n representa Tu acuerdo a dicha transferencia.<\/p><p>La Empresa tomar\u00e1 todas las medidas razonablemente necesarias para garantizar que Tus datos se tratan de forma segura y de acuerdo con esta Pol\u00edtica de Privacidad y las leyes de privacidad aplicables, y no se realizar\u00e1 ninguna transferencia de Tus Datos Personales a una organizaci\u00f3n o pa\u00eds a menos que existan controles adecuados que incluyan la seguridad de Tus datos y otra informaci\u00f3n personal.<\/p><p> <\/p><h4><strong>Divulgaci\u00f3n de tus datos personales<\/strong><\/h4><h5><strong>Aplicaci\u00f3n de la ley<\/strong><\/h5><p>En determinadas circunstancias, la Empresa puede verse obligada a revelar Tus Datos Personales si as\u00ed se lo exige la ley o en respuesta a solicitudes v\u00e1lidas de autoridades p\u00fablicas (por ejemplo, un tribunal o una agencia gubernamental).<\/p><h5><strong>Otros requisitos legales<\/strong><\/h5><p>La Empresa puede revelar Tus Datos Personales en la creencia de buena fe de que dicha acci\u00f3n es necesaria para:<\/p><ul><li>Cumplir una obligaci\u00f3n legal<\/li><li>Proteger y defender los derechos o la propiedad de la Empresa<\/li><li>Prevenir o investigar posibles irregularidades en relaci\u00f3n con el Servicio<\/li><li>Proteger la seguridad personal de los Usuarios del Servicio o del p\u00fablico<\/li><li>Protege contra la responsabilidad legal<\/li><\/ul><h4><strong>Seguridad de tus datos personales<\/strong><\/h4><p>La seguridad de Tus Datos Personales es importante para Nosotros, pero recuerda que ning\u00fan m\u00e9todo de transmisi\u00f3n por Internet, o m\u00e9todo de almacenamiento electr\u00f3nico es 100% seguro. Aunque nos esforzamos por utilizar medios comercialmente aceptables para proteger Tus Datos Personales, no podemos garantizar su seguridad absoluta. <\/p><p> <\/p><h3>Tus derechos como interesado<\/h3><ol><li><strong>Derecho a ser informado<\/strong> (Art\u00edculos 12 a 14 del RGPD): Los interesados tienen derecho a ser informados sobre la recogida y el uso de sus datos personales.<\/li><li><strong>Derecho de acceso<\/strong> (art\u00edculo 15 del RGPD): Los interesados tienen derecho a ver y solicitar copias de sus datos personales.<\/li><li><strong>Derecho de rectificaci\u00f3n<\/strong> (art\u00edculo 16 del RGPD): Los interesados tienen derecho a solicitar que se actualicen o rectifiquen los datos personales inexactos o no actualizados.<\/li><li><strong>Derecho al olvido\/Derecho de supresi\u00f3n<\/strong> (art\u00edculo 17 del RGPD): Los interesados, en determinadas circunstancias, tienen derecho a solicitar la supresi\u00f3n de sus datos personales. Ten en cuenta que no se trata de un derecho absoluto y que puede estar sujeto a excepciones basadas en determinadas leyes, inter\u00e9s p\u00fablico, reclamaciones legales, investigaci\u00f3n o estad\u00edsticas. <\/li><li><strong>Derecho a la portabilidad de los datos<\/strong> (art\u00edculo 20 del RGPD): Cuando sea posible, los interesados tienen derecho a solicitar que sus datos digitales se transfieran a otro responsable del tratamiento o se les faciliten. Los datos deben facilitarse en un formato electr\u00f3nico legible por m\u00e1quina. <\/li><li><strong>Derecho a restringir el tratamiento<\/strong> (Art\u00edculo 18): Los interesados tienen derecho a solicitar la limitaci\u00f3n o supresi\u00f3n de sus datos personales.<\/li><li><strong>Derecho a retirar el consentimiento<\/strong> (art\u00edculo 7 del RGPD): Los interesados tienen derecho a retirar el consentimiento previamente otorgado para el tratamiento de sus datos personales.<\/li><li><strong>Derecho de oposici\u00f3n<\/strong> (art\u00edculo 21 del RGPD): Los interesados tienen derecho a oponerse al tratamiento de sus datos personales.<\/li><li><strong>Derecho a oponerse al tratamiento automatizado<\/strong> (art\u00edculo 22 del RGPD): Los interesados tienen derecho a oponerse a que se tomen decisiones con sus datos basadas \u00fanicamente en la toma de decisiones automatizadas o la elaboraci\u00f3n de perfiles.<\/li><\/ol><h2> <\/h2><h3>Privacidad infantil<\/h3><p>Nuestro Servicio no se dirige a menores de 16 a\u00f1os. No recopilamos conscientemente informaci\u00f3n personal identificable de ninguna persona menor de 16 a\u00f1os. Si eres padre o tutor y tienes conocimiento de que tu hijo nos ha proporcionado Datos Personales, ponte en contacto con Nosotros. Si tenemos conocimiento de que hemos recopilado Datos Personales de cualquier persona menor de 16 a\u00f1os sin verificar el consentimiento paterno, tomaremos medidas inmediatas para eliminar esa informaci\u00f3n de Nuestra base de datos.   <\/p><p>Si necesitamos basarnos en el consentimiento como base legal para procesar tu informaci\u00f3n y tu pa\u00eds requiere el consentimiento de uno de tus padres, podemos requerir el consentimiento de tus padres antes de recopilar y utilizar esa informaci\u00f3n.<\/p><h2> <\/h2><h3>Enlaces a otros sitios web<\/h3><p>Nuestro Servicio puede contener enlaces a otros sitios web que no son operados por Nosotros. Si haces clic en un enlace de terceros, ser\u00e1s dirigido al sitio de ese tercero. Te recomendamos encarecidamente que revises la Pol\u00edtica de Privacidad de cada sitio que visites.  <\/p><p>No tenemos ning\u00fan control ni asumimos ninguna responsabilidad por el contenido, las pol\u00edticas de privacidad o las pr\u00e1cticas de los sitios o servicios de terceros.<\/p><h2> <\/h2><h3>Cambios en esta Pol\u00edtica de Privacidad<\/h3><p>Podemos actualizar Nuestra Pol\u00edtica de Privacidad de vez en cuando. Te notificaremos cualquier cambio publicando la nueva Pol\u00edtica de Privacidad en esta p\u00e1gina. <\/p><p>Te aconsejamos que revises peri\u00f3dicamente esta Pol\u00edtica de Privacidad para comprobar si se ha producido alg\u00fan cambio. Los cambios en esta Pol\u00edtica de Privacidad entrar\u00e1n en vigor cuando se publiquen en esta p\u00e1gina. <\/p><h2> <\/h2><h3>Contacta con nosotros<\/h3><p>Si tienes alguna pregunta sobre esta Pol\u00edtica de Privacidad, puedes ponerte en contacto con nosotros:<\/p><p>Por correo electr\u00f3nico: <a href=\"mailto:info@generositypath.org\" rel=\"noopener\">info@generositypath.org<\/a><\/p><p>Visitando esta p\u00e1gina de nuestro sitio web: <a href=\"https:\/\/www.generositypath.org\/contact?hsLang=en\">https:\/\/www.generositypath.org\/contact<\/a><\/p><p>El Responsable del Tratamiento es Generosity Path, 820 Broad St Ste 300, Chattanooga, TN 37402-2604.<\/p><p>Tienes derecho a presentar una reclamaci\u00f3n ante la Oficina del Comisario de Informaci\u00f3n (la Autoridad de Control para la Protecci\u00f3n de Datos) en el tel\u00e9fono 0303 123 1113.<\/p><\/div><\/div><\/div><\/div>\t\t\t\t\t\t\t\t<\/div>\n\t\t\t\t\t<\/div>\n\t\t\t\t<\/div>\n\t\t\t\t<\/div>\n\t\t","protected":false},"excerpt":{"rendered":"<p>Potenciar el impacto mediante una asociaci\u00f3n transformadora con Generosity Path.<\/p>\n","protected":false},"author":1,"featured_media":3335,"parent":0,"menu_order":0,"comment_status":"closed","ping_status":"closed","template":"elementor_header_footer","meta":{"content-type":"","footnotes":""},"class_list":["post-3385","page","type-page","status-publish","has-post-thumbnail","hentry"],"_links":{"self":[{"href":"https:\/\/generositypath.org\/es\/wp-json\/wp\/v2\/pages\/3385","targetHints":{"allow":["GET"]}}],"collection":[{"href":"https:\/\/generositypath.org\/es\/wp-json\/wp\/v2\/pages"}],"about":[{"href":"https:\/\/generositypath.org\/es\/wp-json\/wp\/v2\/types\/page"}],"author":[{"embeddable":true,"href":"https:\/\/generositypath.org\/es\/wp-json\/wp\/v2\/users\/1"}],"replies":[{"embeddable":true,"href":"https:\/\/generositypath.org\/es\/wp-json\/wp\/v2\/comments?post=3385"}],"version-history":[{"count":1,"href":"https:\/\/generositypath.org\/es\/wp-json\/wp\/v2\/pages\/3385\/revisions"}],"predecessor-version":[{"id":5047,"href":"https:\/\/generositypath.org\/es\/wp-json\/wp\/v2\/pages\/3385\/revisions\/5047"}],"wp:featuredmedia":[{"embeddable":true,"href":"https:\/\/generositypath.org\/es\/wp-json\/wp\/v2\/media\/3335"}],"wp:attachment":[{"href":"https:\/\/generositypath.org\/es\/wp-json\/wp\/v2\/media?parent=3385"}],"curies":[{"name":"wp","href":"https:\/\/api.w.org\/{rel}","templated":true}]}}