{"id":3496,"date":"2025-02-18T11:32:02","date_gmt":"2025-02-18T11:32:02","guid":{"rendered":"https:\/\/generositypath.org\/no-suscrito\/"},"modified":"2025-04-14T07:26:44","modified_gmt":"2025-04-14T07:26:44","slug":"no-suscrito","status":"publish","type":"page","link":"https:\/\/generositypath.org\/es\/no-suscrito\/","title":{"rendered":"No suscrito"},"content":{"rendered":"\t\t<div data-elementor-type=\"wp-page\" data-elementor-id=\"3496\" class=\"elementor elementor-3496 elementor-2955\" data-elementor-post-type=\"page\">\n\t\t\t\t<div class=\"elementor-element elementor-element-dea5376 e-flex e-con-boxed e-con e-parent\" data-id=\"dea5376\" data-element_type=\"container\" data-e-type=\"container\" data-settings=\"{&quot;background_background&quot;:&quot;slideshow&quot;,&quot;background_slideshow_gallery&quot;:[{&quot;id&quot;:2943,&quot;url&quot;:&quot;https:\\\/\\\/generositypath.org\\\/wp-content\\\/uploads\\\/2025\\\/02\\\/Ethiopia-laughing-group.jpg&quot;},{&quot;id&quot;:2944,&quot;url&quot;:&quot;https:\\\/\\\/generositypath.org\\\/wp-content\\\/uploads\\\/2025\\\/02\\\/India-Handful-of-Rice-shoot.jpg&quot;},{&quot;id&quot;:1987,&quot;url&quot;:&quot;https:\\\/\\\/generositypath.org\\\/wp-content\\\/uploads\\\/2024\\\/10\\\/priscilla-du-preez-nF8xhLMmg0c-unsplash-scaled.webp&quot;}],&quot;background_slideshow_ken_burns&quot;:&quot;yes&quot;,&quot;background_slideshow_loop&quot;:&quot;yes&quot;,&quot;background_slideshow_slide_duration&quot;:5000,&quot;background_slideshow_slide_transition&quot;:&quot;fade&quot;,&quot;background_slideshow_transition_duration&quot;:500,&quot;background_slideshow_ken_burns_zoom_direction&quot;:&quot;in&quot;,&quot;background_motion_fx_devices&quot;:[&quot;desktop&quot;,&quot;tablet&quot;,&quot;mobile&quot;]}\">\n\t\t\t\t\t<div class=\"e-con-inner\">\n\t\t<div class=\"elementor-element elementor-element-29d3e0f e-con-full e-flex e-con e-child\" data-id=\"29d3e0f\" data-element_type=\"container\" data-e-type=\"container\">\n\t\t<div class=\"elementor-element elementor-element-674ba83 e-con-full e-flex e-con e-child\" data-id=\"674ba83\" data-element_type=\"container\" data-e-type=\"container\">\n\t\t<div class=\"elementor-element elementor-element-22fe44c e-con-full e-flex e-con e-child\" data-id=\"22fe44c\" data-element_type=\"container\" data-e-type=\"container\">\n\t\t\t\t<div class=\"elementor-element elementor-element-47fcc5b elementor-widget elementor-widget-heading\" data-id=\"47fcc5b\" data-element_type=\"widget\" data-e-type=\"widget\" data-widget_type=\"heading.default\">\n\t\t\t\t\t<h1 class=\"elementor-heading-title elementor-size-default\">Aqu\u00ed siempre ser\u00e1s bienvenido<\/h1>\t\t\t\t<\/div>\n\t\t\t\t<div class=\"elementor-element elementor-element-700028c elementor-widget elementor-widget-heading\" data-id=\"700028c\" data-element_type=\"widget\" data-e-type=\"widget\" data-widget_type=\"heading.default\">\n\t\t\t\t\t<h2 class=\"elementor-heading-title elementor-size-default\"><p data-start=\"179\" data-end=\"268\">Te hemos eliminado de nuestra lista de correo electr\u00f3nico y no recibir\u00e1s m\u00e1s mensajes nuestros.<\/p><p data-start=\"270\" data-end=\"383\">La generosidad es un viaje que dura toda la vida, y si alguna vez quieres volver a inspirarte, nos encantar\u00eda recibirte de nuevo.<span style=\"color: var( --e-global-color-accent );font-family: var( --e-global-typography-6b648b5-font-family ), Sans-serif;font-size: var( --e-global-typography-6b648b5-font-size );font-style: var( --e-global-typography-4fb6d6d-font-style );font-weight: var( --e-global-typography-6b648b5-font-weight );letter-spacing: var( --e-global-typography-4fb6d6d-letter-spacing );text-transform: var( --e-global-typography-4fb6d6d-text-transform );text-align: var(--text-align)\"><\/span><\/p><\/h2>\t\t\t\t<\/div>\n\t\t\t\t<\/div>\n\t\t\t\t<\/div>\n\t\t\t\t<\/div>\n\t\t\t\t\t<\/div>\n\t\t\t\t<\/div>\n\t\t<div class=\"elementor-element elementor-element-366961b e-flex e-con-boxed e-con e-parent\" data-id=\"366961b\" data-element_type=\"container\" data-e-type=\"container\">\n\t\t\t\t\t<div class=\"e-con-inner\">\n\t\t<div class=\"elementor-element elementor-element-e92f189 e-con-full e-flex e-con e-child\" data-id=\"e92f189\" data-element_type=\"container\" data-e-type=\"container\">\n\t\t\t\t<div class=\"elementor-element elementor-element-074877a elementor-widget elementor-widget-heading\" data-id=\"074877a\" data-element_type=\"widget\" data-e-type=\"widget\" data-widget_type=\"heading.default\">\n\t\t\t\t\t<h3 class=\"elementor-heading-title elementor-size-default\"><strong data-start=\"235\" data-end=\"285\">Nos encantar\u00eda saberlo: \u00bfpor qu\u00e9 te das de baja?<\/strong><\/h3>\t\t\t\t<\/div>\n\t\t\t\t<div class=\"elementor-element elementor-element-2742bd7 elementor-widget elementor-widget-text-editor\" data-id=\"2742bd7\" data-element_type=\"widget\" data-e-type=\"widget\" data-widget_type=\"text-editor.default\">\n\t\t\t\t\t\t\t\t\t<p data-start=\"437\" data-end=\"606\"><span data-start=\"286\" data-end=\"320\">Es totalmente opcional, s\u00f3lo te llevar\u00e1 un segundo y nos ayudar\u00e1 a atenderte mejor.  <\/span><\/p>\t\t\t\t\t\t\t\t<\/div>\n\t\t\t\t<div class=\"elementor-element elementor-element-4638ed8 elementor-button-align-stretch elementor-widget elementor-widget-form\" data-id=\"4638ed8\" data-element_type=\"widget\" data-e-type=\"widget\" data-settings=\"{&quot;step_next_label&quot;:&quot;Siguiente&quot;,&quot;step_previous_label&quot;:&quot;Anterior&quot;,&quot;button_width&quot;:&quot;100&quot;,&quot;step_type&quot;:&quot;number_text&quot;,&quot;step_icon_shape&quot;:&quot;circle&quot;}\" data-widget_type=\"form.default\">\n\t\t\t\t\t\t\t<form class=\"elementor-form\" method=\"post\" id=\"why_unsubscribe\" name=\"Por qu\u00e9 darse de baja\" aria-label=\"Por qu\u00e9 darse de baja\">\n\t\t\t<input type=\"hidden\" name=\"post_id\" value=\"3496\"\/>\n\t\t\t<input type=\"hidden\" name=\"form_id\" value=\"4638ed8\"\/>\n\t\t\t<input type=\"hidden\" name=\"referer_title\" value=\"No suscrito\" \/>\n\n\t\t\t\t\t\t\t<input type=\"hidden\" name=\"queried_id\" value=\"3496\"\/>\n\t\t\t\n\t\t\t<div class=\"elementor-form-fields-wrapper elementor-labels-above\">\n\t\t\t\t\t\t\t\t<div class=\"elementor-field-type-radio elementor-field-group elementor-column elementor-field-group-unsubscribe_reason elementor-col-100 elementor-field-required elementor-mark-required\">\n\t\t\t\t\t<div class=\"elementor-field-subgroup  \"><span class=\"elementor-field-option\"><input type=\"radio\" value=\"Recibo demasiados correos electr\u00f3nicos\" id=\"form-field-unsubscribe_reason-0\" name=\"form_fields[unsubscribe_reason]\" required=\"required\"> <label for=\"form-field-unsubscribe_reason-0\">Recibo demasiados correos electr\u00f3nicos<\/label><\/span><span class=\"elementor-field-option\"><input type=\"radio\" value=\"El contenido no es relevante para m\u00ed\" id=\"form-field-unsubscribe_reason-1\" name=\"form_fields[unsubscribe_reason]\" required=\"required\"> <label for=\"form-field-unsubscribe_reason-1\">El contenido no es relevante para m\u00ed<\/label><\/span><span class=\"elementor-field-option\"><input type=\"radio\" value=\"Prefiero seguir en las redes sociales\" id=\"form-field-unsubscribe_reason-2\" name=\"form_fields[unsubscribe_reason]\" required=\"required\"> <label for=\"form-field-unsubscribe_reason-2\">Prefiero seguir en las redes sociales<\/label><\/span><span class=\"elementor-field-option\"><input type=\"radio\" value=\"No recuerdo haberme registrado\" id=\"form-field-unsubscribe_reason-3\" name=\"form_fields[unsubscribe_reason]\" required=\"required\"> <label for=\"form-field-unsubscribe_reason-3\">No recuerdo haberme registrado<\/label><\/span><span class=\"elementor-field-option\"><input type=\"radio\" value=\"Estoy simplificando mi bandeja de entrada\" id=\"form-field-unsubscribe_reason-4\" name=\"form_fields[unsubscribe_reason]\" required=\"required\"> <label for=\"form-field-unsubscribe_reason-4\">Estoy simplificando mi bandeja de entrada<\/label><\/span><span class=\"elementor-field-option\"><input type=\"radio\" value=\"Otros\" id=\"form-field-unsubscribe_reason-5\" name=\"form_fields[unsubscribe_reason]\" required=\"required\"> <label for=\"form-field-unsubscribe_reason-5\">Otros<\/label><\/span><\/div>\t\t\t\t<\/div>\n\t\t\t\t\t\t\t\t<div class=\"elementor-field-group elementor-column elementor-field-type-submit elementor-col-100 e-form__buttons\">\n\t\t\t\t\t<button class=\"elementor-button elementor-size-sm\" type=\"submit\">\n\t\t\t\t\t\t<span class=\"elementor-button-content-wrapper\">\n\t\t\t\t\t\t\t\t\t\t\t\t\t\t\t\t\t\t\t\t\t\t<span class=\"elementor-button-text\">Env\u00eda<\/span>\n\t\t\t\t\t\t\t\t\t\t\t\t\t<\/span>\n\t\t\t\t\t<\/button>\n\t\t\t\t<\/div>\n\t\t\t<\/div>\n\t\t<\/form>\n\t\t\t\t\t\t<\/div>\n\t\t\t\t<\/div>\n\t\t<div class=\"elementor-element elementor-element-2ebe98d e-con-full e-flex e-con e-child\" data-id=\"2ebe98d\" data-element_type=\"container\" data-e-type=\"container\">\n\t\t\t\t<div class=\"elementor-element elementor-element-3bbaf9c elementor-widget elementor-widget-image\" data-id=\"3bbaf9c\" data-element_type=\"widget\" data-e-type=\"widget\" data-widget_type=\"image.default\">\n\t\t\t\t\t\t\t\t\t\t\t\t\t\t\t<img fetchpriority=\"high\" decoding=\"async\" width=\"800\" height=\"800\" src=\"https:\/\/generositypath.org\/wp-content\/uploads\/2025\/02\/Chile-JOG-Sept-2024-12-1024x1024.webp\" class=\"attachment-large size-large wp-image-3506\" alt=\"\" srcset=\"https:\/\/generositypath.org\/wp-content\/uploads\/2025\/02\/Chile-JOG-Sept-2024-12-1024x1024.webp 1024w, https:\/\/generositypath.org\/wp-content\/uploads\/2025\/02\/Chile-JOG-Sept-2024-12-300x300.jpg 300w, https:\/\/generositypath.org\/wp-content\/uploads\/2025\/02\/Chile-JOG-Sept-2024-12-150x150.jpg 150w, https:\/\/generositypath.org\/wp-content\/uploads\/2025\/02\/Chile-JOG-Sept-2024-12-768x768.jpg 768w, https:\/\/generositypath.org\/wp-content\/uploads\/2025\/02\/Chile-JOG-Sept-2024-12.webp 1200w\" sizes=\"(max-width: 800px) 100vw, 800px\" \/>\t\t\t\t\t\t\t\t\t\t\t\t\t\t\t<\/div>\n\t\t\t\t<\/div>\n\t\t\t\t\t<\/div>\n\t\t\t\t<\/div>\n\t\t<div class=\"elementor-element elementor-element-dd26685 e-flex e-con-boxed e-con e-parent\" data-id=\"dd26685\" data-element_type=\"container\" data-e-type=\"container\">\n\t\t\t\t\t<div class=\"e-con-inner\">\n\t\t<div class=\"elementor-element elementor-element-f575fa8 e-con-full e-flex e-con e-child\" data-id=\"f575fa8\" data-element_type=\"container\" data-e-type=\"container\">\n\t\t\t\t<div class=\"elementor-element elementor-element-1443945 elementor-widget elementor-widget-image\" data-id=\"1443945\" data-element_type=\"widget\" data-e-type=\"widget\" data-widget_type=\"image.default\">\n\t\t\t\t\t\t\t\t\t\t\t\t\t\t\t<img decoding=\"async\" width=\"800\" height=\"800\" src=\"https:\/\/generositypath.org\/wp-content\/uploads\/2025\/02\/Switzerland-JOG-group.webp\" class=\"attachment-large size-large wp-image-3503\" alt=\"\" srcset=\"https:\/\/generositypath.org\/wp-content\/uploads\/2025\/02\/Switzerland-JOG-group.webp 1014w, https:\/\/generositypath.org\/wp-content\/uploads\/2025\/02\/Switzerland-JOG-group-300x300.jpg 300w, https:\/\/generositypath.org\/wp-content\/uploads\/2025\/02\/Switzerland-JOG-group-150x150.jpg 150w, https:\/\/generositypath.org\/wp-content\/uploads\/2025\/02\/Switzerland-JOG-group-768x768.jpg 768w\" sizes=\"(max-width: 800px) 100vw, 800px\" \/>\t\t\t\t\t\t\t\t\t\t\t\t\t\t\t<\/div>\n\t\t\t\t<\/div>\n\t\t<div class=\"elementor-element elementor-element-1f190d4 e-con-full e-flex e-con e-child\" data-id=\"1f190d4\" data-element_type=\"container\" data-e-type=\"container\">\n\t\t\t\t<div class=\"elementor-element elementor-element-f9fb88b elementor-widget elementor-widget-heading\" data-id=\"f9fb88b\" data-element_type=\"widget\" data-e-type=\"widget\" data-widget_type=\"heading.default\">\n\t\t\t\t\t<h3 class=\"elementor-heading-title elementor-size-default\">\u00bfHas cambiado de opini\u00f3n?  <\/h3>\t\t\t\t<\/div>\n\t\t\t\t<div class=\"elementor-element elementor-element-f2caf4d elementor-widget elementor-widget-text-editor\" data-id=\"f2caf4d\" data-element_type=\"widget\" data-e-type=\"widget\" data-widget_type=\"text-editor.default\">\n\t\t\t\t\t\t\t\t\t<p data-start=\"643\" data-end=\"698\">Es f\u00e1cil volver a suscribirse cuando quieras.<\/p>\t\t\t\t\t\t\t\t<\/div>\n\t\t\t\t<div class=\"elementor-element elementor-element-1f2e91b elementor-button-align-stretch elementor-widget elementor-widget-form\" data-id=\"1f2e91b\" data-element_type=\"widget\" data-e-type=\"widget\" data-settings=\"{&quot;step_next_label&quot;:&quot;Siguiente&quot;,&quot;step_previous_label&quot;:&quot;Anterior&quot;,&quot;button_width&quot;:&quot;100&quot;,&quot;step_type&quot;:&quot;number_text&quot;,&quot;step_icon_shape&quot;:&quot;circle&quot;}\" data-widget_type=\"form.default\">\n\t\t\t\t\t\t\t<form class=\"elementor-form\" method=\"post\" id=\"newsletter_resubscribe\" name=\"Nuevo formulario\" aria-label=\"Nuevo formulario\">\n\t\t\t<input type=\"hidden\" name=\"post_id\" value=\"3496\"\/>\n\t\t\t<input type=\"hidden\" name=\"form_id\" value=\"1f2e91b\"\/>\n\t\t\t<input type=\"hidden\" name=\"referer_title\" value=\"No suscrito\" \/>\n\n\t\t\t\t\t\t\t<input type=\"hidden\" name=\"queried_id\" value=\"3496\"\/>\n\t\t\t\n\t\t\t<div class=\"elementor-form-fields-wrapper elementor-labels-above\">\n\t\t\t\t\t\t\t\t<div class=\"elementor-field-type-text elementor-field-group elementor-column elementor-field-group-name elementor-col-100\">\n\t\t\t\t\t\t\t\t\t\t\t\t<label for=\"form-field-name\" class=\"elementor-field-label\">\n\t\t\t\t\t\t\t\tNombre\t\t\t\t\t\t\t<\/label>\n\t\t\t\t\t\t\t\t\t\t\t\t\t\t<input size=\"1\" type=\"text\" name=\"form_fields[name]\" id=\"form-field-name\" class=\"elementor-field elementor-size-sm  elementor-field-textual\" placeholder=\"Nombre\">\n\t\t\t\t\t\t\t\t\t\t\t<\/div>\n\t\t\t\t\t\t\t\t<div class=\"elementor-field-type-text elementor-field-group elementor-column elementor-field-group-field_a9b0b94 elementor-col-100\">\n\t\t\t\t\t\t\t\t\t\t\t\t<label for=\"form-field-field_a9b0b94\" class=\"elementor-field-label\">\n\t\t\t\t\t\t\t\tApellidos\t\t\t\t\t\t\t<\/label>\n\t\t\t\t\t\t\t\t\t\t\t\t\t\t<input size=\"1\" type=\"text\" name=\"form_fields[field_a9b0b94]\" id=\"form-field-field_a9b0b94\" class=\"elementor-field elementor-size-sm  elementor-field-textual\" placeholder=\"Apellidos\">\n\t\t\t\t\t\t\t\t\t\t\t<\/div>\n\t\t\t\t\t\t\t\t<div class=\"elementor-field-type-email elementor-field-group elementor-column elementor-field-group-email elementor-col-100 elementor-field-required elementor-mark-required\">\n\t\t\t\t\t\t\t\t\t\t\t\t<label for=\"form-field-email\" class=\"elementor-field-label\">\n\t\t\t\t\t\t\t\tEnv\u00eda un correo electr\u00f3nico a\t\t\t\t\t\t\t<\/label>\n\t\t\t\t\t\t\t\t\t\t\t\t\t\t<input size=\"1\" type=\"email\" name=\"form_fields[email]\" id=\"form-field-email\" class=\"elementor-field elementor-size-sm  elementor-field-textual\" placeholder=\"Env\u00eda un correo electr\u00f3nico a\" required=\"required\">\n\t\t\t\t\t\t\t\t\t\t\t<\/div>\n\t\t\t\t\t\t\t\t<div class=\"elementor-field-type-acceptance elementor-field-group elementor-column elementor-field-group-field_abc6261 elementor-col-100 elementor-field-required elementor-mark-required\">\n\t\t\t\t\t\t\t\t\t\t\t\t<label for=\"form-field-field_abc6261\" class=\"elementor-field-label\">\n\t\t\t\t\t\t\t\tTus datos y privacidad\t\t\t\t\t\t\t<\/label>\n\t\t\t\t\t\t\t\t<div class=\"elementor-field-subgroup\">\n\t\t\t<span class=\"elementor-field-option\">\n\t\t\t\t<input type=\"checkbox\" name=\"form_fields[field_abc6261]\" id=\"form-field-field_abc6261\" class=\"elementor-field elementor-size-sm  elementor-acceptance-field\" required=\"required\">\n\t\t\t\t<label for=\"form-field-field_abc6261\">Acepto recibir correos electr\u00f3nicos de Generosity Path<\/label>\t\t\t<\/span>\n\t\t<\/div>\n\t\t\t\t\t\t<\/div>\n\t\t\t\t\t\t\t\t<div class=\"elementor-field-group elementor-column elementor-field-type-submit elementor-col-100 e-form__buttons\">\n\t\t\t\t\t<button class=\"elementor-button elementor-size-sm\" type=\"submit\">\n\t\t\t\t\t\t<span class=\"elementor-button-content-wrapper\">\n\t\t\t\t\t\t\t\t\t\t\t\t\t\t\t\t\t\t\t\t\t\t<span class=\"elementor-button-text\">Reinscr\u00edbete ahora<\/span>\n\t\t\t\t\t\t\t\t\t\t\t\t\t<\/span>\n\t\t\t\t\t<\/button>\n\t\t\t\t<\/div>\n\t\t\t<\/div>\n\t\t<\/form>\n\t\t\t\t\t\t<\/div>\n\t\t\t\t<\/div>\n\t\t\t\t\t<\/div>\n\t\t\t\t<\/div>\n\t\t<div class=\"elementor-element elementor-element-62e3ef2 e-flex e-con-boxed e-con e-parent\" data-id=\"62e3ef2\" data-element_type=\"container\" data-e-type=\"container\">\n\t\t\t\t\t<div class=\"e-con-inner\">\n\t\t<div class=\"elementor-element elementor-element-2f60adb e-con-full e-flex e-con e-child\" data-id=\"2f60adb\" data-element_type=\"container\" data-e-type=\"container\">\n\t\t\t\t<div class=\"elementor-element elementor-element-3e729ee elementor-widget elementor-widget-heading\" data-id=\"3e729ee\" data-element_type=\"widget\" data-e-type=\"widget\" data-widget_type=\"heading.default\">\n\t\t\t\t\t<h3 class=\"elementor-heading-title elementor-size-default\">\u00bfQuieres seguir conectado de otra forma?<\/h3>\t\t\t\t<\/div>\n\t\t\t\t<div class=\"elementor-element elementor-element-9c25151 elementor-widget elementor-widget-text-editor\" data-id=\"9c25151\" data-element_type=\"widget\" data-e-type=\"widget\" data-widget_type=\"text-editor.default\">\n\t\t\t\t\t\t\t\t\t<p data-start=\"437\" data-end=\"606\"><strong data-start=\"440\" data-end=\"461\">Explora nuestro sitio web<\/strong> \u2192 Encuentra historias y recursos en cualquier momento <br data-start=\"521\" data-end=\"524\"><strong data-start=\"527\" data-end=\"551\">S\u00edguenos en las redes sociales<\/strong> \u2192 \u00danete a la conversaci\u00f3n<\/p>\t\t\t\t\t\t\t\t<\/div>\n\t\t\t\t<div class=\"elementor-element elementor-element-9999507 elementor-shape-rounded elementor-grid-0 e-grid-align-center elementor-widget elementor-widget-social-icons\" data-id=\"9999507\" data-element_type=\"widget\" data-e-type=\"widget\" data-widget_type=\"social-icons.default\">\n\t\t\t\t\t\t\t<div class=\"elementor-social-icons-wrapper elementor-grid\" role=\"list\">\n\t\t\t\t\t\t\t<span class=\"elementor-grid-item\" role=\"listitem\">\n\t\t\t\t\t<a class=\"elementor-icon elementor-social-icon elementor-social-icon-linkedin elementor-repeater-item-c581428\" href=\"https:\/\/www.linkedin.com\/company\/generosity-path\/\" target=\"_blank\">\n\t\t\t\t\t\t<span class=\"elementor-screen-only\">Linkedin<\/span>\n\t\t\t\t\t\t<svg aria-hidden=\"true\" class=\"e-font-icon-svg e-fab-linkedin\" viewBox=\"0 0 448 512\" xmlns=\"http:\/\/www.w3.org\/2000\/svg\"><path d=\"M416 32H31.9C14.3 32 0 46.5 0 64.3v383.4C0 465.5 14.3 480 31.9 480H416c17.6 0 32-14.5 32-32.3V64.3c0-17.8-14.4-32.3-32-32.3zM135.4 416H69V202.2h66.5V416zm-33.2-243c-21.3 0-38.5-17.3-38.5-38.5S80.9 96 102.2 96c21.2 0 38.5 17.3 38.5 38.5 0 21.3-17.2 38.5-38.5 38.5zm282.1 243h-66.4V312c0-24.8-.5-56.7-34.5-56.7-34.6 0-39.9 27-39.9 54.9V416h-66.4V202.2h63.7v29.2h.9c8.9-16.8 30.6-34.5 62.9-34.5 67.2 0 79.7 44.3 79.7 101.9V416z\"><\/path><\/svg>\t\t\t\t\t<\/a>\n\t\t\t\t<\/span>\n\t\t\t\t\t\t\t<span class=\"elementor-grid-item\" role=\"listitem\">\n\t\t\t\t\t<a class=\"elementor-icon elementor-social-icon elementor-social-icon-youtube elementor-repeater-item-759bf2e\" href=\"https:\/\/www.youtube.com\/@generositypath\" target=\"_blank\">\n\t\t\t\t\t\t<span class=\"elementor-screen-only\">Youtube<\/span>\n\t\t\t\t\t\t<svg aria-hidden=\"true\" class=\"e-font-icon-svg e-fab-youtube\" viewBox=\"0 0 576 512\" xmlns=\"http:\/\/www.w3.org\/2000\/svg\"><path d=\"M549.655 124.083c-6.281-23.65-24.787-42.276-48.284-48.597C458.781 64 288 64 288 64S117.22 64 74.629 75.486c-23.497 6.322-42.003 24.947-48.284 48.597-11.412 42.867-11.412 132.305-11.412 132.305s0 89.438 11.412 132.305c6.281 23.65 24.787 41.5 48.284 47.821C117.22 448 288 448 288 448s170.78 0 213.371-11.486c23.497-6.321 42.003-24.171 48.284-47.821 11.412-42.867 11.412-132.305 11.412-132.305s0-89.438-11.412-132.305zm-317.51 213.508V175.185l142.739 81.205-142.739 81.201z\"><\/path><\/svg>\t\t\t\t\t<\/a>\n\t\t\t\t<\/span>\n\t\t\t\t\t\t\t<span class=\"elementor-grid-item\" role=\"listitem\">\n\t\t\t\t\t<a class=\"elementor-icon elementor-social-icon elementor-social-icon-instagram elementor-repeater-item-f186c70\" href=\"https:\/\/www.instagram.com\/generositypath\" target=\"_blank\">\n\t\t\t\t\t\t<span class=\"elementor-screen-only\">Instagram<\/span>\n\t\t\t\t\t\t<svg aria-hidden=\"true\" class=\"e-font-icon-svg e-fab-instagram\" viewBox=\"0 0 448 512\" xmlns=\"http:\/\/www.w3.org\/2000\/svg\"><path d=\"M224.1 141c-63.6 0-114.9 51.3-114.9 114.9s51.3 114.9 114.9 114.9S339 319.5 339 255.9 287.7 141 224.1 141zm0 189.6c-41.1 0-74.7-33.5-74.7-74.7s33.5-74.7 74.7-74.7 74.7 33.5 74.7 74.7-33.6 74.7-74.7 74.7zm146.4-194.3c0 14.9-12 26.8-26.8 26.8-14.9 0-26.8-12-26.8-26.8s12-26.8 26.8-26.8 26.8 12 26.8 26.8zm76.1 27.2c-1.7-35.9-9.9-67.7-36.2-93.9-26.2-26.2-58-34.4-93.9-36.2-37-2.1-147.9-2.1-184.9 0-35.8 1.7-67.6 9.9-93.9 36.1s-34.4 58-36.2 93.9c-2.1 37-2.1 147.9 0 184.9 1.7 35.9 9.9 67.7 36.2 93.9s58 34.4 93.9 36.2c37 2.1 147.9 2.1 184.9 0 35.9-1.7 67.7-9.9 93.9-36.2 26.2-26.2 34.4-58 36.2-93.9 2.1-37 2.1-147.8 0-184.8zM398.8 388c-7.8 19.6-22.9 34.7-42.6 42.6-29.5 11.7-99.5 9-132.1 9s-102.7 2.6-132.1-9c-19.6-7.8-34.7-22.9-42.6-42.6-11.7-29.5-9-99.5-9-132.1s-2.6-102.7 9-132.1c7.8-19.6 22.9-34.7 42.6-42.6 29.5-11.7 99.5-9 132.1-9s102.7-2.6 132.1 9c19.6 7.8 34.7 22.9 42.6 42.6 11.7 29.5 9 99.5 9 132.1s2.7 102.7-9 132.1z\"><\/path><\/svg>\t\t\t\t\t<\/a>\n\t\t\t\t<\/span>\n\t\t\t\t\t\t\t<span class=\"elementor-grid-item\" role=\"listitem\">\n\t\t\t\t\t<a class=\"elementor-icon elementor-social-icon elementor-social-icon-facebook elementor-repeater-item-73ef44d\" href=\"https:\/\/www.facebook.com\/generositypath.org\" target=\"_blank\">\n\t\t\t\t\t\t<span class=\"elementor-screen-only\">Facebook<\/span>\n\t\t\t\t\t\t<svg aria-hidden=\"true\" class=\"e-font-icon-svg e-fab-facebook\" viewBox=\"0 0 512 512\" xmlns=\"http:\/\/www.w3.org\/2000\/svg\"><path d=\"M504 256C504 119 393 8 256 8S8 119 8 256c0 123.78 90.69 226.38 209.25 245V327.69h-63V256h63v-54.64c0-62.15 37-96.48 93.67-96.48 27.14 0 55.52 4.84 55.52 4.84v61h-31.28c-30.8 0-40.41 19.12-40.41 38.73V256h68.78l-11 71.69h-57.78V501C413.31 482.38 504 379.78 504 256z\"><\/path><\/svg>\t\t\t\t\t<\/a>\n\t\t\t\t<\/span>\n\t\t\t\t\t<\/div>\n\t\t\t\t\t\t<\/div>\n\t\t\t\t<\/div>\n\t\t<div class=\"elementor-element elementor-element-5ca16cb e-con-full e-flex e-con e-child\" data-id=\"5ca16cb\" data-element_type=\"container\" data-e-type=\"container\">\n\t\t\t\t<div class=\"elementor-element elementor-element-2df001d elementor-widget elementor-widget-image\" data-id=\"2df001d\" data-element_type=\"widget\" data-e-type=\"widget\" data-widget_type=\"image.default\">\n\t\t\t\t\t\t\t\t\t\t\t\t\t\t\t<img fetchpriority=\"high\" decoding=\"async\" width=\"800\" height=\"800\" src=\"https:\/\/generositypath.org\/wp-content\/uploads\/2025\/02\/Chile-JOG-Sept-2024-12-1024x1024.webp\" class=\"attachment-large size-large wp-image-3506\" alt=\"\" srcset=\"https:\/\/generositypath.org\/wp-content\/uploads\/2025\/02\/Chile-JOG-Sept-2024-12-1024x1024.webp 1024w, https:\/\/generositypath.org\/wp-content\/uploads\/2025\/02\/Chile-JOG-Sept-2024-12-300x300.jpg 300w, https:\/\/generositypath.org\/wp-content\/uploads\/2025\/02\/Chile-JOG-Sept-2024-12-150x150.jpg 150w, https:\/\/generositypath.org\/wp-content\/uploads\/2025\/02\/Chile-JOG-Sept-2024-12-768x768.jpg 768w, https:\/\/generositypath.org\/wp-content\/uploads\/2025\/02\/Chile-JOG-Sept-2024-12.webp 1200w\" sizes=\"(max-width: 800px) 100vw, 800px\" \/>\t\t\t\t\t\t\t\t\t\t\t\t\t\t\t<\/div>\n\t\t\t\t<\/div>\n\t\t\t\t\t<\/div>\n\t\t\t\t<\/div>\n\t\t\t\t<\/div>\n\t\t","protected":false},"excerpt":{"rendered":"<p>Liberando a personas como t\u00fa para que vivan con m\u00e1s generosidad y libertad de lo que jam\u00e1s hubieras imaginado.<\/p>\n","protected":false},"author":5,"featured_media":3335,"parent":0,"menu_order":0,"comment_status":"closed","ping_status":"closed","template":"elementor_header_footer","meta":{"content-type":"","footnotes":""},"class_list":["post-3496","page","type-page","status-publish","has-post-thumbnail","hentry"],"_links":{"self":[{"href":"https:\/\/generositypath.org\/es\/wp-json\/wp\/v2\/pages\/3496","targetHints":{"allow":["GET"]}}],"collection":[{"href":"https:\/\/generositypath.org\/es\/wp-json\/wp\/v2\/pages"}],"about":[{"href":"https:\/\/generositypath.org\/es\/wp-json\/wp\/v2\/types\/page"}],"author":[{"embeddable":true,"href":"https:\/\/generositypath.org\/es\/wp-json\/wp\/v2\/users\/5"}],"replies":[{"embeddable":true,"href":"https:\/\/generositypath.org\/es\/wp-json\/wp\/v2\/comments?post=3496"}],"version-history":[{"count":0,"href":"https:\/\/generositypath.org\/es\/wp-json\/wp\/v2\/pages\/3496\/revisions"}],"wp:featuredmedia":[{"embeddable":true,"href":"https:\/\/generositypath.org\/es\/wp-json\/wp\/v2\/media\/3335"}],"wp:attachment":[{"href":"https:\/\/generositypath.org\/es\/wp-json\/wp\/v2\/media?parent=3496"}],"curies":[{"name":"wp","href":"https:\/\/api.w.org\/{rel}","templated":true}]}}