{"id":3725,"date":"2024-10-03T08:26:50","date_gmt":"2024-10-03T08:26:50","guid":{"rendered":"https:\/\/generositypath.org\/politique-de-confidentialite\/"},"modified":"2025-05-28T09:51:41","modified_gmt":"2025-05-28T09:51:41","slug":"politique-de-confidentialite","status":"publish","type":"page","link":"https:\/\/generositypath.org\/fr\/politique-de-confidentialite\/","title":{"rendered":"Politique de confidentialit\u00e9"},"content":{"rendered":"\t\t<div data-elementor-type=\"wp-page\" data-elementor-id=\"3725\" class=\"elementor elementor-3725 elementor-1768\" data-elementor-post-type=\"page\">\n\t\t\t\t<div class=\"elementor-element elementor-element-dea5376 e-flex e-con-boxed e-con e-parent\" data-id=\"dea5376\" data-element_type=\"container\" data-e-type=\"container\">\n\t\t\t\t\t<div class=\"e-con-inner\">\n\t\t<div class=\"elementor-element elementor-element-29d3e0f e-con-full e-flex e-con e-child\" data-id=\"29d3e0f\" data-element_type=\"container\" data-e-type=\"container\">\n\t\t\t\t<div class=\"elementor-element elementor-element-47fcc5b elementor-widget elementor-widget-heading\" data-id=\"47fcc5b\" data-element_type=\"widget\" data-e-type=\"widget\" data-widget_type=\"heading.default\">\n\t\t\t\t\t<h1 class=\"elementor-heading-title elementor-size-default\">Politique de confidentialit\u00e9\n<\/h1>\t\t\t\t<\/div>\n\t\t\t\t<\/div>\n\t\t\t\t\t<\/div>\n\t\t\t\t<\/div>\n\t\t<div class=\"elementor-element elementor-element-dd26685 e-flex e-con-boxed e-con e-parent\" data-id=\"dd26685\" data-element_type=\"container\" data-e-type=\"container\">\n\t\t\t\t\t<div class=\"e-con-inner\">\n\t\t\t\t<div class=\"elementor-element elementor-element-a0eb81a elementor-widget elementor-widget-text-editor\" data-id=\"a0eb81a\" data-element_type=\"widget\" data-e-type=\"widget\" data-widget_type=\"text-editor.default\">\n\t\t\t\t\t\t\t\t\t<h4>Derni\u00e8re mise \u00e0 jour : 06 avril 2023<\/h4><p>La pr\u00e9sente politique de confidentialit\u00e9 d\u00e9crit nos politiques et proc\u00e9dures en mati\u00e8re de collecte, d&rsquo;utilisation et de divulgation de vos informations lorsque vous utilisez ce service et vous informe de vos droits en mati\u00e8re de confidentialit\u00e9 et de la mani\u00e8re dont la loi vous prot\u00e8ge.<\/p><p>Nous utilisons vos donn\u00e9es personnelles pour vous fournir les informations dont vous avez besoin et am\u00e9liorer notre service. En utilisant le service, vous nous confiez vos informations et nous nous effor\u00e7ons de les prot\u00e9ger, de les collecter et de les utiliser conform\u00e9ment aux lois applicables et \u00e0 la pr\u00e9sente politique de confidentialit\u00e9. <\/p><p> <\/p><h3>Interpr\u00e9tation et d\u00e9finitions<\/h3><h4><strong>Qui sommes-nous ?<\/strong><\/h4><p>Generosity Path est une organisation mondiale \u00e0 but non lucratif cr\u00e9\u00e9e par le Maclellan Center for Global Christian Education et dont le si\u00e8ge social se trouve \u00e0 820 Broad Street, Suite 300 Chattanooga, TN 37402, USA. Generosity Path consid\u00e8re les lois sur la confidentialit\u00e9 des donn\u00e9es dans le monde entier, y compris le r\u00e8glement de l&rsquo;UE 2016\/679 (GDPR) et traite les donn\u00e9es personnelles conform\u00e9ment \u00e0 ces lois et aux politiques et proc\u00e9dures internes. <\/p><h4><strong>Interpr\u00e9tation<\/strong><\/h4><p>Les mots dont la lettre initiale est en majuscule ont des significations d\u00e9finies dans les conditions suivantes. Les d\u00e9finitions suivantes ont la m\u00eame signification, qu&rsquo;elles apparaissent au singulier ou au pluriel. <\/p><h4><strong>D\u00e9finitions<\/strong><\/h4><p>Aux fins de la pr\u00e9sente politique de confidentialit\u00e9 :<\/p><p>L&rsquo;<strong>entreprise<\/strong> (d\u00e9sign\u00e9e par \u00ab\u00a0l&rsquo;entreprise\u00a0\u00bb, \u00ab\u00a0nous\u00a0\u00bb, \u00ab\u00a0notre\u00a0\u00bb ou \u00ab\u00a0nos\u00a0\u00bb dans le pr\u00e9sent accord) d\u00e9signe le Maclellan Center for Global Christian Education, 820 Broad Street, Suite 300 Chattanooga, TN 37402, \u00c9tats-Unis.<\/p><p>Les <strong>cookies<\/strong> sont de petits \u00e9l\u00e9ments d&rsquo;information qui sont plac\u00e9s sur votre ordinateur, votre appareil mobile ou tout autre appareil par un site web et qui contiennent, entre autres, les d\u00e9tails de votre historique de navigation sur ce site web.<\/p><p>Le <strong>pays<\/strong> se r\u00e9f\u00e8re \u00e0 : Tennessee, \u00c9tats-Unis<\/p><p><strong>Appareil<\/strong>: tout appareil pouvant acc\u00e9der au Service, tel qu&rsquo;un ordinateur, un t\u00e9l\u00e9phone portable ou une tablette num\u00e9rique.<\/p><p>Les <strong>donn\u00e9es \u00e0 caract\u00e8re personnel<\/strong> sont toutes les informations qui se rapportent \u00e0 une personne identifi\u00e9e ou identifiable.<\/p><p>Le <strong>service<\/strong> fait r\u00e9f\u00e9rence au site web.<\/p><p><strong>Prestataire de services<\/strong>: toute personne physique ou morale qui traite les donn\u00e9es pour le compte de la Soci\u00e9t\u00e9. Il s&rsquo;agit de soci\u00e9t\u00e9s tierces ou de personnes employ\u00e9es par la soci\u00e9t\u00e9 pour faciliter le service, pour fournir le service au nom de la soci\u00e9t\u00e9, pour fournir des services li\u00e9s au service ou pour aider la soci\u00e9t\u00e9 \u00e0 analyser la fa\u00e7on dont le service est utilis\u00e9. <\/p><p>Le <strong>service de m\u00e9dias sociaux tiers<\/strong> d\u00e9signe tout site web ou tout site web de r\u00e9seau social par l&rsquo;interm\u00e9diaire duquel un utilisateur peut se connecter ou cr\u00e9er un compte pour utiliser le service.<\/p><p>Les <strong>donn\u00e9es d&rsquo;utilisation<\/strong> sont des donn\u00e9es collect\u00e9es automatiquement, g\u00e9n\u00e9r\u00e9es par l&rsquo;utilisation du service ou par l&rsquo;infrastructure du service elle-m\u00eame (par exemple, la dur\u00e9e de la visite d&rsquo;une page).<\/p><p>Le <strong>site web<\/strong> renvoie \u00e0 Generosity Path, accessible \u00e0 partir de <a href=\"https:\/\/www.generositypath.org\/?hsLang=en\">https:\/\/www.generositypath.org<\/a>.<\/p><p><strong>Vous \u00eates<\/strong> la personne qui acc\u00e8de au service ou qui l&rsquo;utilise, ou la soci\u00e9t\u00e9 ou autre entit\u00e9 juridique au nom de laquelle cette personne acc\u00e8de au service ou l&rsquo;utilise, selon le cas.<\/p><p> <\/p><h3>Collecte et utilisation de vos donn\u00e9es personnelles<\/h3><h4><strong>Types de donn\u00e9es collect\u00e9es  <\/strong><\/h4><h5> <\/h5><h5><strong>Donn\u00e9es personnelles<\/strong><\/h5><p>Lors de l&rsquo;utilisation de notre service, nous pouvons vous demander de nous fournir certaines informations personnellement identifiables qui peuvent \u00eatre utilis\u00e9es pour vous contacter ou vous identifier. Les informations personnellement identifiables peuvent inclure, mais ne sont pas limit\u00e9es \u00e0 : <\/p><ul><li>Adresse \u00e9lectronique<\/li><li>Pr\u00e9nom et nom de famille<\/li><li>Donn\u00e9es d&rsquo;utilisation<\/li><\/ul><h5><strong>Donn\u00e9es d&rsquo;utilisation<\/strong><\/h5><p>Les donn\u00e9es d&rsquo;utilisation sont collect\u00e9es automatiquement lors de l&rsquo;utilisation du service.<\/p><p>Les donn\u00e9es d&rsquo;utilisation peuvent inclure des informations telles que l&rsquo;adresse de protocole Internet de votre appareil (par exemple l&rsquo;adresse IP), le type de navigateur, la version du navigateur, les pages de notre service que vous visitez, l&rsquo;heure et la date de votre visite, le temps pass\u00e9 sur ces pages, les identifiants uniques de l&rsquo;appareil et d&rsquo;autres donn\u00e9es de diagnostic.<\/p><p>Lorsque vous acc\u00e9dez au service par ou via un appareil mobile, nous pouvons collecter certaines informations automatiquement, y compris, mais sans s&rsquo;y limiter, le type d&rsquo;appareil mobile que vous utilisez, l&rsquo;identifiant unique de votre appareil mobile, l&rsquo;adresse IP de votre appareil mobile, votre syst\u00e8me d&rsquo;exploitation mobile, le type de navigateur Internet mobile que vous utilisez, les identifiants uniques de l&rsquo;appareil et d&rsquo;autres donn\u00e9es de diagnostic.<\/p><p>Nous pouvons \u00e9galement collecter des informations que votre navigateur envoie lorsque vous visitez notre service ou lorsque vous acc\u00e9dez au service par ou via un appareil mobile.<\/p><h5><strong>Informations provenant de services de m\u00e9dias sociaux tiers<\/strong><\/h5><p>L&rsquo;entreprise peut \u00e9galement \u00eatre contact\u00e9e par le biais des services de m\u00e9dias sociaux tiers suivants :<\/p><ul><li>Google<\/li><li>Facebook<\/li><li>Instagram<\/li><li>LinkedIn<\/li><\/ul><p>Dans ce cas, nous pouvons collecter des donn\u00e9es personnelles d\u00e9j\u00e0 associ\u00e9es au compte de votre service de m\u00e9dia social tiers, telles que votre nom, votre adresse \u00e9lectronique, vos activit\u00e9s ou votre liste de contacts associ\u00e9s \u00e0 ce compte.<\/p><p>Vous pouvez \u00e9galement avoir la possibilit\u00e9 de partager des informations suppl\u00e9mentaires avec la Soci\u00e9t\u00e9 par le biais du compte de votre service de m\u00e9dias sociaux tiers. Si vous choisissez de fournir ces informations et donn\u00e9es personnelles, vous autorisez la Soci\u00e9t\u00e9 \u00e0 les utiliser, les partager et les stocker d&rsquo;une mani\u00e8re conforme \u00e0 la pr\u00e9sente politique de confidentialit\u00e9. <\/p><h5><strong>Technologies de suivi et cookies  <\/strong><\/h5>\t\t\t\t\t\t\t\t<\/div>\n\t\t\t\t<div class=\"elementor-element elementor-element-f45c1bc elementor-widget elementor-widget-html\" data-id=\"f45c1bc\" data-element_type=\"widget\" data-e-type=\"widget\" data-widget_type=\"html.default\">\n\t\t\t\t\t<script id=\"CookieDeclaration\" src=\"https:\/\/consent.cookiebot.com\/819d6270-3ddd-42f0-99ba-21567c372218\/cd.js\" type=\"text\/javascript\" async><\/script>\t\t\t\t<\/div>\n\t\t\t\t<div class=\"elementor-element elementor-element-60300e8 elementor-widget elementor-widget-text-editor\" data-id=\"60300e8\" data-element_type=\"widget\" data-e-type=\"widget\" data-widget_type=\"text-editor.default\">\n\t\t\t\t\t\t\t\t\t<h4><strong style=\"color: var( --e-global-color-text ); text-align: var(--text-align);\">Utilisation de vos donn\u00e9es personnelles<\/strong><\/h4><div class=\"row-fluid-wrapper row-depth-1 row-number-4 dnd-row\"><div class=\"row-fluid \"><div class=\"span12 widget-span widget-type-custom_widget module_16571002207223-padding dnd-module\" data-widget-type=\"custom_widget\" data-x=\"0\" data-w=\"12\"><div id=\"hs_cos_wrapper_module_16571002207223\" class=\"hs_cos_wrapper hs_cos_wrapper_widget hs_cos_wrapper_type_module widget-type-rich_text\" data-hs-cos-general-type=\"widget\" data-hs-cos-type=\"module\"><p>La soci\u00e9t\u00e9 peut utiliser les donn\u00e9es personnelles aux fins suivantes :<\/p><p><strong>Fournir et maintenir notre service<\/strong>, y compris pour contr\u00f4ler l&rsquo;utilisation de notre service.<\/p><p><strong>Vous contacter :<\/strong> Vous contacter par courrier \u00e9lectronique, appels t\u00e9l\u00e9phoniques ou autres formes \u00e9quivalentes de communication \u00e9lectronique, telles que les notifications push d&rsquo;une application mobile concernant les mises \u00e0 jour ou les communications informatives li\u00e9es aux fonctionnalit\u00e9s, y compris les mises \u00e0 jour de s\u00e9curit\u00e9, lorsque cela est n\u00e9cessaire ou raisonnable pour leur mise en \u0153uvre.<\/p><p><strong>Vous fournir<\/strong> des nouvelles et des informations g\u00e9n\u00e9rales sur notre activit\u00e9 pour autant que vous ayez choisi de recevoir ces informations.<\/p><p><strong>G\u00e9rer vos demandes :<\/strong> Pour r\u00e9pondre \u00e0 vos demandes et les g\u00e9rer.<\/p><p><strong>\u00c0 d&rsquo;autres fins<\/strong>: Nous pouvons utiliser vos informations \u00e0 d&rsquo;autres fins, telles que l&rsquo;analyse des donn\u00e9es, l&rsquo;identification des tendances d&rsquo;utilisation, la d\u00e9termination de l&rsquo;efficacit\u00e9 de nos communications et l&rsquo;\u00e9valuation et l&rsquo;am\u00e9lioration de notre service, de notre marketing et de votre exp\u00e9rience.<\/p><p>Nous pouvons partager vos informations personnelles dans les situations suivantes :<\/p><ul><li><strong>Avec les fournisseurs de services :<\/strong> Nous pouvons partager vos informations personnelles avec des fournisseurs de services afin de contr\u00f4ler et d&rsquo;analyser l&rsquo;utilisation de notre service, de vous contacter.<\/li><li><strong>Avec des soci\u00e9t\u00e9s affili\u00e9es :<\/strong> Nous pouvons partager vos informations avec nos soci\u00e9t\u00e9s affili\u00e9es, auquel cas nous demanderons \u00e0 ces soci\u00e9t\u00e9s affili\u00e9es de respecter la pr\u00e9sente politique de confidentialit\u00e9. Les soci\u00e9t\u00e9s affili\u00e9es comprennent notre soci\u00e9t\u00e9 m\u00e8re et toutes les autres filiales, partenaires de coentreprise ou autres soci\u00e9t\u00e9s que nous contr\u00f4lons ou qui sont sous contr\u00f4le commun avec nous. <\/li><li><strong>Avec d&rsquo;autres utilisateurs :<\/strong> lorsque vous partagez des informations personnelles ou interagissez d&rsquo;une autre mani\u00e8re avec d&rsquo;autres utilisateurs dans les espaces publics, ces informations peuvent \u00eatre consult\u00e9es par tous les utilisateurs et peuvent \u00eatre diffus\u00e9es publiquement \u00e0 l&rsquo;ext\u00e9rieur. Si vous interagissez avec d&rsquo;autres utilisateurs ou si vous vous inscrivez par l&rsquo;interm\u00e9diaire d&rsquo;un service de m\u00e9dias sociaux tiers, vos contacts sur le service de m\u00e9dias sociaux tiers peuvent voir votre nom, votre profil, vos photos et la description de votre activit\u00e9. De m\u00eame, d&rsquo;autres utilisateurs pourront consulter les descriptions de votre activit\u00e9, communiquer avec vous et consulter votre profil.  <\/li><li><strong>Avec votre consentement<\/strong>: Nous pouvons divulguer vos informations personnelles \u00e0 toute autre fin avec votre consentement.<\/li><\/ul><h3> <\/h3><h4><strong>Conservation de vos donn\u00e9es personnelles<\/strong><\/h4><p>La soci\u00e9t\u00e9 ne conservera vos donn\u00e9es \u00e0 caract\u00e8re personnel que pendant la dur\u00e9e n\u00e9cessaire aux fins \u00e9nonc\u00e9es dans la pr\u00e9sente politique de confidentialit\u00e9. Nous conserverons et utiliserons vos donn\u00e9es personnelles dans la mesure n\u00e9cessaire pour nous conformer \u00e0 nos obligations l\u00e9gales (par exemple, si nous sommes tenus de conserver vos donn\u00e9es pour nous conformer aux lois applicables), r\u00e9soudre les litiges et appliquer nos accords et politiques juridiques. <\/p><p>La Soci\u00e9t\u00e9 conservera \u00e9galement les donn\u00e9es d&rsquo;utilisation \u00e0 des fins d&rsquo;analyse interne. Les donn\u00e9es d&rsquo;utilisation sont g\u00e9n\u00e9ralement conserv\u00e9es pendant une p\u00e9riode plus courte, sauf si ces donn\u00e9es sont utilis\u00e9es pour renforcer la s\u00e9curit\u00e9 ou am\u00e9liorer la fonctionnalit\u00e9 de notre service, ou si nous sommes l\u00e9galement tenus de conserver ces donn\u00e9es pendant des p\u00e9riodes plus longues. <\/p><p>En r\u00e8gle g\u00e9n\u00e9rale, nous conserverons les informations que nous recueillons lorsque vous utilisez le service pendant 12 mois \u00e0 compter de votre derni\u00e8re interaction avec nous.<\/p><p> <\/p><h4><strong>Transfert de vos donn\u00e9es personnelles<\/strong><\/h4><p>Vos informations, y compris les donn\u00e9es personnelles, sont trait\u00e9es dans les bureaux de la Soci\u00e9t\u00e9 et dans tout autre lieu o\u00f9 se trouvent les parties impliqu\u00e9es dans le traitement. Cela signifie que ces informations peuvent \u00eatre transf\u00e9r\u00e9es vers &#8211; et conserv\u00e9es sur &#8211; des ordinateurs situ\u00e9s en dehors de votre \u00c9tat, province, pays ou autre juridiction gouvernementale o\u00f9 les lois sur la protection des donn\u00e9es peuvent diff\u00e9rer de celles de votre juridiction. <\/p><p>Votre consentement \u00e0 la pr\u00e9sente politique de protection de la vie priv\u00e9e, suivi de votre soumission de ces informations, repr\u00e9sente votre accord \u00e0 ce transfert.<\/p><p>La Soci\u00e9t\u00e9 prendra toutes les mesures raisonnablement n\u00e9cessaires pour s&rsquo;assurer que vos donn\u00e9es sont trait\u00e9es en toute s\u00e9curit\u00e9 et conform\u00e9ment \u00e0 la pr\u00e9sente politique de confidentialit\u00e9 et aux lois applicables en mati\u00e8re de confidentialit\u00e9, et aucun transfert de vos donn\u00e9es personnelles n&rsquo;aura lieu vers une organisation ou un pays \u00e0 moins qu&rsquo;il n&rsquo;y ait des contr\u00f4les ad\u00e9quats en place, y compris la s\u00e9curit\u00e9 de vos donn\u00e9es et d&rsquo;autres informations personnelles.<\/p><p> <\/p><h4><strong>Divulgation de vos donn\u00e9es personnelles<\/strong><\/h4><h5><strong>Application de la loi<\/strong><\/h5><p>Dans certaines circonstances, la soci\u00e9t\u00e9 peut \u00eatre tenue de divulguer vos donn\u00e9es personnelles si la loi l&rsquo;exige ou en r\u00e9ponse \u00e0 des demandes valables \u00e9manant d&rsquo;autorit\u00e9s publiques (par exemple, un tribunal ou une agence gouvernementale).<\/p><h5><strong>Autres exigences l\u00e9gales<\/strong><\/h5><p>La soci\u00e9t\u00e9 peut divulguer vos donn\u00e9es personnelles si elle estime en toute bonne foi qu&rsquo;une telle action est n\u00e9cessaire pour :<\/p><ul><li>Respecter une obligation l\u00e9gale<\/li><li>prot\u00e9ger et d\u00e9fendre les droits ou les biens de l&rsquo;entreprise<\/li><li>pr\u00e9venir ou enqu\u00eater sur d&rsquo;\u00e9ventuels actes r\u00e9pr\u00e9hensibles en rapport avec le service<\/li><li>prot\u00e9ger la s\u00e9curit\u00e9 personnelle des utilisateurs du service ou du public<\/li><li>Prot\u00e9ger contre la responsabilit\u00e9 juridique<\/li><\/ul><h4><strong>S\u00e9curit\u00e9 de vos donn\u00e9es personnelles<\/strong><\/h4><p>La s\u00e9curit\u00e9 de vos donn\u00e9es personnelles est importante pour nous, mais n&rsquo;oubliez pas qu&rsquo;aucune m\u00e9thode de transmission sur Internet ou de stockage \u00e9lectronique n&rsquo;est s\u00fbre \u00e0 100 %. Bien que nous nous efforcions d&rsquo;utiliser des moyens commercialement acceptables pour prot\u00e9ger vos donn\u00e9es personnelles, nous ne pouvons pas garantir leur s\u00e9curit\u00e9 absolue. <\/p><p> <\/p><h3>Vos droits en tant que personne concern\u00e9e<\/h3><ol><li><strong>Droit d&rsquo;\u00eatre inform\u00e9<\/strong> (GDPR Articles 12 \u00e0 14) : Les personnes concern\u00e9es ont le droit d&rsquo;\u00eatre inform\u00e9es de la collecte et de l&rsquo;utilisation de leurs donn\u00e9es \u00e0 caract\u00e8re personnel.<\/li><li><strong>Droit d&rsquo;acc\u00e8s<\/strong> (GDPR Article 15) : Les personnes concern\u00e9es ont le droit de consulter et de demander des copies de leurs donn\u00e9es \u00e0 caract\u00e8re personnel.<\/li><li><strong>Droit de rectification<\/strong> (GDPR Article 16) : Les personnes concern\u00e9es ont le droit de demander que les informations personnelles inexactes ou p\u00e9rim\u00e9es soient mises \u00e0 jour ou corrig\u00e9es.<\/li><li><strong>Droit \u00e0 l&rsquo;oubli\/droit \u00e0 l&rsquo;effacement<\/strong> (article 17 du GDPR) : Les personnes concern\u00e9es ont le droit, dans certaines circonstances, de demander l&rsquo;effacement de leurs donn\u00e9es \u00e0 caract\u00e8re personnel. Notez qu&rsquo;il ne s&rsquo;agit pas d&rsquo;un droit absolu et qu&rsquo;il peut faire l&rsquo;objet d&rsquo;exemptions fond\u00e9es sur certaines lois, l&rsquo;int\u00e9r\u00eat public, des r\u00e9clamations juridiques, des recherches ou des statistiques. <\/li><li><strong>Droit \u00e0 la portabilit\u00e9 des donn\u00e9es<\/strong> (article 20 du GDPR) : lorsque cela est possible, les personnes concern\u00e9es ont le droit de demander que leurs donn\u00e9es num\u00e9riques soient transf\u00e9r\u00e9es \u00e0 un autre responsable du traitement ou qu&rsquo;elles leur soient fournies. Les donn\u00e9es doivent \u00eatre fournies dans un format \u00e9lectronique lisible par machine. <\/li><li><strong>Droit de restreindre le traitement<\/strong> (article 18) : Les personnes concern\u00e9es ont le droit de demander la limitation ou la suppression de leurs donn\u00e9es \u00e0 caract\u00e8re personnel.<\/li><li><strong>Droit de retirer son consentement<\/strong> (article 7 du GDPR) : Les personnes concern\u00e9es ont le droit de retirer le consentement qu&rsquo;elles ont donn\u00e9 pr\u00e9c\u00e9demment pour le traitement de leurs donn\u00e9es \u00e0 caract\u00e8re personnel.<\/li><li><strong>Droit d&rsquo;opposition<\/strong> (GDPR Article 21) : Les personnes concern\u00e9es ont le droit de s&rsquo;opposer au traitement de leurs donn\u00e9es \u00e0 caract\u00e8re personnel.<\/li><li><strong>Droit d&rsquo;opposition au traitement automatis\u00e9<\/strong> (GDPR Article 22) : Les personnes concern\u00e9es ont le droit de s&rsquo;opposer \u00e0 ce que des d\u00e9cisions soient prises \u00e0 l&rsquo;\u00e9gard de leurs donn\u00e9es uniquement sur la base d&rsquo;une prise de d\u00e9cision automatis\u00e9e ou d&rsquo;un profilage.<\/li><\/ol><h2> <\/h2><h3>Vie priv\u00e9e des enfants<\/h3><p>Notre service ne s&rsquo;adresse pas aux personnes \u00e2g\u00e9es de moins de 16 ans. Nous ne recueillons pas sciemment d&rsquo;informations personnellement identifiables aupr\u00e8s de personnes \u00e2g\u00e9es de moins de 16 ans. Si vous \u00eates un parent ou un tuteur et que vous savez que votre enfant nous a fourni des donn\u00e9es personnelles, veuillez nous contacter. Si nous apprenons que nous avons recueilli des donn\u00e9es personnelles aupr\u00e8s de personnes \u00e2g\u00e9es de moins de 16 ans sans avoir v\u00e9rifi\u00e9 le consentement des parents, nous prenons imm\u00e9diatement des mesures pour supprimer ces informations de notre base de donn\u00e9es.   <\/p><p>Si nous devons nous appuyer sur le consentement comme base juridique pour traiter vos informations et que votre pays exige le consentement d&rsquo;un parent, nous pouvons demander le consentement de votre parent avant de collecter et d&rsquo;utiliser ces informations.<\/p><h2> <\/h2><h3>Liens vers d&rsquo;autres sites web<\/h3><p>Notre Service peut contenir des liens vers d&rsquo;autres sites web qui ne sont pas exploit\u00e9s par Nous. Si vous cliquez sur le lien d&rsquo;un tiers, vous serez dirig\u00e9 vers le site de ce tiers. Nous vous conseillons vivement de consulter la politique de confidentialit\u00e9 de chaque site que vous visitez.  <\/p><p>Nous n&rsquo;avons aucun contr\u00f4le et n&rsquo;assumons aucune responsabilit\u00e9 quant au contenu, aux politiques de confidentialit\u00e9 ou aux pratiques des sites ou services tiers.<\/p><h2> <\/h2><h3>Modifications de la pr\u00e9sente politique de protection de la vie priv\u00e9e<\/h3><p>Nous pouvons mettre \u00e0 jour notre politique de confidentialit\u00e9 de temps \u00e0 autre. Nous vous informerons de toute modification en publiant la nouvelle politique de confidentialit\u00e9 sur cette page. <\/p><p>Nous vous conseillons de consulter r\u00e9guli\u00e8rement la pr\u00e9sente politique de confidentialit\u00e9 afin de prendre connaissance des \u00e9ventuelles modifications. Les modifications apport\u00e9es \u00e0 la pr\u00e9sente politique de protection de la vie priv\u00e9e entrent en vigueur au moment o\u00f9 elles sont publi\u00e9es sur cette page. <\/p><h2> <\/h2><h3>Contactez nous<\/h3><p>Si vous avez des questions concernant cette politique de confidentialit\u00e9, vous pouvez nous contacter :<\/p><p>Par courrier \u00e9lectronique : <a href=\"mailto:info@generositypath.org\" rel=\"noopener\">info@generositypath.org<\/a><\/p><p>En visitant cette page sur notre site web <a href=\"https:\/\/www.generositypath.org\/contact?hsLang=en\">: https:\/\/www.generositypath.org\/contact<\/a><\/p><p>Le contr\u00f4leur des donn\u00e9es est : Generosity Path, 820 Broad St Ste 300, Chattanooga, TN 37402-2604.<\/p><p>Vous avez le droit de d\u00e9poser une plainte aupr\u00e8s de l&rsquo;Information Commissioner&rsquo;s Office (l&rsquo;autorit\u00e9 de contr\u00f4le de la protection des donn\u00e9es) au 0303 123 1113.<\/p><\/div><\/div><\/div><\/div>\t\t\t\t\t\t\t\t<\/div>\n\t\t\t\t\t<\/div>\n\t\t\t\t<\/div>\n\t\t\t\t<\/div>\n\t\t","protected":false},"excerpt":{"rendered":"<p>Renforcer l&rsquo;impact gr\u00e2ce \u00e0 un partenariat transformateur avec Generosity Path.<\/p>\n","protected":false},"author":1,"featured_media":3681,"parent":0,"menu_order":0,"comment_status":"closed","ping_status":"closed","template":"elementor_header_footer","meta":{"content-type":"","footnotes":""},"class_list":["post-3725","page","type-page","status-publish","has-post-thumbnail","hentry"],"_links":{"self":[{"href":"https:\/\/generositypath.org\/fr\/wp-json\/wp\/v2\/pages\/3725","targetHints":{"allow":["GET"]}}],"collection":[{"href":"https:\/\/generositypath.org\/fr\/wp-json\/wp\/v2\/pages"}],"about":[{"href":"https:\/\/generositypath.org\/fr\/wp-json\/wp\/v2\/types\/page"}],"author":[{"embeddable":true,"href":"https:\/\/generositypath.org\/fr\/wp-json\/wp\/v2\/users\/1"}],"replies":[{"embeddable":true,"href":"https:\/\/generositypath.org\/fr\/wp-json\/wp\/v2\/comments?post=3725"}],"version-history":[{"count":1,"href":"https:\/\/generositypath.org\/fr\/wp-json\/wp\/v2\/pages\/3725\/revisions"}],"predecessor-version":[{"id":5044,"href":"https:\/\/generositypath.org\/fr\/wp-json\/wp\/v2\/pages\/3725\/revisions\/5044"}],"wp:featuredmedia":[{"embeddable":true,"href":"https:\/\/generositypath.org\/fr\/wp-json\/wp\/v2\/media\/3681"}],"wp:attachment":[{"href":"https:\/\/generositypath.org\/fr\/wp-json\/wp\/v2\/media?parent=3725"}],"curies":[{"name":"wp","href":"https:\/\/api.w.org\/{rel}","templated":true}]}}