{"id":5244,"date":"2024-08-08T11:17:19","date_gmt":"2024-08-08T11:17:19","guid":{"rendered":"https:\/\/generositypath.org\/pocetna\/"},"modified":"2026-01-30T13:25:39","modified_gmt":"2026-01-30T13:25:39","slug":"pocetna","status":"publish","type":"page","link":"https:\/\/generositypath.org\/hr\/","title":{"rendered":"Po\u010detna"},"content":{"rendered":"\t\t<div data-elementor-type=\"wp-page\" data-elementor-id=\"5244\" class=\"elementor elementor-5244 elementor-5\" data-elementor-post-type=\"page\">\n\t\t\t\t<div class=\"elementor-element elementor-element-ab6fea2 e-con-full e-flex e-con e-parent\" data-id=\"ab6fea2\" data-element_type=\"container\" data-e-type=\"container\" data-settings=\"{&quot;background_background&quot;:&quot;classic&quot;}\">\n\t\t\t\t<div class=\"elementor-element elementor-element-c4a19b6 elementor--h-position-left elementor--v-position-middle elementor-pagination-position-inside elementor-widget elementor-widget-slides\" data-id=\"c4a19b6\" data-element_type=\"widget\" data-e-type=\"widget\" data-settings=\"{&quot;navigation&quot;:&quot;dots&quot;,&quot;transition&quot;:&quot;fade&quot;,&quot;autoplay&quot;:&quot;yes&quot;,&quot;pause_on_interaction&quot;:&quot;yes&quot;,&quot;autoplay_speed&quot;:5000,&quot;infinite&quot;:&quot;yes&quot;,&quot;transition_speed&quot;:500}\" data-widget_type=\"slides.default\">\n\t\t\t\t\t\t\t\t\t\t<div class=\"elementor-slides-wrapper elementor-main-swiper swiper\" role=\"region\" aria-roledescription=\"carousel\" aria-label=\"Slides\" dir=\"ltr\" data-animation=\"\">\n\t\t\t\t<div class=\"swiper-wrapper elementor-slides\">\n\t\t\t\t\t\t\t\t\t\t<div class=\"elementor-repeater-item-9dbb690 swiper-slide\" role=\"group\" aria-roledescription=\"slide\"><div class=\"swiper-slide-bg elementor-ken-burns elementor-ken-burns--in\" role=\"img\" aria-label=\"Hero_2\"><\/div><div class=\"elementor-background-overlay\"><\/div><div class=\"swiper-slide-inner\" ><div class=\"swiper-slide-contents\"><div class=\"elementor-slide-heading\">Dobrodo\u0161li na Generosity Path<\/div><div class=\"elementor-slide-description\"><p>Osloba\u0111anje ljudi poput vas da \u017eive velikodu\u0161nije i slobodnije nego \u0161to ste ikada mogli zamisliti.  <\/p>\n<\/div><a href=\"https:\/\/generositypath.org\/what-is-a-jog\/\" class=\"elementor-button elementor-slide-button elementor-size-sm\">Odr\u017ei JOG<\/a><\/div><\/div><\/div><div class=\"elementor-repeater-item-fc869b3 swiper-slide\" role=\"group\" aria-roledescription=\"slide\"><div class=\"swiper-slide-bg elementor-ken-burns elementor-ken-burns--in\" role=\"img\" aria-label=\"Hero_1\"><\/div><div class=\"elementor-background-overlay\"><\/div><div class=\"swiper-slide-inner\" ><div class=\"swiper-slide-contents\"><div class=\"elementor-slide-heading\">Dobrodo\u0161li na Generosity Path<\/div><div class=\"elementor-slide-description\"><p>Osloba\u0111anje ljudi poput vas da \u017eive velikodu\u0161nije i slobodnije nego \u0161to ste ikada mogli zamisliti.  <\/p>\n<\/div><a href=\"https:\/\/generositypath.org\/what-is-a-jog\/\" class=\"elementor-button elementor-slide-button elementor-size-sm\">Odr\u017ei JOG<\/a><\/div><\/div><\/div>\t\t\t\t<\/div>\n\t\t\t\t\t\t\t\t\t\t\t\t\t\t\t\t\t\t\t\t<div class=\"swiper-pagination\"><\/div>\n\t\t\t\t\t\t\t\t\t\t\t\t<\/div>\n\t\t\t\t\t\t\t\t<\/div>\n\t\t\t\t<\/div>\n\t\t<div class=\"elementor-element elementor-element-dd26685 e-flex e-con-boxed e-con e-parent\" data-id=\"dd26685\" data-element_type=\"container\" data-e-type=\"container\">\n\t\t\t\t\t<div class=\"e-con-inner\">\n\t\t<div class=\"elementor-element elementor-element-f575fa8 e-con-full e-flex e-con e-child\" data-id=\"f575fa8\" data-element_type=\"container\" data-e-type=\"container\">\n\t\t\t\t<div class=\"elementor-element elementor-element-1443945 elementor-widget elementor-widget-image\" data-id=\"1443945\" data-element_type=\"widget\" data-e-type=\"widget\" data-widget_type=\"image.default\">\n\t\t\t\t\t\t\t\t\t\t\t\t\t\t\t<img decoding=\"async\" src=\"https:\/\/generositypath.org\/wp-content\/uploads\/2024\/08\/Lady-smiling.png\" title=\"\" alt=\"\" loading=\"lazy\" \/>\t\t\t\t\t\t\t\t\t\t\t\t\t\t\t<\/div>\n\t\t\t\t<\/div>\n\t\t<div class=\"elementor-element elementor-element-1f190d4 e-con-full e-flex e-con e-child\" data-id=\"1f190d4\" data-element_type=\"container\" data-e-type=\"container\">\n\t\t\t\t<div class=\"elementor-element elementor-element-98eab30 elementor-widget elementor-widget-heading\" data-id=\"98eab30\" data-element_type=\"widget\" data-e-type=\"widget\" data-widget_type=\"heading.default\">\n\t\t\t\t\t<h2 class=\"elementor-heading-title elementor-size-default\">Odr\u017ei JOG<\/h2>\t\t\t\t<\/div>\n\t\t\t\t<div class=\"elementor-element elementor-element-4f74f9f elementor-widget elementor-widget-heading\" data-id=\"4f74f9f\" data-element_type=\"widget\" data-e-type=\"widget\" data-widget_type=\"heading.default\">\n\t\t\t\t\t<h3 class=\"elementor-heading-title elementor-size-default\">Putovanje dare\u017eljivosti je jednostavno, besplatno i mijenja \u017eivote <\/h3>\t\t\t\t<\/div>\n\t\t\t\t<div class=\"elementor-element elementor-element-0887004 elementor-widget elementor-widget-text-editor\" data-id=\"0887004\" data-element_type=\"widget\" data-e-type=\"widget\" data-widget_type=\"text-editor.default\">\n\t\t\t\t\t\t\t\t\t<p>Putovanje dare\u017eljivosti (JOG) je jednostavno, interaktivno iskustvo koje stvara prostor za razgovore o vjeri, \u017eivotu i novcu.<\/p><p>Ovaj besplatni doga\u0111aj dostupan je u brojnim formatima i osmi\u0161ljen je tako da ga svatko mo\u017ee lako odr\u017eati. Kroz pri\u010de iz stvarnog \u017eivota velikodu\u0161nih darivatelja iz cijelog svijeta, istra\u017eivanje onoga \u0161to Biblija ima za re\u0107i o darivanju i aktivnosti koje poti\u010du na razmi\u0161ljanje, molimo se da budete nadahnuti i opremljeni da prona\u0111ete novu slobodu kroz Bo\u017eji dar velikodu\u0161nosti. <\/p>\t\t\t\t\t\t\t\t<\/div>\n\t\t\t\t<div class=\"elementor-element elementor-element-814236f elementor-widget elementor-widget-button\" data-id=\"814236f\" data-element_type=\"widget\" data-e-type=\"widget\" data-widget_type=\"button.default\">\n\t\t\t\t\t\t\t\t\t\t<a class=\"elementor-button elementor-button-link elementor-size-sm\" href=\"https:\/\/generositypath.org\/hr\/odrzite-jog\/\">\n\t\t\t\t\t\t<span class=\"elementor-button-content-wrapper\">\n\t\t\t\t\t\t\t\t\t<span class=\"elementor-button-text\">Odr\u017ei JOG<\/span>\n\t\t\t\t\t<\/span>\n\t\t\t\t\t<\/a>\n\t\t\t\t\t\t\t\t<\/div>\n\t\t\t\t<\/div>\n\t\t\t\t\t<\/div>\n\t\t\t\t<\/div>\n\t\t<div class=\"elementor-element elementor-element-e1544ae e-flex e-con-boxed e-con e-parent\" data-id=\"e1544ae\" data-element_type=\"container\" data-e-type=\"container\">\n\t\t\t\t\t<div class=\"e-con-inner\">\n\t\t<div class=\"elementor-element elementor-element-382f6b8 e-con-full e-flex e-con e-child\" data-id=\"382f6b8\" data-element_type=\"container\" data-e-type=\"container\">\n\t\t\t\t<div class=\"elementor-element elementor-element-9b321f7 elementor-widget elementor-widget-heading\" data-id=\"9b321f7\" data-element_type=\"widget\" data-e-type=\"widget\" data-widget_type=\"heading.default\">\n\t\t\t\t\t<h2 class=\"elementor-heading-title elementor-size-default\">Budite na\u0161i partner<\/h2>\t\t\t\t<\/div>\n\t\t\t\t<div class=\"elementor-element elementor-element-f9fb88b elementor-widget elementor-widget-heading\" data-id=\"f9fb88b\" data-element_type=\"widget\" data-e-type=\"widget\" data-widget_type=\"heading.default\">\n\t\t\t\t\t<h3 class=\"elementor-heading-title elementor-size-default\">Vjerujemo da velikodu\u0161nost sli\u010dna Isusovoj ima mo\u0107 promijeniti svijet.<\/h3>\t\t\t\t<\/div>\n\t\t\t\t<div class=\"elementor-element elementor-element-93a4fde elementor-widget elementor-widget-text-editor\" data-id=\"93a4fde\" data-element_type=\"widget\" data-e-type=\"widget\" data-widget_type=\"text-editor.default\">\n\t\t\t\t\t\t\t\t\t<p>Ovako zna\u010dajna misija zahtijeva da svatko odigra svoju ulogu. Inspirirani va\u0161im iskustvom Putovanja dare\u017eljivosti i njegovim utjecajem na promjenu \u017eivota, postoji niz na\u010dina na koje mo\u017eete postati na\u0161 partner. <\/p>\t\t\t\t\t\t\t\t<\/div>\n\t\t\t\t<div class=\"elementor-element elementor-element-65310b5 elementor-widget elementor-widget-button\" data-id=\"65310b5\" data-element_type=\"widget\" data-e-type=\"widget\" data-widget_type=\"button.default\">\n\t\t\t\t\t\t\t\t\t\t<a class=\"elementor-button elementor-button-link elementor-size-sm\" href=\"https:\/\/generositypath.org\/hr\/budite-nas-partner\/\">\n\t\t\t\t\t\t<span class=\"elementor-button-content-wrapper\">\n\t\t\t\t\t\t\t\t\t<span class=\"elementor-button-text\">Budite na\u0161i partner<\/span>\n\t\t\t\t\t<\/span>\n\t\t\t\t\t<\/a>\n\t\t\t\t\t\t\t\t<\/div>\n\t\t\t\t<\/div>\n\t\t<div class=\"elementor-element elementor-element-9675887 e-con-full e-flex e-con e-child\" data-id=\"9675887\" data-element_type=\"container\" data-e-type=\"container\">\n\t\t\t\t<div class=\"elementor-element elementor-element-1db8053 elementor-widget elementor-widget-image\" data-id=\"1db8053\" data-element_type=\"widget\" data-e-type=\"widget\" data-widget_type=\"image.default\">\n\t\t\t\t\t\t\t\t\t\t\t\t\t\t\t<img decoding=\"async\" src=\"https:\/\/generositypath.org\/wp-content\/uploads\/2024\/08\/Man-Hosting-JOG.png\" title=\"\" alt=\"\" loading=\"lazy\" \/>\t\t\t\t\t\t\t\t\t\t\t\t\t\t\t<\/div>\n\t\t\t\t<\/div>\n\t\t\t\t\t<\/div>\n\t\t\t\t<\/div>\n\t\t<div class=\"elementor-element elementor-element-6aade3d e-flex e-con-boxed e-con e-parent\" data-id=\"6aade3d\" data-element_type=\"container\" data-e-type=\"container\" data-settings=\"{&quot;background_background&quot;:&quot;classic&quot;}\">\n\t\t\t\t\t<div class=\"e-con-inner\">\n\t\t<div class=\"elementor-element elementor-element-61c98ec e-con-full e-flex e-con e-child\" data-id=\"61c98ec\" data-element_type=\"container\" data-e-type=\"container\">\n\t\t\t\t<div class=\"elementor-element elementor-element-1c1acaf elementor-widget elementor-widget-heading\" data-id=\"1c1acaf\" data-element_type=\"widget\" data-e-type=\"widget\" data-widget_type=\"heading.default\">\n\t\t\t\t\t<h2 class=\"elementor-heading-title elementor-size-default\">\u0160to drugi ka\u017eu o JOG<\/h2>\t\t\t\t<\/div>\n\t\t\t\t<div class=\"elementor-element elementor-element-b405a99 elementor-widget elementor-widget-heading\" data-id=\"b405a99\" data-element_type=\"widget\" data-e-type=\"widget\" data-widget_type=\"heading.default\">\n\t\t\t\t\t<h2 class=\"elementor-heading-title elementor-size-default\">Slu\u0161ajte pri\u010de o transformaciji<\/h2>\t\t\t\t<\/div>\n\t\t\t\t<div class=\"elementor-element elementor-element-76a3f5b elementor-widget elementor-widget-text-editor\" data-id=\"76a3f5b\" data-element_type=\"widget\" data-e-type=\"widget\" data-widget_type=\"text-editor.default\">\n\t\t\t\t\t\t\t\t\tKako ovaj pokret radikalne, evan\u0111eoske velikodu\u0161nosti raste, \u010dujte od crkava, organizacija i pojedinaca koji su iskusili snagu Putovanja dare\u017eljivosti.\t\t\t\t\t\t\t\t<\/div>\n\t\t\t\t<\/div>\n\t\t<div class=\"elementor-element elementor-element-fed8d31 e-grid e-con-full e-con e-child\" data-id=\"fed8d31\" data-element_type=\"container\" data-e-type=\"container\">\n\t\t\t\t<div class=\"elementor-element elementor-element-d539eeb elementor-widget elementor-widget-html\" data-id=\"d539eeb\" data-element_type=\"widget\" data-e-type=\"widget\" data-widget_type=\"html.default\">\n\t\t\t\t\t<div style=\"position:relative;height:0;padding-bottom:177.94253938832253%\"><iframe class=\"sproutvideo-player\" src=\"https:\/\/videos.sproutvideo.com\/embed\/7991d1b31614eaccf0\/17a32b41a21e93cd?playerTheme=dark&amp;playerColor=2f3437\" style=\"position:absolute;width:100%;height:100%;left:0;top:0\" frameborder=\"0\" allowfullscreen=\"\" referrerpolicy=\"no-referrer-when-downgrade\" title=\"Video Player\"><\/iframe><\/div>\t\t\t\t<\/div>\n\t\t\t\t<div class=\"elementor-element elementor-element-50b2741 elementor-widget elementor-widget-html\" data-id=\"50b2741\" data-element_type=\"widget\" data-e-type=\"widget\" data-widget_type=\"html.default\">\n\t\t\t\t\t<div style=\"position:relative;height:0;padding-bottom:177.94253938832253%\"><iframe class=\"sproutvideo-player\" src=\"https:\/\/videos.sproutvideo.com\/embed\/ac91d1b31614eacd25\/42dc6791e4f878a9?playerTheme=dark&amp;playerColor=2f3437\" style=\"position:absolute;width:100%;height:100%;left:0;top:0\" frameborder=\"0\" allowfullscreen=\"\" referrerpolicy=\"no-referrer-when-downgrade\" title=\"Video Player\"><\/iframe><\/div>\t\t\t\t<\/div>\n\t\t\t\t<div class=\"elementor-element elementor-element-8c33b7b elementor-widget elementor-widget-html\" data-id=\"8c33b7b\" data-element_type=\"widget\" data-e-type=\"widget\" data-widget_type=\"html.default\">\n\t\t\t\t\t<div style=\"position:relative;height:0;padding-bottom:177.94253938832253%\"><iframe class=\"sproutvideo-player\" src=\"https:\/\/videos.sproutvideo.com\/embed\/d391d1b31614e5c15a\/af1241fa3d922eb7?playerTheme=dark&amp;playerColor=2f3437\" style=\"position:absolute;width:100%;height:100%;left:0;top:0\" frameborder=\"0\" allowfullscreen=\"\" referrerpolicy=\"no-referrer-when-downgrade\" title=\"Video Player\"><\/iframe><\/div>\t\t\t\t<\/div>\n\t\t\t\t<\/div>\n\t\t\t\t<div class=\"elementor-element elementor-element-f9e64a7 elementor-align-center elementor-widget elementor-widget-button\" data-id=\"f9e64a7\" data-element_type=\"widget\" data-e-type=\"widget\" data-widget_type=\"button.default\">\n\t\t\t\t\t\t\t\t\t\t<a class=\"elementor-button elementor-button-link elementor-size-sm\" href=\"https:\/\/generositypath.org\/host-a-jog#Stories\">\n\t\t\t\t\t\t<span class=\"elementor-button-content-wrapper\">\n\t\t\t\t\t\t\t\t\t<span class=\"elementor-button-text\">Pogledajte vi\u0161e svjedo\u010danstava <\/span>\n\t\t\t\t\t<\/span>\n\t\t\t\t\t<\/a>\n\t\t\t\t\t\t\t\t<\/div>\n\t\t\t\t\t<\/div>\n\t\t\t\t<\/div>\n\t\t\t\t<\/div>\n\t\t","protected":false},"excerpt":{"rendered":"<p>Pustiti ljude poput vas da \u017eive velikodu\u0161nije i slobodnije nego \u0161to ste ikada mogli zamisliti.<\/p>\n","protected":false},"author":2,"featured_media":5255,"parent":0,"menu_order":0,"comment_status":"closed","ping_status":"closed","template":"elementor_header_footer","meta":{"content-type":"","footnotes":""},"class_list":["post-5244","page","type-page","status-publish","has-post-thumbnail","hentry"],"_links":{"self":[{"href":"https:\/\/generositypath.org\/hr\/wp-json\/wp\/v2\/pages\/5244","targetHints":{"allow":["GET"]}}],"collection":[{"href":"https:\/\/generositypath.org\/hr\/wp-json\/wp\/v2\/pages"}],"about":[{"href":"https:\/\/generositypath.org\/hr\/wp-json\/wp\/v2\/types\/page"}],"author":[{"embeddable":true,"href":"https:\/\/generositypath.org\/hr\/wp-json\/wp\/v2\/users\/2"}],"replies":[{"embeddable":true,"href":"https:\/\/generositypath.org\/hr\/wp-json\/wp\/v2\/comments?post=5244"}],"version-history":[{"count":12,"href":"https:\/\/generositypath.org\/hr\/wp-json\/wp\/v2\/pages\/5244\/revisions"}],"predecessor-version":[{"id":13187,"href":"https:\/\/generositypath.org\/hr\/wp-json\/wp\/v2\/pages\/5244\/revisions\/13187"}],"wp:featuredmedia":[{"embeddable":true,"href":"https:\/\/generositypath.org\/hr\/wp-json\/wp\/v2\/media\/5255"}],"wp:attachment":[{"href":"https:\/\/generositypath.org\/hr\/wp-json\/wp\/v2\/media?parent=5244"}],"curies":[{"name":"wp","href":"https:\/\/api.w.org\/{rel}","templated":true}]}}