{"id":5275,"date":"2024-08-15T11:15:11","date_gmt":"2024-08-15T11:15:11","guid":{"rendered":"https:\/\/generositypath.org\/budite-nas-partner\/"},"modified":"2025-06-19T12:41:29","modified_gmt":"2025-06-19T12:41:29","slug":"budite-nas-partner","status":"publish","type":"page","link":"https:\/\/generositypath.org\/hr\/budite-nas-partner\/","title":{"rendered":"Budite na\u0161 partner"},"content":{"rendered":"\t\t<div data-elementor-type=\"wp-page\" data-elementor-id=\"5275\" class=\"elementor elementor-5275 elementor-566\" data-elementor-post-type=\"page\">\n\t\t\t\t<div class=\"elementor-element elementor-element-dea5376 e-flex e-con-boxed e-con e-parent\" data-id=\"dea5376\" data-element_type=\"container\" data-e-type=\"container\">\n\t\t\t\t\t<div class=\"e-con-inner\">\n\t\t<div class=\"elementor-element elementor-element-29d3e0f e-con-full e-flex e-con e-child\" data-id=\"29d3e0f\" data-element_type=\"container\" data-e-type=\"container\">\n\t\t\t\t<div class=\"elementor-element elementor-element-47fcc5b elementor-widget elementor-widget-heading\" data-id=\"47fcc5b\" data-element_type=\"widget\" data-e-type=\"widget\" data-widget_type=\"heading.default\">\n\t\t\t\t\t<h1 class=\"elementor-heading-title elementor-size-default\">Budite na\u0161 partner<\/h1>\t\t\t\t<\/div>\n\t\t\t\t<\/div>\n\t\t\t\t\t<\/div>\n\t\t\t\t<\/div>\n\t\t<div class=\"elementor-element elementor-element-dd26685 e-flex e-con-boxed e-con e-parent\" data-id=\"dd26685\" data-element_type=\"container\" data-e-type=\"container\">\n\t\t\t\t\t<div class=\"e-con-inner\">\n\t\t<div class=\"elementor-element elementor-element-1f190d4 e-con-full e-flex e-con e-child\" data-id=\"1f190d4\" data-element_type=\"container\" data-e-type=\"container\">\n\t\t\t\t<div class=\"elementor-element elementor-element-4f74f9f elementor-widget elementor-widget-heading\" data-id=\"4f74f9f\" data-element_type=\"widget\" data-e-type=\"widget\" data-widget_type=\"heading.default\">\n\t\t\t\t\t<h3 class=\"elementor-heading-title elementor-size-default\">Svijet izlje\u010den dare\u017eljivo\u0161\u0107u<\/h3>\t\t\t\t<\/div>\n\t\t\t\t<div class=\"elementor-element elementor-element-0887004 elementor-widget elementor-widget-text-editor\" data-id=\"0887004\" data-element_type=\"widget\" data-e-type=\"widget\" data-widget_type=\"text-editor.default\">\n\t\t\t\t\t\t\t\t\tOvako velika vizija zahtijeva da se svi Bo\u017eji ljudi udru\u017ee i odigraju svoju ulogu. Molimo se da nam, nadahnuti iskustvom Generosity Path i njegovim utjecajem koji Vam je promijenio \u017eivot, po\u017eelite pomo\u0107i u ostvarivanju na\u0161e misije. U nastavku saznajte kako se mo\u017eete uklju\u010diti.   \t\t\t\t\t\t\t\t<\/div>\n\t\t<div class=\"elementor-element elementor-element-f26ff24 e-con-full e-flex e-con e-child\" data-id=\"f26ff24\" data-element_type=\"container\" data-e-type=\"container\">\n\t\t\t\t<div class=\"elementor-element elementor-element-00b42de elementor-widget elementor-widget-button\" data-id=\"00b42de\" data-element_type=\"widget\" data-e-type=\"widget\" data-widget_type=\"button.default\">\n\t\t\t\t\t\t\t\t\t\t<a class=\"elementor-button elementor-button-link elementor-size-sm\" href=\"#host_jog\">\n\t\t\t\t\t\t<span class=\"elementor-button-content-wrapper\">\n\t\t\t\t\t\t\t\t\t<span class=\"elementor-button-text\">JOG Doma\u0107in<\/span>\n\t\t\t\t\t<\/span>\n\t\t\t\t\t<\/a>\n\t\t\t\t\t\t\t\t<\/div>\n\t\t\t\t<div class=\"elementor-element elementor-element-b15997b elementor-widget elementor-widget-button\" data-id=\"b15997b\" data-element_type=\"widget\" data-e-type=\"widget\" data-widget_type=\"button.default\">\n\t\t\t\t\t\t\t\t\t\t<a class=\"elementor-button elementor-button-link elementor-size-sm\" href=\"#catalyst\">\n\t\t\t\t\t\t<span class=\"elementor-button-content-wrapper\">\n\t\t\t\t\t\t\t\t\t<span class=\"elementor-button-text\">JOG katalizator<\/span>\n\t\t\t\t\t<\/span>\n\t\t\t\t\t<\/a>\n\t\t\t\t\t\t\t\t<\/div>\n\t\t\t\t<div class=\"elementor-element elementor-element-b69a454 elementor-widget elementor-widget-button\" data-id=\"b69a454\" data-element_type=\"widget\" data-e-type=\"widget\" data-widget_type=\"button.default\">\n\t\t\t\t\t\t\t\t\t\t<a class=\"elementor-button elementor-button-link elementor-size-sm\" href=\"#delivery\">\n\t\t\t\t\t\t<span class=\"elementor-button-content-wrapper\">\n\t\t\t\t\t\t\t\t\t<span class=\"elementor-button-text\">Partner u slu\u017ebi<\/span>\n\t\t\t\t\t<\/span>\n\t\t\t\t\t<\/a>\n\t\t\t\t\t\t\t\t<\/div>\n\t\t\t\t<div class=\"elementor-element elementor-element-f010a56 elementor-widget elementor-widget-button\" data-id=\"f010a56\" data-element_type=\"widget\" data-e-type=\"widget\" data-widget_type=\"button.default\">\n\t\t\t\t\t\t\t\t\t\t<a class=\"elementor-button elementor-button-link elementor-size-sm\" href=\"#funding\">\n\t\t\t\t\t\t<span class=\"elementor-button-content-wrapper\">\n\t\t\t\t\t\t\t\t\t<span class=\"elementor-button-text\">Partner za financiranje<\/span>\n\t\t\t\t\t<\/span>\n\t\t\t\t\t<\/a>\n\t\t\t\t\t\t\t\t<\/div>\n\t\t\t\t<\/div>\n\t\t\t\t<\/div>\n\t\t<div class=\"elementor-element elementor-element-c9f3027 e-con-full e-flex e-con e-child\" data-id=\"c9f3027\" data-element_type=\"container\" data-e-type=\"container\">\n\t\t\t\t<div class=\"elementor-element elementor-element-1443945 elementor-widget elementor-widget-image\" data-id=\"1443945\" data-element_type=\"widget\" data-e-type=\"widget\" data-widget_type=\"image.default\">\n\t\t\t\t\t\t\t\t\t\t\t\t\t\t\t<img fetchpriority=\"high\" decoding=\"async\" width=\"800\" height=\"450\" src=\"https:\/\/generositypath.org\/wp-content\/uploads\/2024\/10\/9-1024x576.webp\" class=\"attachment-large size-large wp-image-5252\" alt=\"group\" srcset=\"https:\/\/generositypath.org\/wp-content\/uploads\/2024\/10\/9-1024x576.webp 1024w, https:\/\/generositypath.org\/wp-content\/uploads\/2024\/10\/9-300x169.png 300w, https:\/\/generositypath.org\/wp-content\/uploads\/2024\/10\/9-768x432.png 768w, https:\/\/generositypath.org\/wp-content\/uploads\/2024\/10\/9-1536x864.webp 1536w, https:\/\/generositypath.org\/wp-content\/uploads\/2024\/10\/9.webp 1920w\" sizes=\"(max-width: 800px) 100vw, 800px\" \/>\t\t\t\t\t\t\t\t\t\t\t\t\t\t\t<\/div>\n\t\t\t\t<\/div>\n\t\t\t\t\t<\/div>\n\t\t\t\t<\/div>\n\t\t<div class=\"elementor-element elementor-element-bed6652 e-flex e-con-boxed e-con e-parent\" data-id=\"bed6652\" data-element_type=\"container\" data-e-type=\"container\" data-settings=\"{&quot;background_background&quot;:&quot;classic&quot;,&quot;background_motion_fx_motion_fx_scrolling&quot;:&quot;yes&quot;,&quot;background_motion_fx_translateY_effect&quot;:&quot;yes&quot;,&quot;background_motion_fx_translateY_speed&quot;:{&quot;unit&quot;:&quot;px&quot;,&quot;size&quot;:4,&quot;sizes&quot;:[]},&quot;background_motion_fx_translateY_affectedRange&quot;:{&quot;unit&quot;:&quot;%&quot;,&quot;size&quot;:&quot;&quot;,&quot;sizes&quot;:{&quot;start&quot;:0,&quot;end&quot;:100}},&quot;background_motion_fx_devices&quot;:[&quot;desktop&quot;,&quot;tablet&quot;,&quot;mobile&quot;]}\">\n\t\t\t\t\t<div class=\"e-con-inner\">\n\t\t<div class=\"elementor-element elementor-element-cf0ab4f e-con-full e-flex e-con e-child\" data-id=\"cf0ab4f\" data-element_type=\"container\" data-e-type=\"container\">\n\t\t\t\t<div class=\"elementor-element elementor-element-cfd27b7 elementor-widget elementor-widget-heading\" data-id=\"cfd27b7\" data-element_type=\"widget\" data-e-type=\"widget\" data-widget_type=\"heading.default\">\n\t\t\t\t\t<h2 class=\"elementor-heading-title elementor-size-default\">Molite s nama<\/h2>\t\t\t\t<\/div>\n\t\t\t\t<div class=\"elementor-element elementor-element-544a88a elementor-widget elementor-widget-text-editor\" data-id=\"544a88a\" data-element_type=\"widget\" data-e-type=\"widget\" data-widget_type=\"text-editor.default\">\n\t\t\t\t\t\t\t\t\t<p>Ne postoji ni\u0161ta mo\u0107nije od molitve. Zahvalni smo za sve one ljude koji su dovoljno velikodu\u0161ni da se redovito mole za nas, i voljeli bismo da i vi \u010dinite isto. <\/p>\t\t\t\t\t\t\t\t<\/div>\n\t\t\t\t<\/div>\n\t\t\t\t\t<\/div>\n\t\t\t\t<\/div>\n\t\t<div class=\"elementor-element elementor-element-80048c1 e-flex e-con-boxed e-con e-parent\" data-id=\"80048c1\" data-element_type=\"container\" data-e-type=\"container\">\n\t\t\t\t\t<div class=\"e-con-inner\">\n\t\t<div class=\"elementor-element elementor-element-6c16e53 e-con-full e-flex e-con e-child\" data-id=\"6c16e53\" data-element_type=\"container\" data-e-type=\"container\">\n\t\t\t\t<div class=\"elementor-element elementor-element-90c561f elementor-widget elementor-widget-heading\" data-id=\"90c561f\" data-element_type=\"widget\" data-e-type=\"widget\" data-widget_type=\"heading.default\">\n\t\t\t\t\t<h2 class=\"elementor-heading-title elementor-size-default\">Gdje radimo<\/h2>\t\t\t\t<\/div>\n\t\t\t\t<div class=\"elementor-element elementor-element-88635c5 elementor-widget elementor-widget-text-editor\" data-id=\"88635c5\" data-element_type=\"widget\" data-e-type=\"widget\" data-widget_type=\"text-editor.default\">\n\t\t\t\t\t\t\t\t\tNa\u0161 cilj je biti aktivno prisutan u svakoj zemlji svijeta do kraja 2027. godine. <br>Mo\u017eda biste mogli pomo\u0107i da se Putovanje dare\u017eljivosti dovede u Va\u0161u zemlju?\t\t\t\t\t\t\t\t<\/div>\n\t\t\t\t<\/div>\n\t\t\t\t<div class=\"elementor-element elementor-element-8b69837 elementor-widget elementor-widget-image\" data-id=\"8b69837\" data-element_type=\"widget\" data-e-type=\"widget\" data-widget_type=\"image.default\">\n\t\t\t\t\t\t\t\t\t\t\t\t\t\t\t<img decoding=\"async\" width=\"1920\" height=\"1011\" src=\"https:\/\/generositypath.org\/wp-content\/uploads\/2025\/02\/Where-we-work.webp\" class=\"attachment-full size-full wp-image-5276\" alt=\"A map showing where we work\" srcset=\"https:\/\/generositypath.org\/wp-content\/uploads\/2025\/02\/Where-we-work.webp 1920w, https:\/\/generositypath.org\/wp-content\/uploads\/2025\/02\/Where-we-work-300x158.png 300w, https:\/\/generositypath.org\/wp-content\/uploads\/2025\/02\/Where-we-work-1024x539.webp 1024w, https:\/\/generositypath.org\/wp-content\/uploads\/2025\/02\/Where-we-work-768x405.png 768w, https:\/\/generositypath.org\/wp-content\/uploads\/2025\/02\/Where-we-work-1536x809.webp 1536w\" sizes=\"(max-width: 1920px) 100vw, 1920px\" \/>\t\t\t\t\t\t\t\t\t\t\t\t\t\t\t<\/div>\n\t\t\t\t<div class=\"elementor-element elementor-element-6599989 elementor-widget elementor-widget-button\" data-id=\"6599989\" data-element_type=\"widget\" data-e-type=\"widget\" data-widget_type=\"button.default\">\n\t\t\t\t\t\t\t\t\t\t<a class=\"elementor-button elementor-button-link elementor-size-sm\" href=\"https:\/\/generositypath.org\/about-us\/#Team\">\n\t\t\t\t\t\t<span class=\"elementor-button-content-wrapper\">\n\t\t\t\t\t\t\t\t\t<span class=\"elementor-button-text\">Saznajte vi\u0161e<\/span>\n\t\t\t\t\t<\/span>\n\t\t\t\t\t<\/a>\n\t\t\t\t\t\t\t\t<\/div>\n\t\t\t\t\t<\/div>\n\t\t\t\t<\/div>\n\t\t<div class=\"elementor-element elementor-element-e694c85 e-flex e-con-boxed e-con e-parent\" data-id=\"e694c85\" data-element_type=\"container\" data-e-type=\"container\">\n\t\t\t\t\t<div class=\"e-con-inner\">\n\t\t\t\t<div class=\"elementor-element elementor-element-b301ff7 elementor-widget elementor-widget-heading\" data-id=\"b301ff7\" data-element_type=\"widget\" data-e-type=\"widget\" data-widget_type=\"heading.default\">\n\t\t\t\t\t<h2 class=\"elementor-heading-title elementor-size-default\">Na\u010dini partnerstva<\/h2>\t\t\t\t<\/div>\n\t\t<div class=\"elementor-element elementor-element-912a46d e-con-full e-flex e-con e-child\" data-id=\"912a46d\" data-element_type=\"container\" data-e-type=\"container\" id=\"host_jog\">\n\t\t<div class=\"elementor-element elementor-element-da5a6ed e-con-full e-flex e-con e-child\" data-id=\"da5a6ed\" data-element_type=\"container\" data-e-type=\"container\">\n\t\t\t\t<div class=\"elementor-element elementor-element-686c284 elementor-widget elementor-widget-heading\" data-id=\"686c284\" data-element_type=\"widget\" data-e-type=\"widget\" data-widget_type=\"heading.default\">\n\t\t\t\t\t<h3 class=\"elementor-heading-title elementor-size-default\">Odr\u017eite JOG<\/h3>\t\t\t\t<\/div>\n\t\t\t\t<div class=\"elementor-element elementor-element-86e2a46 elementor-widget elementor-widget-text-editor\" data-id=\"86e2a46\" data-element_type=\"widget\" data-e-type=\"widget\" data-widget_type=\"text-editor.default\">\n\t\t\t\t\t\t\t\t\tNajjednostavniji na\u010din da svatko zapo\u010dne svoje velikodu\u0161no putovanje jest da bude Doma\u0107in Putovanja dare\u017eljivosti (JOG). Ovaj besplatni doga\u0111aj dostupan je u brojnim formatima i osmi\u0161ljen je tako da svakome bude lako odr\u017eati iskustvo u svojoj crkvi, kod ku\u0107e ili na radnom mjestu. \t\t\t\t\t\t\t\t<\/div>\n\t\t\t\t<div class=\"elementor-element elementor-element-3e1f23a elementor-widget elementor-widget-button\" data-id=\"3e1f23a\" data-element_type=\"widget\" data-e-type=\"widget\" data-widget_type=\"button.default\">\n\t\t\t\t\t\t\t\t\t\t<a class=\"elementor-button elementor-button-link elementor-size-sm\" href=\"https:\/\/my.generositypath.org\/auth\/login?hsLang=en\">\n\t\t\t\t\t\t<span class=\"elementor-button-content-wrapper\">\n\t\t\t\t\t\t\t\t\t<span class=\"elementor-button-text\">Zapo\u010dnite<\/span>\n\t\t\t\t\t<\/span>\n\t\t\t\t\t<\/a>\n\t\t\t\t\t\t\t\t<\/div>\n\t\t\t\t<\/div>\n\t\t<div class=\"elementor-element elementor-element-bd73dd2 e-con-full e-flex e-con e-child\" data-id=\"bd73dd2\" data-element_type=\"container\" data-e-type=\"container\">\n\t\t\t\t<div class=\"elementor-element elementor-element-ea4232a elementor-widget elementor-widget-image\" data-id=\"ea4232a\" data-element_type=\"widget\" data-e-type=\"widget\" data-widget_type=\"image.default\">\n\t\t\t\t\t\t\t\t\t\t\t\t\t\t\t<img decoding=\"async\" width=\"800\" height=\"534\" src=\"https:\/\/generositypath.org\/wp-content\/uploads\/2024\/10\/dylan-gillis-KdeqA3aTnBY-unsplash-1024x683.webp\" class=\"attachment-large size-large wp-image-5253\" alt=\"\" srcset=\"https:\/\/generositypath.org\/wp-content\/uploads\/2024\/10\/dylan-gillis-KdeqA3aTnBY-unsplash-1024x683.webp 1024w, https:\/\/generositypath.org\/wp-content\/uploads\/2024\/10\/dylan-gillis-KdeqA3aTnBY-unsplash-300x200.jpg 300w, https:\/\/generositypath.org\/wp-content\/uploads\/2024\/10\/dylan-gillis-KdeqA3aTnBY-unsplash-768x512.jpg 768w, https:\/\/generositypath.org\/wp-content\/uploads\/2024\/10\/dylan-gillis-KdeqA3aTnBY-unsplash-1536x1024.webp 1536w, https:\/\/generositypath.org\/wp-content\/uploads\/2024\/10\/dylan-gillis-KdeqA3aTnBY-unsplash-scaled.webp 1920w\" sizes=\"(max-width: 800px) 100vw, 800px\" \/>\t\t\t\t\t\t\t\t\t\t\t\t\t\t\t<\/div>\n\t\t\t\t<\/div>\n\t\t\t\t<\/div>\n\t\t<div class=\"elementor-element elementor-element-098dec7 e-con-full e-flex e-con e-child\" data-id=\"098dec7\" data-element_type=\"container\" data-e-type=\"container\" id=\"catalyst\">\n\t\t<div class=\"elementor-element elementor-element-49cbb60 e-con-full e-flex e-con e-child\" data-id=\"49cbb60\" data-element_type=\"container\" data-e-type=\"container\">\n\t\t\t\t<div class=\"elementor-element elementor-element-94dc02c elementor-widget elementor-widget-image\" data-id=\"94dc02c\" data-element_type=\"widget\" data-e-type=\"widget\" data-widget_type=\"image.default\">\n\t\t\t\t\t\t\t\t\t\t\t\t\t\t\t<img loading=\"lazy\" decoding=\"async\" width=\"800\" height=\"602\" src=\"https:\/\/generositypath.org\/wp-content\/uploads\/2024\/08\/Networking-1024x771.webp\" class=\"attachment-large size-large wp-image-5261\" alt=\"\" srcset=\"https:\/\/generositypath.org\/wp-content\/uploads\/2024\/08\/Networking-1024x771.webp 1024w, https:\/\/generositypath.org\/wp-content\/uploads\/2024\/08\/Networking-300x226.png 300w, https:\/\/generositypath.org\/wp-content\/uploads\/2024\/08\/Networking-768x578.png 768w, https:\/\/generositypath.org\/wp-content\/uploads\/2024\/08\/Networking.webp 1080w\" sizes=\"(max-width: 800px) 100vw, 800px\" \/>\t\t\t\t\t\t\t\t\t\t\t\t\t\t\t<\/div>\n\t\t\t\t<\/div>\n\t\t<div class=\"elementor-element elementor-element-042fa1f e-con-full e-flex e-con e-child\" data-id=\"042fa1f\" data-element_type=\"container\" data-e-type=\"container\">\n\t\t\t\t<div class=\"elementor-element elementor-element-3a45f86 elementor-widget elementor-widget-heading\" data-id=\"3a45f86\" data-element_type=\"widget\" data-e-type=\"widget\" data-widget_type=\"heading.default\">\n\t\t\t\t\t<h3 class=\"elementor-heading-title elementor-size-default\">Postanite katalizator JOG<\/h3>\t\t\t\t<\/div>\n\t\t\t\t<div class=\"elementor-element elementor-element-816b137 elementor-widget elementor-widget-text-editor\" data-id=\"816b137\" data-element_type=\"widget\" data-e-type=\"widget\" data-widget_type=\"text-editor.default\">\n\t\t\t\t\t\t\t\t\tKako na\u0161a prisutnost raste diljem svijeta, tra\u017eimo volontere koji nam mogu pomo\u0107i da iskustvo Putovanje dare\u017eljivosti prenesemo u nove regije i gradove unutar svojih zemalja. Ako \u017eelite igrati ulogu u \u0161irenju velikodu\u0161nosti Evan\u0111elja u lokalnim zajednicama, voljeli bismo \u010duti va\u0161e mi\u0161ljenje. \t\t\t\t\t\t\t\t<\/div>\n\t\t\t\t<div class=\"elementor-element elementor-element-72ca1b9 elementor-widget elementor-widget-button\" data-id=\"72ca1b9\" data-element_type=\"widget\" data-e-type=\"widget\" data-widget_type=\"button.default\">\n\t\t\t\t\t\t\t\t\t\t<a class=\"elementor-button elementor-button-link elementor-size-sm\" href=\"https:\/\/generositypath.org\/hr\/nas-tim\/\">\n\t\t\t\t\t\t<span class=\"elementor-button-content-wrapper\">\n\t\t\t\t\t\t\t\t\t<span class=\"elementor-button-text\">Kontaktirajte tim<\/span>\n\t\t\t\t\t<\/span>\n\t\t\t\t\t<\/a>\n\t\t\t\t\t\t\t\t<\/div>\n\t\t\t\t<\/div>\n\t\t\t\t<\/div>\n\t\t<div class=\"elementor-element elementor-element-708a7ef e-con-full e-flex e-con e-child\" data-id=\"708a7ef\" data-element_type=\"container\" data-e-type=\"container\" id=\"delivery\">\n\t\t<div class=\"elementor-element elementor-element-3ba3372 e-con-full e-flex e-con e-child\" data-id=\"3ba3372\" data-element_type=\"container\" data-e-type=\"container\">\n\t\t\t\t<div class=\"elementor-element elementor-element-344e79a elementor-widget elementor-widget-heading\" data-id=\"344e79a\" data-element_type=\"widget\" data-e-type=\"widget\" data-widget_type=\"heading.default\">\n\t\t\t\t\t<h3 class=\"elementor-heading-title elementor-size-default\">Organizirajte JOGs u svojoj crkvi, humanitarnoj organizaciji ili udruzi.<\/h3>\t\t\t\t<\/div>\n\t\t\t\t<div class=\"elementor-element elementor-element-148ef83 elementor-widget elementor-widget-text-editor\" data-id=\"148ef83\" data-element_type=\"widget\" data-e-type=\"widget\" data-widget_type=\"text-editor.default\">\n\t\t\t\t\t\t\t\t\t<p>Uvijek smo voljni sura\u0111ivati s lokalnim vo\u0111ama koji \u017eele vidjeti svoju crkvu ili organizaciju preobra\u017eenu snagom evan\u0111eoske velikodu\u0161nosti. Slobodno nam se javite \u2013 rado \u0107emo podijeliti vi\u0161e o tome kako vam mo\u017eemo pomo\u0107i. <\/p>\t\t\t\t\t\t\t\t<\/div>\n\t\t\t\t<div class=\"elementor-element elementor-element-ed4a119 elementor-widget elementor-widget-button\" data-id=\"ed4a119\" data-element_type=\"widget\" data-e-type=\"widget\" data-widget_type=\"button.default\">\n\t\t\t\t\t\t\t\t\t\t<a class=\"elementor-button elementor-button-link elementor-size-sm\" href=\"https:\/\/generositypath.org\/hr\/nas-tim\/\">\n\t\t\t\t\t\t<span class=\"elementor-button-content-wrapper\">\n\t\t\t\t\t\t\t\t\t<span class=\"elementor-button-text\">Kontaktirajte tim<\/span>\n\t\t\t\t\t<\/span>\n\t\t\t\t\t<\/a>\n\t\t\t\t\t\t\t\t<\/div>\n\t\t\t\t<\/div>\n\t\t<div class=\"elementor-element elementor-element-16b2946 e-con-full e-flex e-con e-child\" data-id=\"16b2946\" data-element_type=\"container\" data-e-type=\"container\">\n\t\t\t\t<div class=\"elementor-element elementor-element-dd486e6 elementor-widget elementor-widget-image\" data-id=\"dd486e6\" data-element_type=\"widget\" data-e-type=\"widget\" data-widget_type=\"image.default\">\n\t\t\t\t\t\t\t\t\t\t\t\t\t\t\t<img loading=\"lazy\" decoding=\"async\" width=\"800\" height=\"800\" src=\"https:\/\/generositypath.org\/wp-content\/uploads\/2024\/08\/Lady-smiling-1024x1024.webp\" class=\"attachment-large size-large wp-image-125\" alt=\"\" srcset=\"https:\/\/generositypath.org\/wp-content\/uploads\/2024\/08\/Lady-smiling-1024x1024.webp 1024w, https:\/\/generositypath.org\/wp-content\/uploads\/2024\/08\/Lady-smiling-300x300.png 300w, https:\/\/generositypath.org\/wp-content\/uploads\/2024\/08\/Lady-smiling-150x150.png 150w, https:\/\/generositypath.org\/wp-content\/uploads\/2024\/08\/Lady-smiling-768x768.png 768w, https:\/\/generositypath.org\/wp-content\/uploads\/2024\/08\/Lady-smiling.webp 1080w\" sizes=\"(max-width: 800px) 100vw, 800px\" \/>\t\t\t\t\t\t\t\t\t\t\t\t\t\t\t<\/div>\n\t\t\t\t<\/div>\n\t\t\t\t<\/div>\n\t\t<div class=\"elementor-element elementor-element-1a963a0 e-con-full e-flex e-con e-child\" data-id=\"1a963a0\" data-element_type=\"container\" data-e-type=\"container\" id=\"funding\">\n\t\t<div class=\"elementor-element elementor-element-c516635 e-con-full e-flex e-con e-child\" data-id=\"c516635\" data-element_type=\"container\" data-e-type=\"container\">\n\t\t\t\t<div class=\"elementor-element elementor-element-ccd901e elementor-widget elementor-widget-image\" data-id=\"ccd901e\" data-element_type=\"widget\" data-e-type=\"widget\" data-widget_type=\"image.default\">\n\t\t\t\t\t\t\t\t\t\t\t\t\t\t\t<img loading=\"lazy\" decoding=\"async\" width=\"800\" height=\"534\" src=\"https:\/\/generositypath.org\/wp-content\/uploads\/2024\/10\/joshua-hanson-I49bIyEHaIs-unsplash-1024x683.webp\" class=\"attachment-large size-large wp-image-5254\" alt=\"\" srcset=\"https:\/\/generositypath.org\/wp-content\/uploads\/2024\/10\/joshua-hanson-I49bIyEHaIs-unsplash-1024x683.webp 1024w, https:\/\/generositypath.org\/wp-content\/uploads\/2024\/10\/joshua-hanson-I49bIyEHaIs-unsplash-300x200.jpg 300w, https:\/\/generositypath.org\/wp-content\/uploads\/2024\/10\/joshua-hanson-I49bIyEHaIs-unsplash-768x512.jpg 768w, https:\/\/generositypath.org\/wp-content\/uploads\/2024\/10\/joshua-hanson-I49bIyEHaIs-unsplash-1536x1024.webp 1536w, https:\/\/generositypath.org\/wp-content\/uploads\/2024\/10\/joshua-hanson-I49bIyEHaIs-unsplash-scaled.webp 1920w\" sizes=\"(max-width: 800px) 100vw, 800px\" \/>\t\t\t\t\t\t\t\t\t\t\t\t\t\t\t<\/div>\n\t\t\t\t<\/div>\n\t\t<div class=\"elementor-element elementor-element-1bb4a19 e-con-full e-flex e-con e-child\" data-id=\"1bb4a19\" data-element_type=\"container\" data-e-type=\"container\">\n\t\t\t\t<div class=\"elementor-element elementor-element-71c202e elementor-widget elementor-widget-heading\" data-id=\"71c202e\" data-element_type=\"widget\" data-e-type=\"widget\" data-widget_type=\"heading.default\">\n\t\t\t\t\t<h2 class=\"elementor-heading-title elementor-size-default\">Postanite financijski partner<\/h2>\t\t\t\t<\/div>\n\t\t\t\t<div class=\"elementor-element elementor-element-bc4997a elementor-widget elementor-widget-text-editor\" data-id=\"bc4997a\" data-element_type=\"widget\" data-e-type=\"widget\" data-widget_type=\"text-editor.default\">\n\t\t\t\t\t\t\t\t\tGenerosity Path privatno financiraju pojedinci, organizacije i zaklade koji imaju srce vidjeti kr\u0161\u0107ane koji \u017eive radikalnu velikodu\u0161nost. Ako \u017eelite istra\u017eiti mogu\u0107nost partnerstva s nama kako bismo pove\u0107ali na\u0161 doseg i utjecaj diljem svijeta ili u odre\u0111enoj regiji, voljeli bismo \u010duti Va\u0161e mi\u0161ljenje. \t\t\t\t\t\t\t\t<\/div>\n\t\t\t\t<div class=\"elementor-element elementor-element-8306b09 elementor-widget elementor-widget-button\" data-id=\"8306b09\" data-element_type=\"widget\" data-e-type=\"widget\" data-widget_type=\"button.default\">\n\t\t\t\t\t\t\t\t\t\t<a class=\"elementor-button elementor-button-link elementor-size-sm\" href=\"https:\/\/generositypath.org\/hr\/nas-tim\/\">\n\t\t\t\t\t\t<span class=\"elementor-button-content-wrapper\">\n\t\t\t\t\t\t\t\t\t<span class=\"elementor-button-text\">Kontaktirajte tim<\/span>\n\t\t\t\t\t<\/span>\n\t\t\t\t\t<\/a>\n\t\t\t\t\t\t\t\t<\/div>\n\t\t\t\t<\/div>\n\t\t\t\t<\/div>\n\t\t\t\t\t<\/div>\n\t\t\t\t<\/div>\n\t\t\t\t<\/div>\n\t\t","protected":false},"excerpt":{"rendered":"<p>Osna\u017euju\u0107i utjecaj kroz transformativno partnerstvo s Generosity Path.<\/p>\n","protected":false},"author":2,"featured_media":5255,"parent":0,"menu_order":0,"comment_status":"closed","ping_status":"closed","template":"elementor_header_footer","meta":{"content-type":"","footnotes":""},"class_list":["post-5275","page","type-page","status-publish","has-post-thumbnail","hentry"],"_links":{"self":[{"href":"https:\/\/generositypath.org\/hr\/wp-json\/wp\/v2\/pages\/5275","targetHints":{"allow":["GET"]}}],"collection":[{"href":"https:\/\/generositypath.org\/hr\/wp-json\/wp\/v2\/pages"}],"about":[{"href":"https:\/\/generositypath.org\/hr\/wp-json\/wp\/v2\/types\/page"}],"author":[{"embeddable":true,"href":"https:\/\/generositypath.org\/hr\/wp-json\/wp\/v2\/users\/2"}],"replies":[{"embeddable":true,"href":"https:\/\/generositypath.org\/hr\/wp-json\/wp\/v2\/comments?post=5275"}],"version-history":[{"count":1,"href":"https:\/\/generositypath.org\/hr\/wp-json\/wp\/v2\/pages\/5275\/revisions"}],"predecessor-version":[{"id":5277,"href":"https:\/\/generositypath.org\/hr\/wp-json\/wp\/v2\/pages\/5275\/revisions\/5277"}],"wp:featuredmedia":[{"embeddable":true,"href":"https:\/\/generositypath.org\/hr\/wp-json\/wp\/v2\/media\/5255"}],"wp:attachment":[{"href":"https:\/\/generositypath.org\/hr\/wp-json\/wp\/v2\/media?parent=5275"}],"curies":[{"name":"wp","href":"https:\/\/api.w.org\/{rel}","templated":true}]}}