{"id":4330,"date":"2024-08-15T11:15:11","date_gmt":"2024-08-15T11:15:11","guid":{"rendered":"https:\/\/generositypath.org\/legyel-a-partnerunk\/"},"modified":"2025-05-12T08:06:43","modified_gmt":"2025-05-12T08:06:43","slug":"legyel-a-partnerunk","status":"publish","type":"page","link":"https:\/\/generositypath.org\/hu\/legyel-a-partnerunk\/","title":{"rendered":"Legy\u00e9l a partner\u00fcnk"},"content":{"rendered":"\t\t<div data-elementor-type=\"wp-page\" data-elementor-id=\"4330\" class=\"elementor elementor-4330 elementor-566\" data-elementor-post-type=\"page\">\n\t\t\t\t<div class=\"elementor-element elementor-element-dea5376 e-flex e-con-boxed e-con e-parent\" data-id=\"dea5376\" data-element_type=\"container\" data-e-type=\"container\">\n\t\t\t\t\t<div class=\"e-con-inner\">\n\t\t<div class=\"elementor-element elementor-element-29d3e0f e-con-full e-flex e-con e-child\" data-id=\"29d3e0f\" data-element_type=\"container\" data-e-type=\"container\">\n\t\t\t\t<div class=\"elementor-element elementor-element-47fcc5b elementor-widget elementor-widget-heading\" data-id=\"47fcc5b\" data-element_type=\"widget\" data-e-type=\"widget\" data-widget_type=\"heading.default\">\n\t\t\t\t\t<h1 class=\"elementor-heading-title elementor-size-default\">Legy\u00e9l a partner\u00fcnk<\/h1>\t\t\t\t<\/div>\n\t\t\t\t<\/div>\n\t\t\t\t\t<\/div>\n\t\t\t\t<\/div>\n\t\t<div class=\"elementor-element elementor-element-dd26685 e-flex e-con-boxed e-con e-parent\" data-id=\"dd26685\" data-element_type=\"container\" data-e-type=\"container\">\n\t\t\t\t\t<div class=\"e-con-inner\">\n\t\t<div class=\"elementor-element elementor-element-1f190d4 e-con-full e-flex e-con e-child\" data-id=\"1f190d4\" data-element_type=\"container\" data-e-type=\"container\">\n\t\t\t\t<div class=\"elementor-element elementor-element-4f74f9f elementor-widget elementor-widget-heading\" data-id=\"4f74f9f\" data-element_type=\"widget\" data-e-type=\"widget\" data-widget_type=\"heading.default\">\n\t\t\t\t\t<h3 class=\"elementor-heading-title elementor-size-default\">Egy nagylelk\u0171s\u00e9g \u00e1ltal meggy\u00f3gy\u00edtott vil\u00e1g<\/h3>\t\t\t\t<\/div>\n\t\t\t\t<div class=\"elementor-element elementor-element-0887004 elementor-widget elementor-widget-text-editor\" data-id=\"0887004\" data-element_type=\"widget\" data-e-type=\"widget\" data-widget_type=\"text-editor.default\">\n\t\t\t\t\t\t\t\t\tEgy ekkora v\u00edzi\u00f3hoz Isten minden ember\u00e9nek \u00f6ssze kell fognia \u00e9s ki kell bel\u0151le vennie a r\u00e9sz\u00e9t. Im\u00e1dkozunk az\u00e9rt, hogy a Nagylelk\u0171s\u00e1g \u00datja programj\u00e1nak \u00e9lm\u00e9nye \u00e9s annak \u00e9letet megv\u00e1ltoztat\u00f3 hat\u00e1sa \u00e1ltal inspir\u00e1lva, te is seg\u00edteni akarj nek\u00fcnk k\u00fcldet\u00e9s\u00fcnk megval\u00f3s\u00edt\u00e1s\u00e1ban. Az al\u00e1bbiakban megtudhatod, hogyan vehetsz r\u00e9szt a munk\u00e1ban.   \t\t\t\t\t\t\t\t<\/div>\n\t\t<div class=\"elementor-element elementor-element-f26ff24 e-con-full e-flex e-con e-child\" data-id=\"f26ff24\" data-element_type=\"container\" data-e-type=\"container\">\n\t\t\t\t<div class=\"elementor-element elementor-element-00b42de elementor-widget elementor-widget-button\" data-id=\"00b42de\" data-element_type=\"widget\" data-e-type=\"widget\" data-widget_type=\"button.default\">\n\t\t\t\t\t\t\t\t\t\t<a class=\"elementor-button elementor-button-link elementor-size-sm\" href=\"#host_jog\">\n\t\t\t\t\t\t<span class=\"elementor-button-content-wrapper\">\n\t\t\t\t\t\t\t\t\t<span class=\"elementor-button-text\">JOG h\u00e1zigazda<\/span>\n\t\t\t\t\t<\/span>\n\t\t\t\t\t<\/a>\n\t\t\t\t\t\t\t\t<\/div>\n\t\t\t\t<div class=\"elementor-element elementor-element-b15997b elementor-widget elementor-widget-button\" data-id=\"b15997b\" data-element_type=\"widget\" data-e-type=\"widget\" data-widget_type=\"button.default\">\n\t\t\t\t\t\t\t\t\t\t<a class=\"elementor-button elementor-button-link elementor-size-sm\" href=\"#catalyst\">\n\t\t\t\t\t\t<span class=\"elementor-button-content-wrapper\">\n\t\t\t\t\t\t\t\t\t<span class=\"elementor-button-text\">JOG kataliz\u00e1tor<\/span>\n\t\t\t\t\t<\/span>\n\t\t\t\t\t<\/a>\n\t\t\t\t\t\t\t\t<\/div>\n\t\t\t\t<div class=\"elementor-element elementor-element-b69a454 elementor-widget elementor-widget-button\" data-id=\"b69a454\" data-element_type=\"widget\" data-e-type=\"widget\" data-widget_type=\"button.default\">\n\t\t\t\t\t\t\t\t\t\t<a class=\"elementor-button elementor-button-link elementor-size-sm\" href=\"#delivery\">\n\t\t\t\t\t\t<span class=\"elementor-button-content-wrapper\">\n\t\t\t\t\t\t\t\t\t<span class=\"elementor-button-text\">Szervez\u0151 partner<\/span>\n\t\t\t\t\t<\/span>\n\t\t\t\t\t<\/a>\n\t\t\t\t\t\t\t\t<\/div>\n\t\t\t\t<div class=\"elementor-element elementor-element-f010a56 elementor-widget elementor-widget-button\" data-id=\"f010a56\" data-element_type=\"widget\" data-e-type=\"widget\" data-widget_type=\"button.default\">\n\t\t\t\t\t\t\t\t\t\t<a class=\"elementor-button elementor-button-link elementor-size-sm\" href=\"#funding\">\n\t\t\t\t\t\t<span class=\"elementor-button-content-wrapper\">\n\t\t\t\t\t\t\t\t\t<span class=\"elementor-button-text\">Finansz\u00edroz\u00f3 partner<\/span>\n\t\t\t\t\t<\/span>\n\t\t\t\t\t<\/a>\n\t\t\t\t\t\t\t\t<\/div>\n\t\t\t\t<\/div>\n\t\t\t\t<\/div>\n\t\t<div class=\"elementor-element elementor-element-c9f3027 e-con-full e-flex e-con e-child\" data-id=\"c9f3027\" data-element_type=\"container\" data-e-type=\"container\">\n\t\t\t\t<div class=\"elementor-element elementor-element-1443945 elementor-widget elementor-widget-image\" data-id=\"1443945\" data-element_type=\"widget\" data-e-type=\"widget\" data-widget_type=\"image.default\">\n\t\t\t\t\t\t\t\t\t\t\t\t\t\t\t<img fetchpriority=\"high\" decoding=\"async\" width=\"800\" height=\"450\" src=\"https:\/\/generositypath.org\/wp-content\/uploads\/2024\/10\/9-1024x576.webp\" class=\"attachment-large size-large wp-image-4284\" alt=\"\" srcset=\"https:\/\/generositypath.org\/wp-content\/uploads\/2024\/10\/9-1024x576.webp 1024w, https:\/\/generositypath.org\/wp-content\/uploads\/2024\/10\/9-300x169.png 300w, https:\/\/generositypath.org\/wp-content\/uploads\/2024\/10\/9-768x432.png 768w, https:\/\/generositypath.org\/wp-content\/uploads\/2024\/10\/9-1536x864.webp 1536w, https:\/\/generositypath.org\/wp-content\/uploads\/2024\/10\/9.webp 1920w\" sizes=\"(max-width: 800px) 100vw, 800px\" \/>\t\t\t\t\t\t\t\t\t\t\t\t\t\t\t<\/div>\n\t\t\t\t<\/div>\n\t\t\t\t\t<\/div>\n\t\t\t\t<\/div>\n\t\t<div class=\"elementor-element elementor-element-bed6652 e-flex e-con-boxed e-con e-parent\" data-id=\"bed6652\" data-element_type=\"container\" data-e-type=\"container\" data-settings=\"{&quot;background_background&quot;:&quot;classic&quot;,&quot;background_motion_fx_motion_fx_scrolling&quot;:&quot;yes&quot;,&quot;background_motion_fx_translateY_effect&quot;:&quot;yes&quot;,&quot;background_motion_fx_translateY_speed&quot;:{&quot;unit&quot;:&quot;px&quot;,&quot;size&quot;:4,&quot;sizes&quot;:[]},&quot;background_motion_fx_translateY_affectedRange&quot;:{&quot;unit&quot;:&quot;%&quot;,&quot;size&quot;:&quot;&quot;,&quot;sizes&quot;:{&quot;start&quot;:0,&quot;end&quot;:100}},&quot;background_motion_fx_devices&quot;:[&quot;desktop&quot;,&quot;tablet&quot;,&quot;mobile&quot;]}\">\n\t\t\t\t\t<div class=\"e-con-inner\">\n\t\t<div class=\"elementor-element elementor-element-cf0ab4f e-con-full e-flex e-con e-child\" data-id=\"cf0ab4f\" data-element_type=\"container\" data-e-type=\"container\">\n\t\t\t\t<div class=\"elementor-element elementor-element-cfd27b7 elementor-widget elementor-widget-heading\" data-id=\"cfd27b7\" data-element_type=\"widget\" data-e-type=\"widget\" data-widget_type=\"heading.default\">\n\t\t\t\t\t<h2 class=\"elementor-heading-title elementor-size-default\">Im\u00e1dkozz vel\u00fcnk<\/h2>\t\t\t\t<\/div>\n\t\t\t\t<div class=\"elementor-element elementor-element-544a88a elementor-widget elementor-widget-text-editor\" data-id=\"544a88a\" data-element_type=\"widget\" data-e-type=\"widget\" data-widget_type=\"text-editor.default\">\n\t\t\t\t\t\t\t\t\t<p>Nincs er\u0151sebb dolog az im\u00e1n\u00e1l. H\u00e1l\u00e1sak vagyunk mindazok\u00e9rt az emberek\u00e9rt, akik el\u00e9g nagylelk\u0171ek ahhoz, hogy rendszeresen im\u00e1dkozzanak \u00e9rt\u00fcnk, \u00e9s szeretn\u00e9nk, ha te is ezt tenn\u00e9d. <\/p>\t\t\t\t\t\t\t\t<\/div>\n\t\t\t\t<\/div>\n\t\t\t\t\t<\/div>\n\t\t\t\t<\/div>\n\t\t<div class=\"elementor-element elementor-element-80048c1 e-flex e-con-boxed e-con e-parent\" data-id=\"80048c1\" data-element_type=\"container\" data-e-type=\"container\">\n\t\t\t\t\t<div class=\"e-con-inner\">\n\t\t<div class=\"elementor-element elementor-element-6c16e53 e-con-full e-flex e-con e-child\" data-id=\"6c16e53\" data-element_type=\"container\" data-e-type=\"container\">\n\t\t\t\t<div class=\"elementor-element elementor-element-90c561f elementor-widget elementor-widget-heading\" data-id=\"90c561f\" data-element_type=\"widget\" data-e-type=\"widget\" data-widget_type=\"heading.default\">\n\t\t\t\t\t<h2 class=\"elementor-heading-title elementor-size-default\">Hol dolgozunk<\/h2>\t\t\t\t<\/div>\n\t\t\t\t<div class=\"elementor-element elementor-element-88635c5 elementor-widget elementor-widget-text-editor\" data-id=\"88635c5\" data-element_type=\"widget\" data-e-type=\"widget\" data-widget_type=\"text-editor.default\">\n\t\t\t\t\t\t\t\t\tC\u00e9lunk, hogy 2027 v\u00e9g\u00e9re a vil\u00e1g minden orsz\u00e1g\u00e1ban akt\u00edvan jelen legy\u00fcnk. <br>Tal\u00e1n te is seg\u00edthetn\u00e9l elhozni a nagylelk\u0171s\u00e9g \u00fatj\u00e1t az orsz\u00e1godba?\t\t\t\t\t\t\t\t<\/div>\n\t\t\t\t<\/div>\n\t\t\t\t<div class=\"elementor-element elementor-element-8b69837 elementor-widget elementor-widget-image\" data-id=\"8b69837\" data-element_type=\"widget\" data-e-type=\"widget\" data-widget_type=\"image.default\">\n\t\t\t\t\t\t\t\t\t\t\t\t\t\t\t<img decoding=\"async\" width=\"1920\" height=\"1011\" src=\"https:\/\/generositypath.org\/wp-content\/uploads\/2025\/02\/Where-we-work.webp\" class=\"attachment-full size-full wp-image-4331\" alt=\"\" srcset=\"https:\/\/generositypath.org\/wp-content\/uploads\/2025\/02\/Where-we-work.webp 1920w, https:\/\/generositypath.org\/wp-content\/uploads\/2025\/02\/Where-we-work-300x158.png 300w, https:\/\/generositypath.org\/wp-content\/uploads\/2025\/02\/Where-we-work-1024x539.webp 1024w, https:\/\/generositypath.org\/wp-content\/uploads\/2025\/02\/Where-we-work-768x405.png 768w, https:\/\/generositypath.org\/wp-content\/uploads\/2025\/02\/Where-we-work-1536x809.webp 1536w\" sizes=\"(max-width: 1920px) 100vw, 1920px\" \/>\t\t\t\t\t\t\t\t\t\t\t\t\t\t\t<\/div>\n\t\t\t\t<div class=\"elementor-element elementor-element-6599989 elementor-widget elementor-widget-button\" data-id=\"6599989\" data-element_type=\"widget\" data-e-type=\"widget\" data-widget_type=\"button.default\">\n\t\t\t\t\t\t\t\t\t\t<a class=\"elementor-button elementor-button-link elementor-size-sm\" href=\"https:\/\/generositypath.org\/about-us\/#Team\">\n\t\t\t\t\t\t<span class=\"elementor-button-content-wrapper\">\n\t\t\t\t\t\t\t\t\t<span class=\"elementor-button-text\">Tudj meg t\u00f6bbet<\/span>\n\t\t\t\t\t<\/span>\n\t\t\t\t\t<\/a>\n\t\t\t\t\t\t\t\t<\/div>\n\t\t\t\t\t<\/div>\n\t\t\t\t<\/div>\n\t\t<div class=\"elementor-element elementor-element-e694c85 e-flex e-con-boxed e-con e-parent\" data-id=\"e694c85\" data-element_type=\"container\" data-e-type=\"container\">\n\t\t\t\t\t<div class=\"e-con-inner\">\n\t\t\t\t<div class=\"elementor-element elementor-element-b301ff7 elementor-widget elementor-widget-heading\" data-id=\"b301ff7\" data-element_type=\"widget\" data-e-type=\"widget\" data-widget_type=\"heading.default\">\n\t\t\t\t\t<h2 class=\"elementor-heading-title elementor-size-default\">A partneri egy\u00fcttm\u0171k\u00f6d\u00e9s m\u00f3dja<\/h2>\t\t\t\t<\/div>\n\t\t<div class=\"elementor-element elementor-element-912a46d e-con-full e-flex e-con e-child\" data-id=\"912a46d\" data-element_type=\"container\" data-e-type=\"container\" id=\"host_jog\">\n\t\t<div class=\"elementor-element elementor-element-da5a6ed e-con-full e-flex e-con e-child\" data-id=\"da5a6ed\" data-element_type=\"container\" data-e-type=\"container\">\n\t\t\t\t<div class=\"elementor-element elementor-element-686c284 elementor-widget elementor-widget-heading\" data-id=\"686c284\" data-element_type=\"widget\" data-e-type=\"widget\" data-widget_type=\"heading.default\">\n\t\t\t\t\t<h3 class=\"elementor-heading-title elementor-size-default\">Legy\u00e9l JOG h\u00e1zigazda<\/h3>\t\t\t\t<\/div>\n\t\t\t\t<div class=\"elementor-element elementor-element-86e2a46 elementor-widget elementor-widget-text-editor\" data-id=\"86e2a46\" data-element_type=\"widget\" data-e-type=\"widget\" data-widget_type=\"text-editor.default\">\n\t\t\t\t\t\t\t\t\tA legegyszer\u0171bb m\u00f3dja annak, hogy b\u00e1rki elkezdje a Nagylelk\u0171s\u00e9g \u00datj\u00e1t, ha h\u00e1zigazd\u00e1ja lesz egy ilyen esem\u00e9nynek. Ez az ingyenes programsorozat t\u00f6bbf\u00e9le form\u00e1ban is el\u00e9rhet\u0151, \u00e9s \u00fagy tervezt\u00fck, hogy b\u00e1rki sz\u00e1m\u00e1ra egyszer\u0171 legyen egy ilyet szerveznie az egyh\u00e1zi k\u00f6z\u00f6ss\u00e9g\u00e9ben, otthon\u00e1ban vagy munkahely\u00e9n. \t\t\t\t\t\t\t\t<\/div>\n\t\t\t\t<div class=\"elementor-element elementor-element-3e1f23a elementor-widget elementor-widget-button\" data-id=\"3e1f23a\" data-element_type=\"widget\" data-e-type=\"widget\" data-widget_type=\"button.default\">\n\t\t\t\t\t\t\t\t\t\t<a class=\"elementor-button elementor-button-link elementor-size-sm\" href=\"https:\/\/my.generositypath.org\/auth\/login?hsLang=en\">\n\t\t\t\t\t\t<span class=\"elementor-button-content-wrapper\">\n\t\t\t\t\t\t\t\t\t<span class=\"elementor-button-text\">Kezdd el<\/span>\n\t\t\t\t\t<\/span>\n\t\t\t\t\t<\/a>\n\t\t\t\t\t\t\t\t<\/div>\n\t\t\t\t<\/div>\n\t\t<div class=\"elementor-element elementor-element-bd73dd2 e-con-full e-flex e-con e-child\" data-id=\"bd73dd2\" data-element_type=\"container\" data-e-type=\"container\">\n\t\t\t\t<div class=\"elementor-element elementor-element-ea4232a elementor-widget elementor-widget-image\" data-id=\"ea4232a\" data-element_type=\"widget\" data-e-type=\"widget\" data-widget_type=\"image.default\">\n\t\t\t\t\t\t\t\t\t\t\t\t\t\t\t<img decoding=\"async\" width=\"800\" height=\"534\" src=\"https:\/\/generositypath.org\/wp-content\/uploads\/2024\/10\/dylan-gillis-KdeqA3aTnBY-unsplash-1024x683.webp\" class=\"attachment-large size-large wp-image-4285\" alt=\"\" srcset=\"https:\/\/generositypath.org\/wp-content\/uploads\/2024\/10\/dylan-gillis-KdeqA3aTnBY-unsplash-1024x683.webp 1024w, https:\/\/generositypath.org\/wp-content\/uploads\/2024\/10\/dylan-gillis-KdeqA3aTnBY-unsplash-300x200.jpg 300w, https:\/\/generositypath.org\/wp-content\/uploads\/2024\/10\/dylan-gillis-KdeqA3aTnBY-unsplash-768x512.jpg 768w, https:\/\/generositypath.org\/wp-content\/uploads\/2024\/10\/dylan-gillis-KdeqA3aTnBY-unsplash-1536x1024.webp 1536w, https:\/\/generositypath.org\/wp-content\/uploads\/2024\/10\/dylan-gillis-KdeqA3aTnBY-unsplash-scaled.webp 1920w\" sizes=\"(max-width: 800px) 100vw, 800px\" \/>\t\t\t\t\t\t\t\t\t\t\t\t\t\t\t<\/div>\n\t\t\t\t<\/div>\n\t\t\t\t<\/div>\n\t\t<div class=\"elementor-element elementor-element-098dec7 e-con-full e-flex e-con e-child\" data-id=\"098dec7\" data-element_type=\"container\" data-e-type=\"container\" id=\"catalyst\">\n\t\t<div class=\"elementor-element elementor-element-49cbb60 e-con-full e-flex e-con e-child\" data-id=\"49cbb60\" data-element_type=\"container\" data-e-type=\"container\">\n\t\t\t\t<div class=\"elementor-element elementor-element-94dc02c elementor-widget elementor-widget-image\" data-id=\"94dc02c\" data-element_type=\"widget\" data-e-type=\"widget\" data-widget_type=\"image.default\">\n\t\t\t\t\t\t\t\t\t\t\t\t\t\t\t<img loading=\"lazy\" decoding=\"async\" width=\"800\" height=\"602\" src=\"https:\/\/generositypath.org\/wp-content\/uploads\/2024\/08\/Networking-1024x771.webp\" class=\"attachment-large size-large wp-image-4291\" alt=\"\" srcset=\"https:\/\/generositypath.org\/wp-content\/uploads\/2024\/08\/Networking-1024x771.webp 1024w, https:\/\/generositypath.org\/wp-content\/uploads\/2024\/08\/Networking-300x226.png 300w, https:\/\/generositypath.org\/wp-content\/uploads\/2024\/08\/Networking-768x578.png 768w, https:\/\/generositypath.org\/wp-content\/uploads\/2024\/08\/Networking.webp 1080w\" sizes=\"(max-width: 800px) 100vw, 800px\" \/>\t\t\t\t\t\t\t\t\t\t\t\t\t\t\t<\/div>\n\t\t\t\t<\/div>\n\t\t<div class=\"elementor-element elementor-element-042fa1f e-con-full e-flex e-con e-child\" data-id=\"042fa1f\" data-element_type=\"container\" data-e-type=\"container\">\n\t\t\t\t<div class=\"elementor-element elementor-element-3a45f86 elementor-widget elementor-widget-heading\" data-id=\"3a45f86\" data-element_type=\"widget\" data-e-type=\"widget\" data-widget_type=\"heading.default\">\n\t\t\t\t\t<h3 class=\"elementor-heading-title elementor-size-default\">Legy\u00e9l a JOG kataliz\u00e1tora<\/h3>\t\t\t\t<\/div>\n\t\t\t\t<div class=\"elementor-element elementor-element-816b137 elementor-widget elementor-widget-text-editor\" data-id=\"816b137\" data-element_type=\"widget\" data-e-type=\"widget\" data-widget_type=\"text-editor.default\">\n\t\t\t\t\t\t\t\t\tMivel jelenl\u00e9t\u00fcnk vil\u00e1gszerte n\u00f6vekszik, olyan \u00f6nk\u00e9nteseket keres\u00fcnk, akik seg\u00edtenek nek\u00fcnk abban, hogy a Nagylelk\u0171s\u00e9g \u00datj\u00e1t \u00faj r\u00e9gi\u00f3kba \u00e9s v\u00e1rosokba is eljuttassuk. Ha szeretn\u00e9l szerepet v\u00e1llalni abban, hogy az evang\u00e9liumi nagylelk\u0171s\u00e9g eljusson a helyi k\u00f6z\u00f6ss\u00e9gekbe is, \u00f6r\u00f6mmel felvenn\u00e9nk veled a kapcsolatot. \t\t\t\t\t\t\t\t<\/div>\n\t\t\t\t<div class=\"elementor-element elementor-element-72ca1b9 elementor-widget elementor-widget-button\" data-id=\"72ca1b9\" data-element_type=\"widget\" data-e-type=\"widget\" data-widget_type=\"button.default\">\n\t\t\t\t\t\t\t\t\t\t<a class=\"elementor-button elementor-button-link elementor-size-sm\" href=\"https:\/\/generositypath.org\/hu\/csapatunk\/\">\n\t\t\t\t\t\t<span class=\"elementor-button-content-wrapper\">\n\t\t\t\t\t\t\t\t\t<span class=\"elementor-button-text\">Vedd fel a kapcsolatot a csapattal<\/span>\n\t\t\t\t\t<\/span>\n\t\t\t\t\t<\/a>\n\t\t\t\t\t\t\t\t<\/div>\n\t\t\t\t<\/div>\n\t\t\t\t<\/div>\n\t\t<div class=\"elementor-element elementor-element-708a7ef e-con-full e-flex e-con e-child\" data-id=\"708a7ef\" data-element_type=\"container\" data-e-type=\"container\" id=\"delivery\">\n\t\t<div class=\"elementor-element elementor-element-3ba3372 e-con-full e-flex e-con e-child\" data-id=\"3ba3372\" data-element_type=\"container\" data-e-type=\"container\">\n\t\t\t\t<div class=\"elementor-element elementor-element-344e79a elementor-widget elementor-widget-heading\" data-id=\"344e79a\" data-element_type=\"widget\" data-e-type=\"widget\" data-widget_type=\"heading.default\">\n\t\t\t\t\t<h3 class=\"elementor-heading-title elementor-size-default\">Szervezz JOG-ot a templomodban, j\u00f3t\u00e9konys\u00e1gi szervezetedben vagy szervezetedben.<\/h3>\t\t\t\t<\/div>\n\t\t\t\t<div class=\"elementor-element elementor-element-148ef83 elementor-widget elementor-widget-text-editor\" data-id=\"148ef83\" data-element_type=\"widget\" data-e-type=\"widget\" data-widget_type=\"text-editor.default\">\n\t\t\t\t\t\t\t\t\t<p>Mindig sz\u00edvesen m\u0171k\u00f6d\u00fcnk egy\u00fctt olyan helyi vezet\u0151kkel, akik azt szeretn\u00e9k, hogy gy\u00fclekezet\u00fck vagy szervezet\u00fck az evang\u00e9liumi nagylelk\u0171s\u00e9g ereje \u00e1ltal \u00e1talakuljon. Vegye fel vel\u00fcnk a kapcsolatot, \u00e9s sz\u00edvesen megosztunk t\u00f6bbet arr\u00f3l, hogyan tudunk seg\u00edteni. <\/p>\t\t\t\t\t\t\t\t<\/div>\n\t\t\t\t<div class=\"elementor-element elementor-element-ed4a119 elementor-widget elementor-widget-button\" data-id=\"ed4a119\" data-element_type=\"widget\" data-e-type=\"widget\" data-widget_type=\"button.default\">\n\t\t\t\t\t\t\t\t\t\t<a class=\"elementor-button elementor-button-link elementor-size-sm\" href=\"https:\/\/generositypath.org\/hu\/csapatunk\/\">\n\t\t\t\t\t\t<span class=\"elementor-button-content-wrapper\">\n\t\t\t\t\t\t\t\t\t<span class=\"elementor-button-text\">Vedd fel a kapcsolatot a csapattal<\/span>\n\t\t\t\t\t<\/span>\n\t\t\t\t\t<\/a>\n\t\t\t\t\t\t\t\t<\/div>\n\t\t\t\t<\/div>\n\t\t<div class=\"elementor-element elementor-element-16b2946 e-con-full e-flex e-con e-child\" data-id=\"16b2946\" data-element_type=\"container\" data-e-type=\"container\">\n\t\t\t\t<div class=\"elementor-element elementor-element-dd486e6 elementor-widget elementor-widget-image\" data-id=\"dd486e6\" data-element_type=\"widget\" data-e-type=\"widget\" data-widget_type=\"image.default\">\n\t\t\t\t\t\t\t\t\t\t\t\t\t\t\t<img loading=\"lazy\" decoding=\"async\" width=\"800\" height=\"800\" src=\"https:\/\/generositypath.org\/wp-content\/uploads\/2024\/08\/Lady-smiling-1024x1024.webp\" class=\"attachment-large size-large wp-image-125\" alt=\"\" srcset=\"https:\/\/generositypath.org\/wp-content\/uploads\/2024\/08\/Lady-smiling-1024x1024.webp 1024w, https:\/\/generositypath.org\/wp-content\/uploads\/2024\/08\/Lady-smiling-300x300.png 300w, https:\/\/generositypath.org\/wp-content\/uploads\/2024\/08\/Lady-smiling-150x150.png 150w, https:\/\/generositypath.org\/wp-content\/uploads\/2024\/08\/Lady-smiling-768x768.png 768w, https:\/\/generositypath.org\/wp-content\/uploads\/2024\/08\/Lady-smiling.webp 1080w\" sizes=\"(max-width: 800px) 100vw, 800px\" \/>\t\t\t\t\t\t\t\t\t\t\t\t\t\t\t<\/div>\n\t\t\t\t<\/div>\n\t\t\t\t<\/div>\n\t\t<div class=\"elementor-element elementor-element-1a963a0 e-con-full e-flex e-con e-child\" data-id=\"1a963a0\" data-element_type=\"container\" data-e-type=\"container\" id=\"funding\">\n\t\t<div class=\"elementor-element elementor-element-c516635 e-con-full e-flex e-con e-child\" data-id=\"c516635\" data-element_type=\"container\" data-e-type=\"container\">\n\t\t\t\t<div class=\"elementor-element elementor-element-ccd901e elementor-widget elementor-widget-image\" data-id=\"ccd901e\" data-element_type=\"widget\" data-e-type=\"widget\" data-widget_type=\"image.default\">\n\t\t\t\t\t\t\t\t\t\t\t\t\t\t\t<img loading=\"lazy\" decoding=\"async\" width=\"800\" height=\"534\" src=\"https:\/\/generositypath.org\/wp-content\/uploads\/2024\/10\/joshua-hanson-I49bIyEHaIs-unsplash-1024x683.webp\" class=\"attachment-large size-large wp-image-4286\" alt=\"\" srcset=\"https:\/\/generositypath.org\/wp-content\/uploads\/2024\/10\/joshua-hanson-I49bIyEHaIs-unsplash-1024x683.webp 1024w, https:\/\/generositypath.org\/wp-content\/uploads\/2024\/10\/joshua-hanson-I49bIyEHaIs-unsplash-300x200.jpg 300w, https:\/\/generositypath.org\/wp-content\/uploads\/2024\/10\/joshua-hanson-I49bIyEHaIs-unsplash-768x512.jpg 768w, https:\/\/generositypath.org\/wp-content\/uploads\/2024\/10\/joshua-hanson-I49bIyEHaIs-unsplash-1536x1024.webp 1536w, https:\/\/generositypath.org\/wp-content\/uploads\/2024\/10\/joshua-hanson-I49bIyEHaIs-unsplash-scaled.webp 1920w\" sizes=\"(max-width: 800px) 100vw, 800px\" \/>\t\t\t\t\t\t\t\t\t\t\t\t\t\t\t<\/div>\n\t\t\t\t<\/div>\n\t\t<div class=\"elementor-element elementor-element-1bb4a19 e-con-full e-flex e-con e-child\" data-id=\"1bb4a19\" data-element_type=\"container\" data-e-type=\"container\">\n\t\t\t\t<div class=\"elementor-element elementor-element-71c202e elementor-widget elementor-widget-heading\" data-id=\"71c202e\" data-element_type=\"widget\" data-e-type=\"widget\" data-widget_type=\"heading.default\">\n\t\t\t\t\t<h2 class=\"elementor-heading-title elementor-size-default\">Legy\u00e9l finansz\u00edroz\u00e1si partner<\/h2>\t\t\t\t<\/div>\n\t\t\t\t<div class=\"elementor-element elementor-element-bc4997a elementor-widget elementor-widget-text-editor\" data-id=\"bc4997a\" data-element_type=\"widget\" data-e-type=\"widget\" data-widget_type=\"text-editor.default\">\n\t\t\t\t\t\t\t\t\tA Generosity Path mag\u00e1nszem\u00e9lyek, szervezetek \u00e9s alap\u00edtv\u00e1nyok finansz\u00edrozz\u00e1k, akiknek sz\u00edv\u00fcgy\u00fck, hogy a kereszt\u00e9nyek radik\u00e1lis nagylelk\u0171s\u00e9ggel \u00e9ljenek. Ha szeretn\u00e9d megvizsg\u00e1lni a vel\u00fcnk val\u00f3 partners\u00e9g lehet\u0151s\u00e9g\u00e9t, hogy ez\u00e1ltal seg\u00edts nek\u00fcnk n\u00f6velni a hat\u00f3k\u00f6r\u00fcnket az eg\u00e9sz vil\u00e1gon, vagy egy adott r\u00e9gi\u00f3ban, \u00f6r\u00f6mmel felvenn\u00e9nk veled a kapcsolatot. \t\t\t\t\t\t\t\t<\/div>\n\t\t\t\t<div class=\"elementor-element elementor-element-8306b09 elementor-widget elementor-widget-button\" data-id=\"8306b09\" data-element_type=\"widget\" data-e-type=\"widget\" data-widget_type=\"button.default\">\n\t\t\t\t\t\t\t\t\t\t<a class=\"elementor-button elementor-button-link elementor-size-sm\" href=\"https:\/\/generositypath.org\/hu\/csapatunk\/\">\n\t\t\t\t\t\t<span class=\"elementor-button-content-wrapper\">\n\t\t\t\t\t\t\t\t\t<span class=\"elementor-button-text\">Vedd fel a kapcsolatot a csapattal<\/span>\n\t\t\t\t\t<\/span>\n\t\t\t\t\t<\/a>\n\t\t\t\t\t\t\t\t<\/div>\n\t\t\t\t<\/div>\n\t\t\t\t<\/div>\n\t\t\t\t\t<\/div>\n\t\t\t\t<\/div>\n\t\t\t\t<\/div>\n\t\t","protected":false},"excerpt":{"rendered":"<p>A Generosity Path-tal val\u00f3 \u00e1talak\u00edt\u00f3 partners\u00e9gen kereszt\u00fcl a hat\u00e1s er\u0151s\u00edt\u00e9se.<\/p>\n","protected":false},"author":2,"featured_media":4287,"parent":0,"menu_order":0,"comment_status":"closed","ping_status":"closed","template":"elementor_header_footer","meta":{"content-type":"","footnotes":""},"class_list":["post-4330","page","type-page","status-publish","has-post-thumbnail","hentry"],"_links":{"self":[{"href":"https:\/\/generositypath.org\/hu\/wp-json\/wp\/v2\/pages\/4330","targetHints":{"allow":["GET"]}}],"collection":[{"href":"https:\/\/generositypath.org\/hu\/wp-json\/wp\/v2\/pages"}],"about":[{"href":"https:\/\/generositypath.org\/hu\/wp-json\/wp\/v2\/types\/page"}],"author":[{"embeddable":true,"href":"https:\/\/generositypath.org\/hu\/wp-json\/wp\/v2\/users\/2"}],"replies":[{"embeddable":true,"href":"https:\/\/generositypath.org\/hu\/wp-json\/wp\/v2\/comments?post=4330"}],"version-history":[{"count":1,"href":"https:\/\/generositypath.org\/hu\/wp-json\/wp\/v2\/pages\/4330\/revisions"}],"predecessor-version":[{"id":4332,"href":"https:\/\/generositypath.org\/hu\/wp-json\/wp\/v2\/pages\/4330\/revisions\/4332"}],"wp:featuredmedia":[{"embeddable":true,"href":"https:\/\/generositypath.org\/hu\/wp-json\/wp\/v2\/media\/4287"}],"wp:attachment":[{"href":"https:\/\/generositypath.org\/hu\/wp-json\/wp\/v2\/media?parent=4330"}],"curies":[{"name":"wp","href":"https:\/\/api.w.org\/{rel}","templated":true}]}}