{"id":3465,"date":"2024-08-15T11:15:11","date_gmt":"2024-08-15T11:15:11","guid":{"rendered":"https:\/\/generositypath.org\/bli-partner-med-oss\/"},"modified":"2025-05-28T07:43:04","modified_gmt":"2025-05-28T07:43:04","slug":"bli-partner-med-oss","status":"publish","type":"page","link":"https:\/\/generositypath.org\/no\/bli-partner-med-oss\/","title":{"rendered":"Bli partner med oss"},"content":{"rendered":"\t\t<div data-elementor-type=\"wp-page\" data-elementor-id=\"3465\" class=\"elementor elementor-3465 elementor-566\" data-elementor-post-type=\"page\">\n\t\t\t\t<div class=\"elementor-element elementor-element-dea5376 e-flex e-con-boxed e-con e-parent\" data-id=\"dea5376\" data-element_type=\"container\" data-e-type=\"container\">\n\t\t\t\t\t<div class=\"e-con-inner\">\n\t\t<div class=\"elementor-element elementor-element-29d3e0f e-con-full e-flex e-con e-child\" data-id=\"29d3e0f\" data-element_type=\"container\" data-e-type=\"container\">\n\t\t\t\t<div class=\"elementor-element elementor-element-47fcc5b elementor-widget elementor-widget-heading\" data-id=\"47fcc5b\" data-element_type=\"widget\" data-e-type=\"widget\" data-widget_type=\"heading.default\">\n\t\t\t\t\t<h1 class=\"elementor-heading-title elementor-size-default\">Bli partner med oss<\/h1>\t\t\t\t<\/div>\n\t\t\t\t<\/div>\n\t\t\t\t\t<\/div>\n\t\t\t\t<\/div>\n\t\t<div class=\"elementor-element elementor-element-dd26685 e-flex e-con-boxed e-con e-parent\" data-id=\"dd26685\" data-element_type=\"container\" data-e-type=\"container\">\n\t\t\t\t\t<div class=\"e-con-inner\">\n\t\t<div class=\"elementor-element elementor-element-1f190d4 e-con-full e-flex e-con e-child\" data-id=\"1f190d4\" data-element_type=\"container\" data-e-type=\"container\">\n\t\t\t\t<div class=\"elementor-element elementor-element-4f74f9f elementor-widget elementor-widget-heading\" data-id=\"4f74f9f\" data-element_type=\"widget\" data-e-type=\"widget\" data-widget_type=\"heading.default\">\n\t\t\t\t\t<h3 class=\"elementor-heading-title elementor-size-default\">En verden som blir heldbredet gjennom gener\u00f8sitet<\/h3>\t\t\t\t<\/div>\n\t\t\t\t<div class=\"elementor-element elementor-element-0887004 elementor-widget elementor-widget-text-editor\" data-id=\"0887004\" data-element_type=\"widget\" data-e-type=\"widget\" data-widget_type=\"text-editor.default\">\n\t\t\t\t\t\t\t\t\tEn s\u00e5 stor visjon krever at hele Guds folk g\u00e5r sammen og spiller sin rolle. Vi ber om at du, inspirert av din erfaring med Generosity Path og dens livsforvandlende innvirkning, kan \u00f8nske \u00e5 hjelpe oss med \u00e5 oppfylle v\u00e5rt oppdrag. Nedenfor kan du lese mer om hvordan du kan engasjere deg.   \t\t\t\t\t\t\t\t<\/div>\n\t\t<div class=\"elementor-element elementor-element-f26ff24 e-con-full e-flex e-con e-child\" data-id=\"f26ff24\" data-element_type=\"container\" data-e-type=\"container\">\n\t\t\t\t<div class=\"elementor-element elementor-element-00b42de elementor-widget elementor-widget-button\" data-id=\"00b42de\" data-element_type=\"widget\" data-e-type=\"widget\" data-widget_type=\"button.default\">\n\t\t\t\t\t\t\t\t\t\t<a class=\"elementor-button elementor-button-link elementor-size-sm\" href=\"#host_jog\">\n\t\t\t\t\t\t<span class=\"elementor-button-content-wrapper\">\n\t\t\t\t\t\t\t\t\t<span class=\"elementor-button-text\">Vert for JOG<\/span>\n\t\t\t\t\t<\/span>\n\t\t\t\t\t<\/a>\n\t\t\t\t\t\t\t\t<\/div>\n\t\t\t\t<div class=\"elementor-element elementor-element-b15997b elementor-widget elementor-widget-button\" data-id=\"b15997b\" data-element_type=\"widget\" data-e-type=\"widget\" data-widget_type=\"button.default\">\n\t\t\t\t\t\t\t\t\t\t<a class=\"elementor-button elementor-button-link elementor-size-sm\" href=\"#catalyst\">\n\t\t\t\t\t\t<span class=\"elementor-button-content-wrapper\">\n\t\t\t\t\t\t\t\t\t<span class=\"elementor-button-text\">JOG-katalysator<\/span>\n\t\t\t\t\t<\/span>\n\t\t\t\t\t<\/a>\n\t\t\t\t\t\t\t\t<\/div>\n\t\t\t\t<div class=\"elementor-element elementor-element-b69a454 elementor-widget elementor-widget-button\" data-id=\"b69a454\" data-element_type=\"widget\" data-e-type=\"widget\" data-widget_type=\"button.default\">\n\t\t\t\t\t\t\t\t\t\t<a class=\"elementor-button elementor-button-link elementor-size-sm\" href=\"#delivery\">\n\t\t\t\t\t\t<span class=\"elementor-button-content-wrapper\">\n\t\t\t\t\t\t\t\t\t<span class=\"elementor-button-text\">Leveringspartner<\/span>\n\t\t\t\t\t<\/span>\n\t\t\t\t\t<\/a>\n\t\t\t\t\t\t\t\t<\/div>\n\t\t\t\t<div class=\"elementor-element elementor-element-f010a56 elementor-widget elementor-widget-button\" data-id=\"f010a56\" data-element_type=\"widget\" data-e-type=\"widget\" data-widget_type=\"button.default\">\n\t\t\t\t\t\t\t\t\t\t<a class=\"elementor-button elementor-button-link elementor-size-sm\" href=\"#funding\">\n\t\t\t\t\t\t<span class=\"elementor-button-content-wrapper\">\n\t\t\t\t\t\t\t\t\t<span class=\"elementor-button-text\">Finansieringspartner<\/span>\n\t\t\t\t\t<\/span>\n\t\t\t\t\t<\/a>\n\t\t\t\t\t\t\t\t<\/div>\n\t\t\t\t<\/div>\n\t\t\t\t<\/div>\n\t\t<div class=\"elementor-element elementor-element-c9f3027 e-con-full e-flex e-con e-child\" data-id=\"c9f3027\" data-element_type=\"container\" data-e-type=\"container\">\n\t\t\t\t<div class=\"elementor-element elementor-element-1443945 elementor-widget elementor-widget-image\" data-id=\"1443945\" data-element_type=\"widget\" data-e-type=\"widget\" data-widget_type=\"image.default\">\n\t\t\t\t\t\t\t\t\t\t\t\t\t\t\t<img fetchpriority=\"high\" decoding=\"async\" width=\"800\" height=\"450\" src=\"https:\/\/generositypath.org\/wp-content\/uploads\/2024\/10\/9-1024x576.webp\" class=\"attachment-large size-large wp-image-3478\" alt=\"\" srcset=\"https:\/\/generositypath.org\/wp-content\/uploads\/2024\/10\/9-1024x576.webp 1024w, https:\/\/generositypath.org\/wp-content\/uploads\/2024\/10\/9-300x169.png 300w, https:\/\/generositypath.org\/wp-content\/uploads\/2024\/10\/9-768x432.png 768w, https:\/\/generositypath.org\/wp-content\/uploads\/2024\/10\/9-1536x864.webp 1536w, https:\/\/generositypath.org\/wp-content\/uploads\/2024\/10\/9.webp 1920w\" sizes=\"(max-width: 800px) 100vw, 800px\" \/>\t\t\t\t\t\t\t\t\t\t\t\t\t\t\t<\/div>\n\t\t\t\t<\/div>\n\t\t\t\t\t<\/div>\n\t\t\t\t<\/div>\n\t\t<div class=\"elementor-element elementor-element-bed6652 e-flex e-con-boxed e-con e-parent\" data-id=\"bed6652\" data-element_type=\"container\" data-e-type=\"container\" data-settings=\"{&quot;background_background&quot;:&quot;classic&quot;,&quot;background_motion_fx_motion_fx_scrolling&quot;:&quot;yes&quot;,&quot;background_motion_fx_translateY_effect&quot;:&quot;yes&quot;,&quot;background_motion_fx_translateY_speed&quot;:{&quot;unit&quot;:&quot;px&quot;,&quot;size&quot;:4,&quot;sizes&quot;:[]},&quot;background_motion_fx_translateY_affectedRange&quot;:{&quot;unit&quot;:&quot;%&quot;,&quot;size&quot;:&quot;&quot;,&quot;sizes&quot;:{&quot;start&quot;:0,&quot;end&quot;:100}},&quot;background_motion_fx_devices&quot;:[&quot;desktop&quot;,&quot;tablet&quot;,&quot;mobile&quot;]}\">\n\t\t\t\t\t<div class=\"e-con-inner\">\n\t\t<div class=\"elementor-element elementor-element-cf0ab4f e-con-full e-flex e-con e-child\" data-id=\"cf0ab4f\" data-element_type=\"container\" data-e-type=\"container\">\n\t\t\t\t<div class=\"elementor-element elementor-element-cfd27b7 elementor-widget elementor-widget-heading\" data-id=\"cfd27b7\" data-element_type=\"widget\" data-e-type=\"widget\" data-widget_type=\"heading.default\">\n\t\t\t\t\t<h2 class=\"elementor-heading-title elementor-size-default\">Be sammen med oss<\/h2>\t\t\t\t<\/div>\n\t\t\t\t<div class=\"elementor-element elementor-element-544a88a elementor-widget elementor-widget-text-editor\" data-id=\"544a88a\" data-element_type=\"widget\" data-e-type=\"widget\" data-widget_type=\"text-editor.default\">\n\t\t\t\t\t\t\t\t\t<p>Det finnes ikke noe mer kraftfullt enn b\u00f8nn. Vi er takknemlige for alle de menneskene som er rause nok til \u00e5 be for oss regelmessig, og vi vil gjerne at du gj\u00f8r det samme. <\/p>\t\t\t\t\t\t\t\t<\/div>\n\t\t\t\t<\/div>\n\t\t\t\t\t<\/div>\n\t\t\t\t<\/div>\n\t\t<div class=\"elementor-element elementor-element-80048c1 e-flex e-con-boxed e-con e-parent\" data-id=\"80048c1\" data-element_type=\"container\" data-e-type=\"container\">\n\t\t\t\t\t<div class=\"e-con-inner\">\n\t\t<div class=\"elementor-element elementor-element-6c16e53 e-con-full e-flex e-con e-child\" data-id=\"6c16e53\" data-element_type=\"container\" data-e-type=\"container\">\n\t\t\t\t<div class=\"elementor-element elementor-element-90c561f elementor-widget elementor-widget-heading\" data-id=\"90c561f\" data-element_type=\"widget\" data-e-type=\"widget\" data-widget_type=\"heading.default\">\n\t\t\t\t\t<h2 class=\"elementor-heading-title elementor-size-default\">Hvor vi jobber<\/h2>\t\t\t\t<\/div>\n\t\t\t\t<div class=\"elementor-element elementor-element-88635c5 elementor-widget elementor-widget-text-editor\" data-id=\"88635c5\" data-element_type=\"widget\" data-e-type=\"widget\" data-widget_type=\"text-editor.default\">\n\t\t\t\t\t\t\t\t\tM\u00e5let v\u00e5rt er \u00e5 ha en aktiv tilstedev\u00e6relse i alle verdens land innen utgangen av 2027. <br>Kanskje du kan bidra til \u00e5 bringe En gener\u00f8sitetsreise til ditt land?\t\t\t\t\t\t\t\t<\/div>\n\t\t\t\t<\/div>\n\t\t\t\t<div class=\"elementor-element elementor-element-8b69837 elementor-widget elementor-widget-image\" data-id=\"8b69837\" data-element_type=\"widget\" data-e-type=\"widget\" data-widget_type=\"image.default\">\n\t\t\t\t\t\t\t\t\t\t\t\t\t\t\t<img decoding=\"async\" width=\"1920\" height=\"1011\" src=\"https:\/\/generositypath.org\/wp-content\/uploads\/2025\/02\/Where-we-work.webp\" class=\"attachment-full size-full wp-image-3466\" alt=\"\" srcset=\"https:\/\/generositypath.org\/wp-content\/uploads\/2025\/02\/Where-we-work.webp 1920w, https:\/\/generositypath.org\/wp-content\/uploads\/2025\/02\/Where-we-work-300x158.png 300w, https:\/\/generositypath.org\/wp-content\/uploads\/2025\/02\/Where-we-work-1024x539.webp 1024w, https:\/\/generositypath.org\/wp-content\/uploads\/2025\/02\/Where-we-work-768x405.png 768w, https:\/\/generositypath.org\/wp-content\/uploads\/2025\/02\/Where-we-work-1536x809.webp 1536w\" sizes=\"(max-width: 1920px) 100vw, 1920px\" \/>\t\t\t\t\t\t\t\t\t\t\t\t\t\t\t<\/div>\n\t\t\t\t<div class=\"elementor-element elementor-element-6599989 elementor-widget elementor-widget-button\" data-id=\"6599989\" data-element_type=\"widget\" data-e-type=\"widget\" data-widget_type=\"button.default\">\n\t\t\t\t\t\t\t\t\t\t<a class=\"elementor-button elementor-button-link elementor-size-sm\" href=\"https:\/\/generositypath.org\/no\/om-oss\/#Team\">\n\t\t\t\t\t\t<span class=\"elementor-button-content-wrapper\">\n\t\t\t\t\t\t\t\t\t<span class=\"elementor-button-text\">Finn ut mer om dette<\/span>\n\t\t\t\t\t<\/span>\n\t\t\t\t\t<\/a>\n\t\t\t\t\t\t\t\t<\/div>\n\t\t\t\t\t<\/div>\n\t\t\t\t<\/div>\n\t\t<div class=\"elementor-element elementor-element-e694c85 e-flex e-con-boxed e-con e-parent\" data-id=\"e694c85\" data-element_type=\"container\" data-e-type=\"container\">\n\t\t\t\t\t<div class=\"e-con-inner\">\n\t\t\t\t<div class=\"elementor-element elementor-element-b301ff7 elementor-widget elementor-widget-heading\" data-id=\"b301ff7\" data-element_type=\"widget\" data-e-type=\"widget\" data-widget_type=\"heading.default\">\n\t\t\t\t\t<h2 class=\"elementor-heading-title elementor-size-default\">M\u00e5ter \u00e5 samarbeide p\u00e5<\/h2>\t\t\t\t<\/div>\n\t\t<div class=\"elementor-element elementor-element-912a46d e-con-full e-flex e-con e-child\" data-id=\"912a46d\" data-element_type=\"container\" data-e-type=\"container\" id=\"host_jog\">\n\t\t<div class=\"elementor-element elementor-element-da5a6ed e-con-full e-flex e-con e-child\" data-id=\"da5a6ed\" data-element_type=\"container\" data-e-type=\"container\">\n\t\t\t\t<div class=\"elementor-element elementor-element-686c284 elementor-widget elementor-widget-heading\" data-id=\"686c284\" data-element_type=\"widget\" data-e-type=\"widget\" data-widget_type=\"heading.default\">\n\t\t\t\t\t<h3 class=\"elementor-heading-title elementor-size-default\">Vertskap for en JOG<\/h3>\t\t\t\t<\/div>\n\t\t\t\t<div class=\"elementor-element elementor-element-86e2a46 elementor-widget elementor-widget-text-editor\" data-id=\"86e2a46\" data-element_type=\"widget\" data-e-type=\"widget\" data-widget_type=\"text-editor.default\">\n\t\t\t\t\t\t\t\t\tDen enkleste m\u00e5ten \u00e5 starte en gener\u00f8sitetsreise p\u00e5, er \u00e5 v\u00e6re vertskap for en gener\u00f8sitetsreise (JOG). Dette gratisarrangementet er tilgjengelig i en rekke formater og er utformet slik at det er enkelt for alle \u00e5 v\u00e6re vertskap for en opplevelse i kirken, hjemme eller p\u00e5 arbeidsplassen. \t\t\t\t\t\t\t\t<\/div>\n\t\t\t\t<div class=\"elementor-element elementor-element-3e1f23a elementor-widget elementor-widget-button\" data-id=\"3e1f23a\" data-element_type=\"widget\" data-e-type=\"widget\" data-widget_type=\"button.default\">\n\t\t\t\t\t\t\t\t\t\t<a class=\"elementor-button elementor-button-link elementor-size-sm\" href=\"https:\/\/my.generositypath.org\/auth\/login?hsLang=en\">\n\t\t\t\t\t\t<span class=\"elementor-button-content-wrapper\">\n\t\t\t\t\t\t\t\t\t<span class=\"elementor-button-text\">Kom i gang<\/span>\n\t\t\t\t\t<\/span>\n\t\t\t\t\t<\/a>\n\t\t\t\t\t\t\t\t<\/div>\n\t\t\t\t<\/div>\n\t\t<div class=\"elementor-element elementor-element-bd73dd2 e-con-full e-flex e-con e-child\" data-id=\"bd73dd2\" data-element_type=\"container\" data-e-type=\"container\">\n\t\t\t\t<div class=\"elementor-element elementor-element-ea4232a elementor-widget elementor-widget-image\" data-id=\"ea4232a\" data-element_type=\"widget\" data-e-type=\"widget\" data-widget_type=\"image.default\">\n\t\t\t\t\t\t\t\t\t\t\t\t\t\t\t<img decoding=\"async\" width=\"800\" height=\"534\" src=\"https:\/\/generositypath.org\/wp-content\/uploads\/2024\/10\/dylan-gillis-KdeqA3aTnBY-unsplash-1024x683.webp\" class=\"attachment-large size-large wp-image-3479\" alt=\"\" srcset=\"https:\/\/generositypath.org\/wp-content\/uploads\/2024\/10\/dylan-gillis-KdeqA3aTnBY-unsplash-1024x683.webp 1024w, https:\/\/generositypath.org\/wp-content\/uploads\/2024\/10\/dylan-gillis-KdeqA3aTnBY-unsplash-300x200.jpg 300w, https:\/\/generositypath.org\/wp-content\/uploads\/2024\/10\/dylan-gillis-KdeqA3aTnBY-unsplash-768x512.jpg 768w, https:\/\/generositypath.org\/wp-content\/uploads\/2024\/10\/dylan-gillis-KdeqA3aTnBY-unsplash-1536x1024.webp 1536w, https:\/\/generositypath.org\/wp-content\/uploads\/2024\/10\/dylan-gillis-KdeqA3aTnBY-unsplash-scaled.webp 1920w\" sizes=\"(max-width: 800px) 100vw, 800px\" \/>\t\t\t\t\t\t\t\t\t\t\t\t\t\t\t<\/div>\n\t\t\t\t<\/div>\n\t\t\t\t<\/div>\n\t\t<div class=\"elementor-element elementor-element-098dec7 e-con-full e-flex e-con e-child\" data-id=\"098dec7\" data-element_type=\"container\" data-e-type=\"container\" id=\"catalyst\">\n\t\t<div class=\"elementor-element elementor-element-49cbb60 e-con-full e-flex e-con e-child\" data-id=\"49cbb60\" data-element_type=\"container\" data-e-type=\"container\">\n\t\t\t\t<div class=\"elementor-element elementor-element-94dc02c elementor-widget elementor-widget-image\" data-id=\"94dc02c\" data-element_type=\"widget\" data-e-type=\"widget\" data-widget_type=\"image.default\">\n\t\t\t\t\t\t\t\t\t\t\t\t\t\t\t<img loading=\"lazy\" decoding=\"async\" width=\"800\" height=\"602\" src=\"https:\/\/generositypath.org\/wp-content\/uploads\/2024\/08\/Networking-1024x771.webp\" class=\"attachment-large size-large wp-image-3431\" alt=\"\" srcset=\"https:\/\/generositypath.org\/wp-content\/uploads\/2024\/08\/Networking-1024x771.webp 1024w, https:\/\/generositypath.org\/wp-content\/uploads\/2024\/08\/Networking-300x226.png 300w, https:\/\/generositypath.org\/wp-content\/uploads\/2024\/08\/Networking-768x578.png 768w, https:\/\/generositypath.org\/wp-content\/uploads\/2024\/08\/Networking.webp 1080w\" sizes=\"(max-width: 800px) 100vw, 800px\" \/>\t\t\t\t\t\t\t\t\t\t\t\t\t\t\t<\/div>\n\t\t\t\t<\/div>\n\t\t<div class=\"elementor-element elementor-element-042fa1f e-con-full e-flex e-con e-child\" data-id=\"042fa1f\" data-element_type=\"container\" data-e-type=\"container\">\n\t\t\t\t<div class=\"elementor-element elementor-element-3a45f86 elementor-widget elementor-widget-heading\" data-id=\"3a45f86\" data-element_type=\"widget\" data-e-type=\"widget\" data-widget_type=\"heading.default\">\n\t\t\t\t\t<h3 class=\"elementor-heading-title elementor-size-default\">Bli en JOG-katalysator<\/h3>\t\t\t\t<\/div>\n\t\t\t\t<div class=\"elementor-element elementor-element-816b137 elementor-widget elementor-widget-text-editor\" data-id=\"816b137\" data-element_type=\"widget\" data-e-type=\"widget\" data-widget_type=\"text-editor.default\">\n\t\t\t\t\t\t\t\t\tEtter hvert som v\u00e5r tilstedev\u00e6relse vokser rundt om i verden, leter vi etter frivillige som kan hjelpe oss med \u00e5 ta En gener\u00f8sitetsreise inn i nye regioner og byer i sine land. Hvis du har lyst til \u00e5 spille en rolle i \u00e5 frigj\u00f8re evangeliets gener\u00f8sitet i lokalsamfunn, vil vi gjerne h\u00f8re fra deg. \t\t\t\t\t\t\t\t<\/div>\n\t\t\t\t<div class=\"elementor-element elementor-element-72ca1b9 elementor-widget elementor-widget-button\" data-id=\"72ca1b9\" data-element_type=\"widget\" data-e-type=\"widget\" data-widget_type=\"button.default\">\n\t\t\t\t\t\t\t\t\t\t<a class=\"elementor-button elementor-button-link elementor-size-sm\" href=\"https:\/\/generositypath.org\/no\/teamet-vart\/\">\n\t\t\t\t\t\t<span class=\"elementor-button-content-wrapper\">\n\t\t\t\t\t\t\t\t\t<span class=\"elementor-button-text\">Kontakt teamet<\/span>\n\t\t\t\t\t<\/span>\n\t\t\t\t\t<\/a>\n\t\t\t\t\t\t\t\t<\/div>\n\t\t\t\t<\/div>\n\t\t\t\t<\/div>\n\t\t<div class=\"elementor-element elementor-element-708a7ef e-con-full e-flex e-con e-child\" data-id=\"708a7ef\" data-element_type=\"container\" data-e-type=\"container\" id=\"delivery\">\n\t\t<div class=\"elementor-element elementor-element-3ba3372 e-con-full e-flex e-con e-child\" data-id=\"3ba3372\" data-element_type=\"container\" data-e-type=\"container\">\n\t\t\t\t<div class=\"elementor-element elementor-element-344e79a elementor-widget elementor-widget-heading\" data-id=\"344e79a\" data-element_type=\"widget\" data-e-type=\"widget\" data-widget_type=\"heading.default\">\n\t\t\t\t\t<h3 class=\"elementor-heading-title elementor-size-default\">Organiser JOG i din menighet, veldedighet eller organisasjon<\/h3>\t\t\t\t<\/div>\n\t\t\t\t<div class=\"elementor-element elementor-element-148ef83 elementor-widget elementor-widget-text-editor\" data-id=\"148ef83\" data-element_type=\"widget\" data-e-type=\"widget\" data-widget_type=\"text-editor.default\">\n\t\t\t\t\t\t\t\t\t<p>Vi er alltid ivrige etter \u00e5 samarbeide med lokale ledere som \u00f8nsker \u00e5 se sin menighet eller organisasjon forvandlet gjennom kraften i evangeliets gener\u00f8sitet. Ta kontakt med oss, s\u00e5 forteller vi gjerne mer om hvordan vi kan hjelpe. <\/p>\t\t\t\t\t\t\t\t<\/div>\n\t\t\t\t<div class=\"elementor-element elementor-element-ed4a119 elementor-widget elementor-widget-button\" data-id=\"ed4a119\" data-element_type=\"widget\" data-e-type=\"widget\" data-widget_type=\"button.default\">\n\t\t\t\t\t\t\t\t\t\t<a class=\"elementor-button elementor-button-link elementor-size-sm\" href=\"https:\/\/generositypath.org\/no\/teamet-vart\/\">\n\t\t\t\t\t\t<span class=\"elementor-button-content-wrapper\">\n\t\t\t\t\t\t\t\t\t<span class=\"elementor-button-text\">Kontakt teamet<\/span>\n\t\t\t\t\t<\/span>\n\t\t\t\t\t<\/a>\n\t\t\t\t\t\t\t\t<\/div>\n\t\t\t\t<\/div>\n\t\t<div class=\"elementor-element elementor-element-16b2946 e-con-full e-flex e-con e-child\" data-id=\"16b2946\" data-element_type=\"container\" data-e-type=\"container\">\n\t\t\t\t<div class=\"elementor-element elementor-element-dd486e6 elementor-widget elementor-widget-image\" data-id=\"dd486e6\" data-element_type=\"widget\" data-e-type=\"widget\" data-widget_type=\"image.default\">\n\t\t\t\t\t\t\t\t\t\t\t\t\t\t\t<img loading=\"lazy\" decoding=\"async\" width=\"800\" height=\"800\" src=\"https:\/\/generositypath.org\/wp-content\/uploads\/2024\/08\/Lady-smiling-1024x1024.webp\" class=\"attachment-large size-large wp-image-125\" alt=\"\" srcset=\"https:\/\/generositypath.org\/wp-content\/uploads\/2024\/08\/Lady-smiling-1024x1024.webp 1024w, https:\/\/generositypath.org\/wp-content\/uploads\/2024\/08\/Lady-smiling-300x300.png 300w, https:\/\/generositypath.org\/wp-content\/uploads\/2024\/08\/Lady-smiling-150x150.png 150w, https:\/\/generositypath.org\/wp-content\/uploads\/2024\/08\/Lady-smiling-768x768.png 768w, https:\/\/generositypath.org\/wp-content\/uploads\/2024\/08\/Lady-smiling.webp 1080w\" sizes=\"(max-width: 800px) 100vw, 800px\" \/>\t\t\t\t\t\t\t\t\t\t\t\t\t\t\t<\/div>\n\t\t\t\t<\/div>\n\t\t\t\t<\/div>\n\t\t<div class=\"elementor-element elementor-element-1a963a0 e-con-full e-flex e-con e-child\" data-id=\"1a963a0\" data-element_type=\"container\" data-e-type=\"container\" id=\"funding\">\n\t\t<div class=\"elementor-element elementor-element-c516635 e-con-full e-flex e-con e-child\" data-id=\"c516635\" data-element_type=\"container\" data-e-type=\"container\">\n\t\t\t\t<div class=\"elementor-element elementor-element-ccd901e elementor-widget elementor-widget-image\" data-id=\"ccd901e\" data-element_type=\"widget\" data-e-type=\"widget\" data-widget_type=\"image.default\">\n\t\t\t\t\t\t\t\t\t\t\t\t\t\t\t<img loading=\"lazy\" decoding=\"async\" width=\"800\" height=\"534\" src=\"https:\/\/generositypath.org\/wp-content\/uploads\/2024\/10\/joshua-hanson-I49bIyEHaIs-unsplash-1024x683.webp\" class=\"attachment-large size-large wp-image-3480\" alt=\"\" srcset=\"https:\/\/generositypath.org\/wp-content\/uploads\/2024\/10\/joshua-hanson-I49bIyEHaIs-unsplash-1024x683.webp 1024w, https:\/\/generositypath.org\/wp-content\/uploads\/2024\/10\/joshua-hanson-I49bIyEHaIs-unsplash-300x200.jpg 300w, https:\/\/generositypath.org\/wp-content\/uploads\/2024\/10\/joshua-hanson-I49bIyEHaIs-unsplash-768x512.jpg 768w, https:\/\/generositypath.org\/wp-content\/uploads\/2024\/10\/joshua-hanson-I49bIyEHaIs-unsplash-1536x1024.webp 1536w, https:\/\/generositypath.org\/wp-content\/uploads\/2024\/10\/joshua-hanson-I49bIyEHaIs-unsplash-scaled.webp 1920w\" sizes=\"(max-width: 800px) 100vw, 800px\" \/>\t\t\t\t\t\t\t\t\t\t\t\t\t\t\t<\/div>\n\t\t\t\t<\/div>\n\t\t<div class=\"elementor-element elementor-element-1bb4a19 e-con-full e-flex e-con e-child\" data-id=\"1bb4a19\" data-element_type=\"container\" data-e-type=\"container\">\n\t\t\t\t<div class=\"elementor-element elementor-element-71c202e elementor-widget elementor-widget-heading\" data-id=\"71c202e\" data-element_type=\"widget\" data-e-type=\"widget\" data-widget_type=\"heading.default\">\n\t\t\t\t\t<h2 class=\"elementor-heading-title elementor-size-default\">Bli en finansieringspartner<\/h2>\t\t\t\t<\/div>\n\t\t\t\t<div class=\"elementor-element elementor-element-bc4997a elementor-widget elementor-widget-text-editor\" data-id=\"bc4997a\" data-element_type=\"widget\" data-e-type=\"widget\" data-widget_type=\"text-editor.default\">\n\t\t\t\t\t\t\t\t\tGenerosity Path er privat finansiert av enkeltpersoner, organisasjoner og stiftelser som har et hjerte for \u00e5 se kristne leve ut radikal gavmildhet. Hvis du \u00f8nsker \u00e5 samarbeide med oss for \u00e5 bidra til \u00e5 \u00f8ke v\u00e5r rekkevidde og innvirkning over hele verden, eller i en bestemt region, vil vi gjerne h\u00f8re fra deg. \t\t\t\t\t\t\t\t<\/div>\n\t\t\t\t<div class=\"elementor-element elementor-element-8306b09 elementor-widget elementor-widget-button\" data-id=\"8306b09\" data-element_type=\"widget\" data-e-type=\"widget\" data-widget_type=\"button.default\">\n\t\t\t\t\t\t\t\t\t\t<a class=\"elementor-button elementor-button-link elementor-size-sm\" href=\"https:\/\/generositypath.org\/no\/teamet-vart\/\">\n\t\t\t\t\t\t<span class=\"elementor-button-content-wrapper\">\n\t\t\t\t\t\t\t\t\t<span class=\"elementor-button-text\">Kontakt teamet<\/span>\n\t\t\t\t\t<\/span>\n\t\t\t\t\t<\/a>\n\t\t\t\t\t\t\t\t<\/div>\n\t\t\t\t<\/div>\n\t\t\t\t<\/div>\n\t\t\t\t\t<\/div>\n\t\t\t\t<\/div>\n\t\t\t\t<\/div>\n\t\t","protected":false},"excerpt":{"rendered":"<p>Vi styrker v\u00e5r p\u00e5virkningskraft gjennom et transformativt partnerskap med Generosity Path.<\/p>\n","protected":false},"author":2,"featured_media":3438,"parent":0,"menu_order":0,"comment_status":"closed","ping_status":"closed","template":"elementor_header_footer","meta":{"content-type":"","footnotes":""},"class_list":["post-3465","page","type-page","status-publish","has-post-thumbnail","hentry"],"_links":{"self":[{"href":"https:\/\/generositypath.org\/no\/wp-json\/wp\/v2\/pages\/3465","targetHints":{"allow":["GET"]}}],"collection":[{"href":"https:\/\/generositypath.org\/no\/wp-json\/wp\/v2\/pages"}],"about":[{"href":"https:\/\/generositypath.org\/no\/wp-json\/wp\/v2\/types\/page"}],"author":[{"embeddable":true,"href":"https:\/\/generositypath.org\/no\/wp-json\/wp\/v2\/users\/2"}],"replies":[{"embeddable":true,"href":"https:\/\/generositypath.org\/no\/wp-json\/wp\/v2\/comments?post=3465"}],"version-history":[{"count":2,"href":"https:\/\/generositypath.org\/no\/wp-json\/wp\/v2\/pages\/3465\/revisions"}],"predecessor-version":[{"id":4701,"href":"https:\/\/generositypath.org\/no\/wp-json\/wp\/v2\/pages\/3465\/revisions\/4701"}],"wp:featuredmedia":[{"embeddable":true,"href":"https:\/\/generositypath.org\/no\/wp-json\/wp\/v2\/media\/3438"}],"wp:attachment":[{"href":"https:\/\/generositypath.org\/no\/wp-json\/wp\/v2\/media?parent=3465"}],"curies":[{"name":"wp","href":"https:\/\/api.w.org\/{rel}","templated":true}]}}