{"id":3470,"date":"2024-08-08T11:17:19","date_gmt":"2024-08-08T11:17:19","guid":{"rendered":"https:\/\/generositypath.org\/hjem\/"},"modified":"2026-01-30T13:27:35","modified_gmt":"2026-01-30T13:27:35","slug":"hjem","status":"publish","type":"page","link":"https:\/\/generositypath.org\/no\/","title":{"rendered":"Hjem"},"content":{"rendered":"\t\t<div data-elementor-type=\"wp-page\" data-elementor-id=\"3470\" class=\"elementor elementor-3470 elementor-5\" data-elementor-post-type=\"page\">\n\t\t\t\t<div class=\"elementor-element elementor-element-ab6fea2 e-con-full e-flex e-con e-parent\" data-id=\"ab6fea2\" data-element_type=\"container\" data-e-type=\"container\" data-settings=\"{&quot;background_background&quot;:&quot;classic&quot;}\">\n\t\t\t\t<div class=\"elementor-element elementor-element-c4a19b6 elementor--h-position-left elementor--v-position-middle elementor-pagination-position-inside elementor-widget elementor-widget-slides\" data-id=\"c4a19b6\" data-element_type=\"widget\" data-e-type=\"widget\" data-settings=\"{&quot;navigation&quot;:&quot;dots&quot;,&quot;transition&quot;:&quot;fade&quot;,&quot;autoplay&quot;:&quot;yes&quot;,&quot;pause_on_interaction&quot;:&quot;yes&quot;,&quot;autoplay_speed&quot;:5000,&quot;infinite&quot;:&quot;yes&quot;,&quot;transition_speed&quot;:500}\" data-widget_type=\"slides.default\">\n\t\t\t\t\t\t\t\t\t\t<div class=\"elementor-slides-wrapper elementor-main-swiper swiper\" role=\"region\" aria-roledescription=\"carousel\" aria-label=\"Slides\" dir=\"ltr\" data-animation=\"\">\n\t\t\t\t<div class=\"swiper-wrapper elementor-slides\">\n\t\t\t\t\t\t\t\t\t\t<div class=\"elementor-repeater-item-9dbb690 swiper-slide\" role=\"group\" aria-roledescription=\"slide\"><div class=\"swiper-slide-bg elementor-ken-burns elementor-ken-burns--in\" role=\"img\" aria-label=\"Hero_2\"><\/div><div class=\"elementor-background-overlay\"><\/div><div class=\"swiper-slide-inner\" ><div class=\"swiper-slide-contents\"><div class=\"elementor-slide-heading\">Velkommen til Generosity Path<\/div><div class=\"elementor-slide-description\"><p>Frigj\u00f8r mennesker som deg til \u00e5 leve mer sjener\u00f8st og friere enn du noen gang hadde forestilt deg.  <\/p>\n<\/div><a href=\"https:\/\/generositypath.org\/what-is-a-jog\/\" class=\"elementor-button elementor-slide-button elementor-size-sm\">Vertskap for en JOG<\/a><\/div><\/div><\/div><div class=\"elementor-repeater-item-fc869b3 swiper-slide\" role=\"group\" aria-roledescription=\"slide\"><div class=\"swiper-slide-bg elementor-ken-burns elementor-ken-burns--in\" role=\"img\" aria-label=\"Hero_1\"><\/div><div class=\"elementor-background-overlay\"><\/div><div class=\"swiper-slide-inner\" ><div class=\"swiper-slide-contents\"><div class=\"elementor-slide-heading\">Velkommen til Generosity Path<\/div><div class=\"elementor-slide-description\"><p>Frigj\u00f8r mennesker som deg til \u00e5 leve mer sjener\u00f8st og friere enn du noen gang hadde forestilt deg.  <\/p>\n<\/div><a href=\"https:\/\/generositypath.org\/what-is-a-jog\/\" class=\"elementor-button elementor-slide-button elementor-size-sm\">Vertskap for en JOG<\/a><\/div><\/div><\/div>\t\t\t\t<\/div>\n\t\t\t\t\t\t\t\t\t\t\t\t\t\t\t\t\t\t\t\t<div class=\"swiper-pagination\"><\/div>\n\t\t\t\t\t\t\t\t\t\t\t\t<\/div>\n\t\t\t\t\t\t\t\t<\/div>\n\t\t\t\t<\/div>\n\t\t<div class=\"elementor-element elementor-element-dd26685 e-flex e-con-boxed e-con e-parent\" data-id=\"dd26685\" data-element_type=\"container\" data-e-type=\"container\">\n\t\t\t\t\t<div class=\"e-con-inner\">\n\t\t<div class=\"elementor-element elementor-element-f575fa8 e-con-full e-flex e-con e-child\" data-id=\"f575fa8\" data-element_type=\"container\" data-e-type=\"container\">\n\t\t\t\t<div class=\"elementor-element elementor-element-1443945 elementor-widget elementor-widget-image\" data-id=\"1443945\" data-element_type=\"widget\" data-e-type=\"widget\" data-widget_type=\"image.default\">\n\t\t\t\t\t\t\t\t\t\t\t\t\t\t\t<img decoding=\"async\" src=\"https:\/\/generositypath.org\/wp-content\/uploads\/2024\/08\/Lady-smiling.png\" title=\"\" alt=\"\" loading=\"lazy\" \/>\t\t\t\t\t\t\t\t\t\t\t\t\t\t\t<\/div>\n\t\t\t\t<\/div>\n\t\t<div class=\"elementor-element elementor-element-1f190d4 e-con-full e-flex e-con e-child\" data-id=\"1f190d4\" data-element_type=\"container\" data-e-type=\"container\">\n\t\t\t\t<div class=\"elementor-element elementor-element-98eab30 elementor-widget elementor-widget-heading\" data-id=\"98eab30\" data-element_type=\"widget\" data-e-type=\"widget\" data-widget_type=\"heading.default\">\n\t\t\t\t\t<h2 class=\"elementor-heading-title elementor-size-default\">Vertskap for en JOG<\/h2>\t\t\t\t<\/div>\n\t\t\t\t<div class=\"elementor-element elementor-element-4f74f9f elementor-widget elementor-widget-heading\" data-id=\"4f74f9f\" data-element_type=\"widget\" data-e-type=\"widget\" data-widget_type=\"heading.default\">\n\t\t\t\t\t<h3 class=\"elementor-heading-title elementor-size-default\">En gener\u00f8sitetsreise er enkel, gratis og livsforvandlende <\/h3>\t\t\t\t<\/div>\n\t\t\t\t<div class=\"elementor-element elementor-element-0887004 elementor-widget elementor-widget-text-editor\" data-id=\"0887004\" data-element_type=\"widget\" data-e-type=\"widget\" data-widget_type=\"text-editor.default\">\n\t\t\t\t\t\t\t\t\t<p>En gener\u00f8sitetsreise (JOG) er en enkel, interaktiv opplevelse som skaper et rom for samtaler om tro, liv og penger.<\/p><p>Dette gratisarrangementet er tilgjengelig i en rekke formater og er designet slik at det er enkelt for alle \u00e5 v\u00e6re vertskap. Gjennom historier fra virkeligheten om sjener\u00f8se givere fra hele verden, en utforskning av hva Bibelen har \u00e5 si om \u00e5 gi, og tankevekkende aktiviteter, ber vi om at du vil bli inspirert og utrustet til \u00e5 finne ny frihet gjennom Guds gener\u00f8sitetens gave. <\/p>\t\t\t\t\t\t\t\t<\/div>\n\t\t\t\t<div class=\"elementor-element elementor-element-814236f elementor-widget elementor-widget-button\" data-id=\"814236f\" data-element_type=\"widget\" data-e-type=\"widget\" data-widget_type=\"button.default\">\n\t\t\t\t\t\t\t\t\t\t<a class=\"elementor-button elementor-button-link elementor-size-sm\" href=\"https:\/\/generositypath.org\/no\/vertskap-for-en-jog\/\">\n\t\t\t\t\t\t<span class=\"elementor-button-content-wrapper\">\n\t\t\t\t\t\t\t\t\t<span class=\"elementor-button-text\">Vertskap for en JOG<\/span>\n\t\t\t\t\t<\/span>\n\t\t\t\t\t<\/a>\n\t\t\t\t\t\t\t\t<\/div>\n\t\t\t\t<\/div>\n\t\t\t\t\t<\/div>\n\t\t\t\t<\/div>\n\t\t<div class=\"elementor-element elementor-element-e1544ae e-flex e-con-boxed e-con e-parent\" data-id=\"e1544ae\" data-element_type=\"container\" data-e-type=\"container\">\n\t\t\t\t\t<div class=\"e-con-inner\">\n\t\t<div class=\"elementor-element elementor-element-382f6b8 e-con-full e-flex e-con e-child\" data-id=\"382f6b8\" data-element_type=\"container\" data-e-type=\"container\">\n\t\t\t\t<div class=\"elementor-element elementor-element-9b321f7 elementor-widget elementor-widget-heading\" data-id=\"9b321f7\" data-element_type=\"widget\" data-e-type=\"widget\" data-widget_type=\"heading.default\">\n\t\t\t\t\t<h2 class=\"elementor-heading-title elementor-size-default\">Bli partner med oss<\/h2>\t\t\t\t<\/div>\n\t\t\t\t<div class=\"elementor-element elementor-element-f9fb88b elementor-widget elementor-widget-heading\" data-id=\"f9fb88b\" data-element_type=\"widget\" data-e-type=\"widget\" data-widget_type=\"heading.default\">\n\t\t\t\t\t<h3 class=\"elementor-heading-title elementor-size-default\">Vi tror at Jesus-lik gavmildhet har kraft til \u00e5 forandre verden.<\/h3>\t\t\t\t<\/div>\n\t\t\t\t<div class=\"elementor-element elementor-element-93a4fde elementor-widget elementor-widget-text-editor\" data-id=\"93a4fde\" data-element_type=\"widget\" data-e-type=\"widget\" data-widget_type=\"text-editor.default\">\n\t\t\t\t\t\t\t\t\t<p>Et s\u00e5 viktig oppdrag krever at alle spiller sin rolle. Inspirert av opplevelsen av En gener\u00f8sitetsreise og dens livsforvandlende innvirkning, finnes det en rekke m\u00e5ter du kan samarbeide med oss p\u00e5. <\/p>\t\t\t\t\t\t\t\t<\/div>\n\t\t\t\t<div class=\"elementor-element elementor-element-65310b5 elementor-widget elementor-widget-button\" data-id=\"65310b5\" data-element_type=\"widget\" data-e-type=\"widget\" data-widget_type=\"button.default\">\n\t\t\t\t\t\t\t\t\t\t<a class=\"elementor-button elementor-button-link elementor-size-sm\" href=\"https:\/\/generositypath.org\/no\/bli-partner-med-oss\/\">\n\t\t\t\t\t\t<span class=\"elementor-button-content-wrapper\">\n\t\t\t\t\t\t\t\t\t<span class=\"elementor-button-text\">Bli partner med oss<\/span>\n\t\t\t\t\t<\/span>\n\t\t\t\t\t<\/a>\n\t\t\t\t\t\t\t\t<\/div>\n\t\t\t\t<\/div>\n\t\t<div class=\"elementor-element elementor-element-9675887 e-con-full e-flex e-con e-child\" data-id=\"9675887\" data-element_type=\"container\" data-e-type=\"container\">\n\t\t\t\t<div class=\"elementor-element elementor-element-1db8053 elementor-widget elementor-widget-image\" data-id=\"1db8053\" data-element_type=\"widget\" data-e-type=\"widget\" data-widget_type=\"image.default\">\n\t\t\t\t\t\t\t\t\t\t\t\t\t\t\t<img decoding=\"async\" src=\"https:\/\/generositypath.org\/wp-content\/uploads\/2024\/08\/Man-Hosting-JOG.png\" title=\"\" alt=\"\" loading=\"lazy\" \/>\t\t\t\t\t\t\t\t\t\t\t\t\t\t\t<\/div>\n\t\t\t\t<\/div>\n\t\t\t\t\t<\/div>\n\t\t\t\t<\/div>\n\t\t<div class=\"elementor-element elementor-element-6aade3d e-flex e-con-boxed e-con e-parent\" data-id=\"6aade3d\" data-element_type=\"container\" data-e-type=\"container\" data-settings=\"{&quot;background_background&quot;:&quot;classic&quot;}\">\n\t\t\t\t\t<div class=\"e-con-inner\">\n\t\t<div class=\"elementor-element elementor-element-61c98ec e-con-full e-flex e-con e-child\" data-id=\"61c98ec\" data-element_type=\"container\" data-e-type=\"container\">\n\t\t\t\t<div class=\"elementor-element elementor-element-1c1acaf elementor-widget elementor-widget-heading\" data-id=\"1c1acaf\" data-element_type=\"widget\" data-e-type=\"widget\" data-widget_type=\"heading.default\">\n\t\t\t\t\t<h2 class=\"elementor-heading-title elementor-size-default\">Hva andre sier om JOG<\/h2>\t\t\t\t<\/div>\n\t\t\t\t<div class=\"elementor-element elementor-element-b405a99 elementor-widget elementor-widget-heading\" data-id=\"b405a99\" data-element_type=\"widget\" data-e-type=\"widget\" data-widget_type=\"heading.default\">\n\t\t\t\t\t<h2 class=\"elementor-heading-title elementor-size-default\">H\u00f8r historier om forvandling<\/h2>\t\t\t\t<\/div>\n\t\t\t\t<div class=\"elementor-element elementor-element-76a3f5b elementor-widget elementor-widget-text-editor\" data-id=\"76a3f5b\" data-element_type=\"widget\" data-e-type=\"widget\" data-widget_type=\"text-editor.default\">\n\t\t\t\t\t\t\t\t\tEtter hvert som denne bevegelsen av radikal, evangelisk gavmildhet vokser, kan du h\u00f8re fra menigheter, organisasjoner og enkeltpersoner som har erfart kraften i Gavmildhetens reise.\t\t\t\t\t\t\t\t<\/div>\n\t\t\t\t<\/div>\n\t\t<div class=\"elementor-element elementor-element-fed8d31 e-grid e-con-full e-con e-child\" data-id=\"fed8d31\" data-element_type=\"container\" data-e-type=\"container\">\n\t\t\t\t<div class=\"elementor-element elementor-element-d539eeb elementor-widget elementor-widget-html\" data-id=\"d539eeb\" data-element_type=\"widget\" data-e-type=\"widget\" data-widget_type=\"html.default\">\n\t\t\t\t\t<div style=\"position:relative;height:0;padding-bottom:177.94253938832253%\"><iframe class=\"sproutvideo-player\" src=\"https:\/\/videos.sproutvideo.com\/embed\/7991d1b31614eaccf0\/17a32b41a21e93cd?playerTheme=dark&amp;playerColor=2f3437\" style=\"position:absolute;width:100%;height:100%;left:0;top:0\" frameborder=\"0\" allowfullscreen=\"\" referrerpolicy=\"no-referrer-when-downgrade\" title=\"Videospiller\"><\/iframe><\/div>\t\t\t\t<\/div>\n\t\t\t\t<div class=\"elementor-element elementor-element-50b2741 elementor-widget elementor-widget-html\" data-id=\"50b2741\" data-element_type=\"widget\" data-e-type=\"widget\" data-widget_type=\"html.default\">\n\t\t\t\t\t<div style=\"position:relative;height:0;padding-bottom:177.94253938832253%\"><iframe class=\"sproutvideo-player\" src=\"https:\/\/videos.sproutvideo.com\/embed\/ac91d1b31614eacd25\/42dc6791e4f878a9?playerTheme=dark&amp;playerColor=2f3437\" style=\"position:absolute;width:100%;height:100%;left:0;top:0\" frameborder=\"0\" allowfullscreen=\"\" referrerpolicy=\"no-referrer-when-downgrade\" title=\"Videospiller\"><\/iframe><\/div>\t\t\t\t<\/div>\n\t\t\t\t<div class=\"elementor-element elementor-element-8c33b7b elementor-widget elementor-widget-html\" data-id=\"8c33b7b\" data-element_type=\"widget\" data-e-type=\"widget\" data-widget_type=\"html.default\">\n\t\t\t\t\t<div style=\"position:relative;height:0;padding-bottom:177.94253938832253%\"><iframe class=\"sproutvideo-player\" src=\"https:\/\/videos.sproutvideo.com\/embed\/d391d1b31614e5c15a\/af1241fa3d922eb7?playerTheme=dark&amp;playerColor=2f3437\" style=\"position:absolute;width:100%;height:100%;left:0;top:0\" frameborder=\"0\" allowfullscreen=\"\" referrerpolicy=\"no-referrer-when-downgrade\" title=\"Videospiller\"><\/iframe><\/div>\t\t\t\t<\/div>\n\t\t\t\t<\/div>\n\t\t\t\t<div class=\"elementor-element elementor-element-f9e64a7 elementor-align-center elementor-widget elementor-widget-button\" data-id=\"f9e64a7\" data-element_type=\"widget\" data-e-type=\"widget\" data-widget_type=\"button.default\">\n\t\t\t\t\t\t\t\t\t\t<a class=\"elementor-button elementor-button-link elementor-size-sm\" href=\"https:\/\/generositypath.org\/host-a-jog#Stories\">\n\t\t\t\t\t\t<span class=\"elementor-button-content-wrapper\">\n\t\t\t\t\t\t\t\t\t<span class=\"elementor-button-text\">Se flere anbefalinger  <\/span>\n\t\t\t\t\t<\/span>\n\t\t\t\t\t<\/a>\n\t\t\t\t\t\t\t\t<\/div>\n\t\t\t\t\t<\/div>\n\t\t\t\t<\/div>\n\t\t\t\t<\/div>\n\t\t","protected":false},"excerpt":{"rendered":"<p>Frigj\u00f8r mennesker som deg til \u00e5 leve mer sjener\u00f8st og friere enn du noen gang hadde forestilt deg.<\/p>\n","protected":false},"author":2,"featured_media":3438,"parent":0,"menu_order":0,"comment_status":"closed","ping_status":"closed","template":"elementor_header_footer","meta":{"content-type":"","footnotes":""},"class_list":["post-3470","page","type-page","status-publish","has-post-thumbnail","hentry"],"_links":{"self":[{"href":"https:\/\/generositypath.org\/no\/wp-json\/wp\/v2\/pages\/3470","targetHints":{"allow":["GET"]}}],"collection":[{"href":"https:\/\/generositypath.org\/no\/wp-json\/wp\/v2\/pages"}],"about":[{"href":"https:\/\/generositypath.org\/no\/wp-json\/wp\/v2\/types\/page"}],"author":[{"embeddable":true,"href":"https:\/\/generositypath.org\/no\/wp-json\/wp\/v2\/users\/2"}],"replies":[{"embeddable":true,"href":"https:\/\/generositypath.org\/no\/wp-json\/wp\/v2\/comments?post=3470"}],"version-history":[{"count":7,"href":"https:\/\/generositypath.org\/no\/wp-json\/wp\/v2\/pages\/3470\/revisions"}],"predecessor-version":[{"id":13193,"href":"https:\/\/generositypath.org\/no\/wp-json\/wp\/v2\/pages\/3470\/revisions\/13193"}],"wp:featuredmedia":[{"embeddable":true,"href":"https:\/\/generositypath.org\/no\/wp-json\/wp\/v2\/media\/3438"}],"wp:attachment":[{"href":"https:\/\/generositypath.org\/no\/wp-json\/wp\/v2\/media?parent=3470"}],"curies":[{"name":"wp","href":"https:\/\/api.w.org\/{rel}","templated":true}]}}