{"id":3482,"date":"2024-10-03T08:26:50","date_gmt":"2024-10-03T08:26:50","guid":{"rendered":"https:\/\/generositypath.org\/retningslinjer-for-personvern\/"},"modified":"2025-05-28T09:54:47","modified_gmt":"2025-05-28T09:54:47","slug":"retningslinjer-for-personvern","status":"publish","type":"page","link":"https:\/\/generositypath.org\/no\/retningslinjer-for-personvern\/","title":{"rendered":"Retningslinjer for personvern"},"content":{"rendered":"\t\t<div data-elementor-type=\"wp-page\" data-elementor-id=\"3482\" class=\"elementor elementor-3482 elementor-1768\" data-elementor-post-type=\"page\">\n\t\t\t\t<div class=\"elementor-element elementor-element-dea5376 e-flex e-con-boxed e-con e-parent\" data-id=\"dea5376\" data-element_type=\"container\" data-e-type=\"container\">\n\t\t\t\t\t<div class=\"e-con-inner\">\n\t\t<div class=\"elementor-element elementor-element-29d3e0f e-con-full e-flex e-con e-child\" data-id=\"29d3e0f\" data-element_type=\"container\" data-e-type=\"container\">\n\t\t\t\t<div class=\"elementor-element elementor-element-47fcc5b elementor-widget elementor-widget-heading\" data-id=\"47fcc5b\" data-element_type=\"widget\" data-e-type=\"widget\" data-widget_type=\"heading.default\">\n\t\t\t\t\t<h1 class=\"elementor-heading-title elementor-size-default\">Retningslinjer for personvern\n<\/h1>\t\t\t\t<\/div>\n\t\t\t\t<\/div>\n\t\t\t\t\t<\/div>\n\t\t\t\t<\/div>\n\t\t<div class=\"elementor-element elementor-element-dd26685 e-flex e-con-boxed e-con e-parent\" data-id=\"dd26685\" data-element_type=\"container\" data-e-type=\"container\">\n\t\t\t\t\t<div class=\"e-con-inner\">\n\t\t\t\t<div class=\"elementor-element elementor-element-a0eb81a elementor-widget elementor-widget-text-editor\" data-id=\"a0eb81a\" data-element_type=\"widget\" data-e-type=\"widget\" data-widget_type=\"text-editor.default\">\n\t\t\t\t\t\t\t\t\t<h4>Sist oppdatert: 06. april 2023<\/h4><p>Denne personvernerkl\u00e6ringen beskriver v\u00e5re retningslinjer og prosedyrer for innsamling, bruk og utlevering av informasjonen din n\u00e5r du bruker denne tjenesten, og forteller deg om dine personvernrettigheter og hvordan loven beskytter deg.<\/p><p>Vi bruker personopplysningene dine til \u00e5 gi deg den informasjonen du trenger, og til \u00e5 forbedre tjenesten v\u00e5r. Ved \u00e5 bruke tjenesten betror du oss informasjonen din, og vi jobber hardt for \u00e5 beskytte denne informasjonen, for \u00e5 samle inn og bruke den i samsvar med gjeldende lover og denne personvernerkl\u00e6ringen. <\/p><p> <\/p><h3>Tolkning og definisjoner<\/h3><h4><strong>Hvem vi er<\/strong><\/h4><p>Generosity Path er en global ideell organisasjon som drives av The Maclellan Center for Global Christian Education med hovedkontor i 820 Broad Street, Suite 300 Chattanooga, TN 37402, USA. Generosity Path tar hensyn til personvernlover over hele verden, inkludert EU-forordning 2016\/679 (GDPR), og behandler personopplysninger i henhold til dem og til interne retningslinjer og prosedyrer. <\/p><h4><strong>Tolkning<\/strong><\/h4><p>Ordene med stor forbokstav har betydninger som er definert under f\u00f8lgende betingelser. F\u00f8lgende definisjoner skal ha samme betydning uavhengig av om de forekommer i entall eller flertall. <\/p><h4><strong>Definisjoner<\/strong><\/h4><p>I forbindelse med denne personvernerkl\u00e6ringen:<\/p><p><strong>Selskapet<\/strong> (referert til som enten &laquo;selskapet&raquo;, &laquo;vi&raquo;, &laquo;oss&raquo; eller &laquo;v\u00e5r&raquo; i denne avtalen) refererer til The Maclellan Center for Global Christian Education, 820 Broad Street, Suite 300 Chattanooga, TN 37402, USA.<\/p><p><strong>Informasjonskapsler<\/strong> er sm\u00e5 informasjonsbiter som plasseres p\u00e5 datamaskinen, mobilenheten eller en annen enhet av et nettsted, og som blant annet inneholder informasjon om nettleserhistorikken din p\u00e5 det aktuelle nettstedet.<\/p><p><strong>Land<\/strong> refererer til: Tennessee, USA<\/p><p>Med <strong>enhet<\/strong> menes enhver enhet som kan f\u00e5 tilgang til Tjenesten, for eksempel en datamaskin, en mobiltelefon eller et digitalt nettbrett.<\/p><p><strong>Personopplysninger<\/strong> er all informasjon som er knyttet til en identifisert eller identifiserbar person.<\/p><p><strong>Tjenesten<\/strong> refererer til nettstedet.<\/p><p><strong>Tjenesteleverand\u00f8r<\/strong> betyr enhver fysisk eller juridisk person som behandler dataene p\u00e5 vegne av selskapet. Det refererer til tredjepartsselskaper eller enkeltpersoner som er ansatt av selskapet for \u00e5 legge til rette for tjenesten, for \u00e5 levere tjenesten p\u00e5 vegne av selskapet, for \u00e5 utf\u00f8re tjenester relatert til tjenesten eller for \u00e5 hjelpe selskapet med \u00e5 analysere hvordan tjenesten brukes. <\/p><p><strong>Tredjeparts sosiale medietjeneste<\/strong> refererer til ethvert nettsted eller ethvert sosialt nettverksnettsted der en bruker kan logge inn eller opprette en konto for \u00e5 bruke tjenesten.<\/p><p><strong>Bruksdata<\/strong> refererer til data som samles inn automatisk, enten generert av bruken av tjenesten eller fra selve tjenesteinfrastrukturen (for eksempel varigheten av et sidebes\u00f8k).<\/p><p><strong>Nettstedet<\/strong> henviser til Generosity Path, som er tilgjengelig fra <a href=\"https:\/\/www.generositypath.org\/?hsLang=en\">https:\/\/www.generositypath.org<\/a><\/p><p><strong>Du<\/strong> betyr den personen som f\u00e5r tilgang til eller bruker Tjenesten, eller selskapet eller annen juridisk enhet p\u00e5 vegne av hvilken en slik person f\u00e5r tilgang til eller bruker Tjenesten, alt etter hva som er aktuelt.<\/p><p> <\/p><h3>Innsamling og bruk av personopplysningene dine<\/h3><h4><strong>Typer data som samles inn  <\/strong><\/h4><h5> <\/h5><h5><strong>Personopplysninger<\/strong><\/h5><p>N\u00e5r du bruker tjenesten v\u00e5r, kan vi be deg om \u00e5 gi oss visse personopplysninger som kan brukes til \u00e5 kontakte eller identifisere deg. Personlig identifiserbar informasjon kan omfatte, men er ikke begrenset til: <\/p><ul><li>E-postadresse<\/li><li>Fornavn og etternavn<\/li><li>Bruksdata<\/li><\/ul><h5><strong>Bruksdata<\/strong><\/h5><p>Bruksdata samles inn automatisk n\u00e5r du bruker tjenesten.<\/p><p>Bruksdata kan omfatte informasjon som enhetens IP-adresse (f.eks. IP-adresse), nettlesertype, nettleserversjon, sidene i tjenesten v\u00e5r som du bes\u00f8ker, klokkeslett og dato for bes\u00f8ket, tiden du bruker p\u00e5 disse sidene, unike enhetsidentifikatorer og andre diagnostiske data.<\/p><p>N\u00e5r du f\u00e5r tilgang til tjenesten med eller via en mobil enhet, kan vi samle inn visse opplysninger automatisk, inkludert, men ikke begrenset til, hvilken type mobil enhet du bruker, den unike ID-en til din mobile enhet, IP-adressen til din mobile enhet, ditt mobile operativsystem, hvilken type mobil nettleser du bruker, unike enhetsidentifikatorer og andre diagnostiske data.<\/p><p>Vi kan ogs\u00e5 samle inn informasjon som nettleseren din sender n\u00e5r du bes\u00f8ker tjenesten v\u00e5r, eller n\u00e5r du f\u00e5r tilgang til tjenesten med eller via en mobil enhet.<\/p><h5><strong>Informasjon fra tredjeparts sosiale medietjenester<\/strong><\/h5><p>Selskapet kan ogs\u00e5 kontaktes gjennom f\u00f8lgende tredjeparts sosiale medietjenester:<\/p><ul><li>Google<\/li><li>Facebook<\/li><li>Instagram<\/li><li>LinkedIn<\/li><\/ul><p>I dette tilfellet kan vi samle inn personopplysninger som allerede er knyttet til kontoen din hos tredjeparts sosiale medietjeneste, for eksempel navnet ditt, e-postadressen din, aktivitetene dine eller kontaktlisten din som er knyttet til den kontoen.<\/p><p>Du kan ogs\u00e5 ha muligheten til \u00e5 dele ytterligere informasjon med selskapet gjennom kontoen til tredjepartstjenesten for sosiale medier. Hvis du velger \u00e5 oppgi slik informasjon og personopplysninger, gir du selskapet tillatelse til \u00e5 bruke, dele og lagre den p\u00e5 en m\u00e5te som er i samsvar med denne personvernerkl\u00e6ringen. <\/p><h5><strong>Sporingsteknologi og informasjonskapsler  <\/strong><\/h5>\t\t\t\t\t\t\t\t<\/div>\n\t\t\t\t<div class=\"elementor-element elementor-element-f45c1bc elementor-widget elementor-widget-html\" data-id=\"f45c1bc\" data-element_type=\"widget\" data-e-type=\"widget\" data-widget_type=\"html.default\">\n\t\t\t\t\t<script id=\"CookieDeclaration\" src=\"https:\/\/consent.cookiebot.com\/819d6270-3ddd-42f0-99ba-21567c372218\/cd.js\" type=\"text\/javascript\" async><\/script>\t\t\t\t<\/div>\n\t\t\t\t<div class=\"elementor-element elementor-element-60300e8 elementor-widget elementor-widget-text-editor\" data-id=\"60300e8\" data-element_type=\"widget\" data-e-type=\"widget\" data-widget_type=\"text-editor.default\">\n\t\t\t\t\t\t\t\t\t<h4><strong style=\"color: var( --e-global-color-text ); text-align: var(--text-align);\">Bruk av personopplysningene dine<\/strong><\/h4><div class=\"row-fluid-wrapper row-depth-1 row-number-4 dnd-row\"><div class=\"row-fluid \"><div class=\"span12 widget-span widget-type-custom_widget module_16571002207223-padding dnd-module\" data-widget-type=\"custom_widget\" data-x=\"0\" data-w=\"12\"><div id=\"hs_cos_wrapper_module_16571002207223\" class=\"hs_cos_wrapper hs_cos_wrapper_widget hs_cos_wrapper_type_module widget-type-rich_text\" data-hs-cos-general-type=\"widget\" data-hs-cos-type=\"module\"><p>Selskapet kan bruke Personopplysninger til f\u00f8lgende form\u00e5l:<\/p><p><strong>For \u00e5 levere og vedlikeholde tjenesten v\u00e5r<\/strong>, inkludert for \u00e5 overv\u00e5ke bruken av tjenesten v\u00e5r.<\/p><p><strong>For \u00e5 kontakte deg:<\/strong> For \u00e5 kontakte deg via e-post, telefonsamtaler eller andre tilsvarende former for elektronisk kommunikasjon, for eksempel push-varsler i en mobilapplikasjon om oppdateringer eller informativ kommunikasjon knyttet til funksjonalitetene, inkludert sikkerhetsoppdateringer, n\u00e5r det er n\u00f8dvendig eller rimelig for implementeringen av dem.<\/p><p><strong>For \u00e5 gi deg<\/strong> nyheter og generell informasjon om v\u00e5r virksomhet s\u00e5 lenge du har valgt \u00e5 motta slik informasjon.<\/p><p><strong>For \u00e5 administrere foresp\u00f8rslene dine:<\/strong> For \u00e5 ivareta og administrere dine foresp\u00f8rsler til oss.<\/p><p><strong>For andre form\u00e5l<\/strong>: Vi kan bruke informasjonen din til andre form\u00e5l, for eksempel dataanalyse, identifisering av brukstrender, bestemmelse av effektiviteten av kommunikasjonen v\u00e5r og for \u00e5 evaluere og forbedre tjenesten v\u00e5r, markedsf\u00f8ringen og opplevelsen din.<\/p><p>Vi kan dele personopplysningene dine i f\u00f8lgende situasjoner:<\/p><ul><li><strong>Med tjenesteleverand\u00f8rer:<\/strong> Vi kan dele dine personopplysninger med tjenesteleverand\u00f8rer for \u00e5 overv\u00e5ke og analysere bruken av tjenesten v\u00e5r, og for \u00e5 kontakte deg.<\/li><li><strong>Med tilknyttede selskaper:<\/strong> Vi kan dele informasjonen din med v\u00e5re tilknyttede selskaper, og i s\u00e5 fall vil vi kreve at disse tilknyttede selskapene overholder denne personvernerkl\u00e6ringen. Tilknyttede selskaper inkluderer v\u00e5rt morselskap og eventuelle andre datterselskaper, joint venture-partnere eller andre selskaper som vi kontrollerer eller som er under felles kontroll med oss. <\/li><li><strong>Med andre brukere:<\/strong> N\u00e5r du deler personlig informasjon eller p\u00e5 annen m\u00e5te samhandler i de offentlige omr\u00e5dene med andre brukere, kan slik informasjon bli sett av alle brukere og kan bli distribuert offentlig utenfor. Hvis du samhandler med andre brukere eller registrerer deg gjennom en tredjeparts sosiale medietjeneste, kan kontaktene dine p\u00e5 tredjeparts sosiale medietjeneste se navnet ditt, profilen din, bilder og beskrivelser av aktiviteten din. P\u00e5 samme m\u00e5te vil andre brukere kunne se beskrivelser av din aktivitet, kommunisere med deg og se din profil.  <\/li><li><strong>Med ditt samtykke<\/strong>: Vi kan utlevere personopplysningene dine til andre form\u00e5l med ditt samtykke.<\/li><\/ul><h3> <\/h3><h4><strong>Oppbevaring av personopplysningene dine<\/strong><\/h4><p>Selskapet vil kun oppbevare personopplysningene dine s\u00e5 lenge det er n\u00f8dvendig for de form\u00e5lene som er angitt i denne personvernerkl\u00e6ringen. Vi vil oppbevare og bruke personopplysningene dine i den grad det er n\u00f8dvendig for \u00e5 overholde v\u00e5re juridiske forpliktelser (for eksempel hvis vi er p\u00e5lagt \u00e5 oppbevare opplysningene dine for \u00e5 overholde gjeldende lover), l\u00f8se tvister og h\u00e5ndheve v\u00e5re juridiske avtaler og retningslinjer. <\/p><p>Selskapet vil ogs\u00e5 beholde bruksdata for interne analyseform\u00e5l. Bruksdata oppbevares vanligvis i en kortere periode, bortsett fra n\u00e5r disse dataene brukes til \u00e5 styrke sikkerheten eller forbedre funksjonaliteten til tjenesten v\u00e5r, eller vi er juridisk forpliktet til \u00e5 beholde disse dataene i lengre tidsperioder. <\/p><p>Som en generell regel vil vi oppbevare informasjonen vi samler inn n\u00e5r du bruker tjenesten i 12 m\u00e5neder fra og med din siste interaksjon med oss.<\/p><p> <\/p><h4><strong>Overf\u00f8ring av personopplysningene dine<\/strong><\/h4><p>Din informasjon, inkludert personopplysninger, behandles p\u00e5 selskapets driftskontorer og p\u00e5 andre steder der partene som er involvert i behandlingen befinner seg. Det betyr at denne informasjonen kan overf\u00f8res til &#8211; og vedlikeholdes p\u00e5 &#8211; datamaskiner som befinner seg utenfor din stat, provins, land eller annen statlig jurisdiksjon der personvernlovene kan avvike fra dem som gjelder i din jurisdiksjon. <\/p><p>Ditt samtykke til denne personvernerkl\u00e6ringen etterfulgt av din innsending av slik informasjon representerer ditt samtykke til denne overf\u00f8ringen.<\/p><p>Selskapet vil ta alle n\u00f8dvendige skritt for \u00e5 sikre at dine data behandles sikkert og i samsvar med denne personvernerkl\u00e6ringen og gjeldende personvernlover, og ingen overf\u00f8ring av dine personopplysninger vil finne sted til en organisasjon eller et land med mindre det er tilstrekkelig kontroll p\u00e5 plass, inkludert sikkerheten til dine data og annen personlig informasjon.<\/p><p> <\/p><h4><strong>Utlevering av personopplysningene dine<\/strong><\/h4><h5><strong>Rettsh\u00e5ndhevelse<\/strong><\/h5><p>Under visse omstendigheter kan selskapet v\u00e6re p\u00e5lagt \u00e5 utlevere personopplysningene dine hvis loven krever det eller som svar p\u00e5 gyldige foresp\u00f8rsler fra offentlige myndigheter (f.eks. en domstol eller en offentlig etat).<\/p><h5><strong>Andre juridiske krav<\/strong><\/h5><p>Selskapet kan utlevere dine personopplysninger i god tro om at en slik handling er n\u00f8dvendig for \u00e5:<\/p><ul><li>Oppfylle en juridisk forpliktelse<\/li><li>beskytte og forsvare selskapets rettigheter eller eiendom<\/li><li>Forebygge eller etterforske mulige lovbrudd i forbindelse med Tjenesten<\/li><li>Beskytte den personlige sikkerheten til brukere av tjenesten eller offentligheten<\/li><li>Beskytte mot juridisk ansvar<\/li><\/ul><h4><strong>Sikkerhet for personopplysningene dine<\/strong><\/h4><p>Sikkerheten til personopplysningene dine er viktig for oss, men husk at ingen metode for overf\u00f8ring over Internett eller elektronisk lagring er 100 % sikker. Selv om vi bestreber oss p\u00e5 \u00e5 bruke kommersielt akseptable metoder for \u00e5 beskytte personopplysningene dine, kan vi ikke garantere absolutt sikkerhet. <\/p><p> <\/p><h3>Dine rettigheter som registrert<\/h3><ol><li><strong>Rett til \u00e5 bli informert<\/strong> (GDPR artikkel 12 til 14): Registrerte har rett til \u00e5 bli informert om innsamling og bruk av personopplysningene sine.<\/li><li><strong>Rett til innsyn<\/strong> (GDPR artikkel 15): Registrerte har rett til \u00e5 se og be om kopier av personopplysningene sine.<\/li><li><strong>Rett til retting<\/strong> (GDPR artikkel 16): Registrerte har rett til \u00e5 be om at un\u00f8yaktige eller utdaterte personopplysninger oppdateres eller korrigeres.<\/li><li><strong>Rett<\/strong> til <strong>\u00e5 bli glemt\/rett<\/strong> til <strong>sletting<\/strong> (GDPR artikkel 17): Registrerte har under visse omstendigheter rett til \u00e5 be om at personopplysningene deres slettes. Merk at dette ikke er en absolutt rettighet, og at det kan gj\u00f8res unntak basert p\u00e5 visse lover, allmennhetens interesse, rettskrav, forskning eller statistikk. <\/li><li><strong>Rett til dataportabilitet<\/strong> (GDPR artikkel 20): N\u00e5r det er mulig, har de registrerte rett til \u00e5 be om at deres digitale opplysninger overf\u00f8res til en annen behandlingsansvarlig eller utleveres til dem. Opplysningene m\u00e5 leveres i et maskinlesbart elektronisk format. <\/li><li><strong>Rett til \u00e5 begrense behandlingen<\/strong> (artikkel 18): Registrerte har rett til \u00e5 be om begrensning eller sletting av personopplysningene sine.<\/li><li><strong>Rett til \u00e5 trekke tilbake samtykke<\/strong> (GDPR artikkel 7): Den registrerte har rett til \u00e5 trekke tilbake tidligere avgitt samtykke til behandling av personopplysningene sine.<\/li><li><strong>Rett til \u00e5 protestere<\/strong> (GDPR artikkel 21): Registrerte har rett til \u00e5 protestere mot behandlingen av personopplysningene sine.<\/li><li><strong>Rett til \u00e5 protestere mot automatisert behandling<\/strong> (GDPR artikkel 22): Registrerte har rett til \u00e5 protestere mot at det tas avgj\u00f8relser med opplysningene deres utelukkende basert p\u00e5 automatiserte avgj\u00f8relser eller profilering.<\/li><\/ol><h2> <\/h2><h3>Barns personvern<\/h3><p>Tjenesten v\u00e5r henvender seg ikke til personer under 16 \u00e5r. Vi samler ikke bevisst inn personlig identifiserbar informasjon fra personer under 16 \u00e5r. Hvis du er forelder eller foresatt og du er klar over at barnet ditt har gitt oss personopplysninger, ber vi deg kontakte oss. Hvis vi blir oppmerksomme p\u00e5 at vi har samlet inn personopplysninger fra noen under 16 \u00e5r uten verifisering av foreldres samtykke, vil vi umiddelbart ta skritt for \u00e5 fjerne denne informasjonen fra databasen v\u00e5r.   <\/p><p>Hvis vi m\u00e5 basere oss p\u00e5 samtykke som juridisk grunnlag for \u00e5 behandle opplysningene dine, og landet ditt krever samtykke fra en forelder, kan vi kreve samtykke fra foreldrene dine f\u00f8r vi samler inn og bruker opplysningene.<\/p><h2> <\/h2><h3>Lenker til andre nettsteder<\/h3><p>Tjenesten v\u00e5r kan inneholde lenker til andre nettsteder som ikke drives av oss. Hvis du klikker p\u00e5 en tredjepartslenke, vil du bli sendt til den tredjepartens nettsted. Vi anbefaler deg p\u00e5 det sterkeste \u00e5 lese gjennom personvernerkl\u00e6ringen for hvert nettsted du bes\u00f8ker.  <\/p><p>Vi har ingen kontroll over og p\u00e5tar oss ikke noe ansvar for innholdet, personvernerkl\u00e6ringene eller praksisen til tredjeparts nettsteder eller tjenester.<\/p><h2> <\/h2><h3>Endringer i denne personvernerkl\u00e6ringen<\/h3><p>Vi kan oppdatere personvernerkl\u00e6ringen v\u00e5r fra tid til annen. Vi vil varsle deg om eventuelle endringer ved \u00e5 legge ut den nye personvernerkl\u00e6ringen p\u00e5 denne siden. <\/p><p>Vi anbefaler at du leser gjennom denne personvernerkl\u00e6ringen med jevne mellomrom for \u00e5 se etter eventuelle endringer. Endringer i denne personvernerkl\u00e6ringen trer i kraft n\u00e5r de legges ut p\u00e5 denne siden. <\/p><h2> <\/h2><h3>Kontakt oss<\/h3><p>Hvis du har sp\u00f8rsm\u00e5l om denne personvernerkl\u00e6ringen, kan du kontakte oss:<\/p><p>Via e-post: <a href=\"mailto:info@generositypath.org\" rel=\"noopener\">info@generositypath.org<\/a><\/p><p>Ved \u00e5 bes\u00f8ke denne siden p\u00e5 nettstedet v\u00e5rt: <a href=\"https:\/\/www.generositypath.org\/contact?hsLang=en\">https:\/\/www.generositypath.org\/contact<\/a><\/p><p>Behandlingsansvarlig er: Generosity Path, 820 Broad St Ste 300, Chattanooga, TN 37402-2604.<\/p><p>Du har rett til \u00e5 klage til Information Commissioner&#8217;s Office (tilsynsmyndigheten for databeskyttelse) p\u00e5 telefon 0303 123 1113.<\/p><\/div><\/div><\/div><\/div>\t\t\t\t\t\t\t\t<\/div>\n\t\t\t\t\t<\/div>\n\t\t\t\t<\/div>\n\t\t\t\t<\/div>\n\t\t","protected":false},"excerpt":{"rendered":"<p>Vi styrker v\u00e5r p\u00e5virkningskraft gjennom et transformativt partnerskap med Generosity Path.<\/p>\n","protected":false},"author":1,"featured_media":3438,"parent":0,"menu_order":0,"comment_status":"closed","ping_status":"closed","template":"elementor_header_footer","meta":{"content-type":"","footnotes":""},"class_list":["post-3482","page","type-page","status-publish","has-post-thumbnail","hentry"],"_links":{"self":[{"href":"https:\/\/generositypath.org\/no\/wp-json\/wp\/v2\/pages\/3482","targetHints":{"allow":["GET"]}}],"collection":[{"href":"https:\/\/generositypath.org\/no\/wp-json\/wp\/v2\/pages"}],"about":[{"href":"https:\/\/generositypath.org\/no\/wp-json\/wp\/v2\/types\/page"}],"author":[{"embeddable":true,"href":"https:\/\/generositypath.org\/no\/wp-json\/wp\/v2\/users\/1"}],"replies":[{"embeddable":true,"href":"https:\/\/generositypath.org\/no\/wp-json\/wp\/v2\/comments?post=3482"}],"version-history":[{"count":1,"href":"https:\/\/generositypath.org\/no\/wp-json\/wp\/v2\/pages\/3482\/revisions"}],"predecessor-version":[{"id":5046,"href":"https:\/\/generositypath.org\/no\/wp-json\/wp\/v2\/pages\/3482\/revisions\/5046"}],"wp:featuredmedia":[{"embeddable":true,"href":"https:\/\/generositypath.org\/no\/wp-json\/wp\/v2\/media\/3438"}],"wp:attachment":[{"href":"https:\/\/generositypath.org\/no\/wp-json\/wp\/v2\/media?parent=3482"}],"curies":[{"name":"wp","href":"https:\/\/api.w.org\/{rel}","templated":true}]}}