{"id":4374,"date":"2024-08-15T11:15:11","date_gmt":"2024-08-15T11:15:11","guid":{"rendered":"https:\/\/generositypath.org\/devino-partener\/"},"modified":"2025-05-12T16:09:28","modified_gmt":"2025-05-12T16:09:28","slug":"devino-partener","status":"publish","type":"page","link":"https:\/\/generositypath.org\/ro\/devino-partener\/","title":{"rendered":"Devino Partener"},"content":{"rendered":"\t\t<div data-elementor-type=\"wp-page\" data-elementor-id=\"4374\" class=\"elementor elementor-4374 elementor-566\" data-elementor-post-type=\"page\">\n\t\t\t\t<div class=\"elementor-element elementor-element-dea5376 e-flex e-con-boxed e-con e-parent\" data-id=\"dea5376\" data-element_type=\"container\" data-e-type=\"container\">\n\t\t\t\t\t<div class=\"e-con-inner\">\n\t\t<div class=\"elementor-element elementor-element-29d3e0f e-con-full e-flex e-con e-child\" data-id=\"29d3e0f\" data-element_type=\"container\" data-e-type=\"container\">\n\t\t\t\t<div class=\"elementor-element elementor-element-47fcc5b elementor-widget elementor-widget-heading\" data-id=\"47fcc5b\" data-element_type=\"widget\" data-e-type=\"widget\" data-widget_type=\"heading.default\">\n\t\t\t\t\t<h1 class=\"elementor-heading-title elementor-size-default\">Devino Partener<\/h1>\t\t\t\t<\/div>\n\t\t\t\t<\/div>\n\t\t\t\t\t<\/div>\n\t\t\t\t<\/div>\n\t\t<div class=\"elementor-element elementor-element-dd26685 e-flex e-con-boxed e-con e-parent\" data-id=\"dd26685\" data-element_type=\"container\" data-e-type=\"container\">\n\t\t\t\t\t<div class=\"e-con-inner\">\n\t\t<div class=\"elementor-element elementor-element-1f190d4 e-con-full e-flex e-con e-child\" data-id=\"1f190d4\" data-element_type=\"container\" data-e-type=\"container\">\n\t\t\t\t<div class=\"elementor-element elementor-element-4f74f9f elementor-widget elementor-widget-heading\" data-id=\"4f74f9f\" data-element_type=\"widget\" data-e-type=\"widget\" data-widget_type=\"heading.default\">\n\t\t\t\t\t<h3 class=\"elementor-heading-title elementor-size-default\">O lume vindecat\u0103 prin generozitate<\/h3>\t\t\t\t<\/div>\n\t\t\t\t<div class=\"elementor-element elementor-element-0887004 elementor-widget elementor-widget-text-editor\" data-id=\"0887004\" data-element_type=\"widget\" data-e-type=\"widget\" data-widget_type=\"text-editor.default\">\n\t\t\t\t\t\t\t\t\tO viziune at\u00e2t de mare necesit\u0103 ca to\u021bi oamenii lui Dumnezeu s\u0103 se uneasc\u0103 \u0219i s\u0103 \u00ee\u0219i fac\u0103 partea. Ne rug\u0103m ca, inspira\u021bi de experien\u021ba Generosity Path \u0219i de impactul acesteia asupra vie\u021bii, s\u0103 dori\u021bi s\u0103 ne ajuta\u021bi s\u0103 ne \u00eendeplinim misiunea. Afla\u021bi mai jos cum v\u0103 pute\u021bi implica.   \t\t\t\t\t\t\t\t<\/div>\n\t\t<div class=\"elementor-element elementor-element-f26ff24 e-con-full e-flex e-con e-child\" data-id=\"f26ff24\" data-element_type=\"container\" data-e-type=\"container\">\n\t\t\t\t<div class=\"elementor-element elementor-element-00b42de elementor-widget elementor-widget-button\" data-id=\"00b42de\" data-element_type=\"widget\" data-e-type=\"widget\" data-widget_type=\"button.default\">\n\t\t\t\t\t\t\t\t\t\t<a class=\"elementor-button elementor-button-link elementor-size-sm\" href=\"#host_jog\">\n\t\t\t\t\t\t<span class=\"elementor-button-content-wrapper\">\n\t\t\t\t\t\t\t\t\t<span class=\"elementor-button-text\">G\u0103zduie\u0219te un JOG<\/span>\n\t\t\t\t\t<\/span>\n\t\t\t\t\t<\/a>\n\t\t\t\t\t\t\t\t<\/div>\n\t\t\t\t<div class=\"elementor-element elementor-element-b15997b elementor-widget elementor-widget-button\" data-id=\"b15997b\" data-element_type=\"widget\" data-e-type=\"widget\" data-widget_type=\"button.default\">\n\t\t\t\t\t\t\t\t\t\t<a class=\"elementor-button elementor-button-link elementor-size-sm\" href=\"#catalyst\">\n\t\t\t\t\t\t<span class=\"elementor-button-content-wrapper\">\n\t\t\t\t\t\t\t\t\t<span class=\"elementor-button-text\">Catalizator JOG<\/span>\n\t\t\t\t\t<\/span>\n\t\t\t\t\t<\/a>\n\t\t\t\t\t\t\t\t<\/div>\n\t\t\t\t<div class=\"elementor-element elementor-element-b69a454 elementor-widget elementor-widget-button\" data-id=\"b69a454\" data-element_type=\"widget\" data-e-type=\"widget\" data-widget_type=\"button.default\">\n\t\t\t\t\t\t\t\t\t\t<a class=\"elementor-button elementor-button-link elementor-size-sm\" href=\"#delivery\">\n\t\t\t\t\t\t<span class=\"elementor-button-content-wrapper\">\n\t\t\t\t\t\t\t\t\t<span class=\"elementor-button-text\">Partener implementare<\/span>\n\t\t\t\t\t<\/span>\n\t\t\t\t\t<\/a>\n\t\t\t\t\t\t\t\t<\/div>\n\t\t\t\t<div class=\"elementor-element elementor-element-f010a56 elementor-widget elementor-widget-button\" data-id=\"f010a56\" data-element_type=\"widget\" data-e-type=\"widget\" data-widget_type=\"button.default\">\n\t\t\t\t\t\t\t\t\t\t<a class=\"elementor-button elementor-button-link elementor-size-sm\" href=\"#funding\">\n\t\t\t\t\t\t<span class=\"elementor-button-content-wrapper\">\n\t\t\t\t\t\t\t\t\t<span class=\"elementor-button-text\">Partener financiar<\/span>\n\t\t\t\t\t<\/span>\n\t\t\t\t\t<\/a>\n\t\t\t\t\t\t\t\t<\/div>\n\t\t\t\t<\/div>\n\t\t\t\t<\/div>\n\t\t<div class=\"elementor-element elementor-element-c9f3027 e-con-full e-flex e-con e-child\" data-id=\"c9f3027\" data-element_type=\"container\" data-e-type=\"container\">\n\t\t\t\t<div class=\"elementor-element elementor-element-1443945 elementor-widget elementor-widget-image\" data-id=\"1443945\" data-element_type=\"widget\" data-e-type=\"widget\" data-widget_type=\"image.default\">\n\t\t\t\t\t\t\t\t\t\t\t\t\t\t\t<img fetchpriority=\"high\" decoding=\"async\" width=\"800\" height=\"450\" src=\"https:\/\/generositypath.org\/wp-content\/uploads\/2024\/10\/9-1024x576.webp\" class=\"attachment-large size-large wp-image-4369\" alt=\"\" srcset=\"https:\/\/generositypath.org\/wp-content\/uploads\/2024\/10\/9-1024x576.webp 1024w, https:\/\/generositypath.org\/wp-content\/uploads\/2024\/10\/9-300x169.png 300w, https:\/\/generositypath.org\/wp-content\/uploads\/2024\/10\/9-768x432.png 768w, https:\/\/generositypath.org\/wp-content\/uploads\/2024\/10\/9-1536x864.webp 1536w, https:\/\/generositypath.org\/wp-content\/uploads\/2024\/10\/9.webp 1920w\" sizes=\"(max-width: 800px) 100vw, 800px\" \/>\t\t\t\t\t\t\t\t\t\t\t\t\t\t\t<\/div>\n\t\t\t\t<\/div>\n\t\t\t\t\t<\/div>\n\t\t\t\t<\/div>\n\t\t<div class=\"elementor-element elementor-element-bed6652 e-flex e-con-boxed e-con e-parent\" data-id=\"bed6652\" data-element_type=\"container\" data-e-type=\"container\" data-settings=\"{&quot;background_background&quot;:&quot;classic&quot;,&quot;background_motion_fx_motion_fx_scrolling&quot;:&quot;yes&quot;,&quot;background_motion_fx_translateY_effect&quot;:&quot;yes&quot;,&quot;background_motion_fx_translateY_speed&quot;:{&quot;unit&quot;:&quot;px&quot;,&quot;size&quot;:4,&quot;sizes&quot;:[]},&quot;background_motion_fx_translateY_affectedRange&quot;:{&quot;unit&quot;:&quot;%&quot;,&quot;size&quot;:&quot;&quot;,&quot;sizes&quot;:{&quot;start&quot;:0,&quot;end&quot;:100}},&quot;background_motion_fx_devices&quot;:[&quot;desktop&quot;,&quot;tablet&quot;,&quot;mobile&quot;]}\">\n\t\t\t\t\t<div class=\"e-con-inner\">\n\t\t<div class=\"elementor-element elementor-element-cf0ab4f e-con-full e-flex e-con e-child\" data-id=\"cf0ab4f\" data-element_type=\"container\" data-e-type=\"container\">\n\t\t\t\t<div class=\"elementor-element elementor-element-cfd27b7 elementor-widget elementor-widget-heading\" data-id=\"cfd27b7\" data-element_type=\"widget\" data-e-type=\"widget\" data-widget_type=\"heading.default\">\n\t\t\t\t\t<h2 class=\"elementor-heading-title elementor-size-default\">Ruga\u021bi-v\u0103 cu noi<\/h2>\t\t\t\t<\/div>\n\t\t\t\t<div class=\"elementor-element elementor-element-544a88a elementor-widget elementor-widget-text-editor\" data-id=\"544a88a\" data-element_type=\"widget\" data-e-type=\"widget\" data-widget_type=\"text-editor.default\">\n\t\t\t\t\t\t\t\t\t<p>Nu este nimic mai puternic dec\u00e2t rug\u0103ciunea. Suntem recunosc\u0103tori pentru generozitatea celor care se roag\u0103 pentru noi cu regularitate \u0219i am fi bucuro\u0219i dac\u0103 \u0219i tu te-ai num\u0103ra printre ei. <\/p>\t\t\t\t\t\t\t\t<\/div>\n\t\t\t\t<\/div>\n\t\t\t\t\t<\/div>\n\t\t\t\t<\/div>\n\t\t<div class=\"elementor-element elementor-element-80048c1 e-flex e-con-boxed e-con e-parent\" data-id=\"80048c1\" data-element_type=\"container\" data-e-type=\"container\">\n\t\t\t\t\t<div class=\"e-con-inner\">\n\t\t<div class=\"elementor-element elementor-element-6c16e53 e-con-full e-flex e-con e-child\" data-id=\"6c16e53\" data-element_type=\"container\" data-e-type=\"container\">\n\t\t\t\t<div class=\"elementor-element elementor-element-90c561f elementor-widget elementor-widget-heading\" data-id=\"90c561f\" data-element_type=\"widget\" data-e-type=\"widget\" data-widget_type=\"heading.default\">\n\t\t\t\t\t<h2 class=\"elementor-heading-title elementor-size-default\">\u021a\u0103rile \u00een care activ\u0103m<\/h2>\t\t\t\t<\/div>\n\t\t\t\t<div class=\"elementor-element elementor-element-88635c5 elementor-widget elementor-widget-text-editor\" data-id=\"88635c5\" data-element_type=\"widget\" data-e-type=\"widget\" data-widget_type=\"text-editor.default\">\n\t\t\t\t\t\t\t\t\tScopul nostru este s\u0103 fim o prezen\u021b\u0103 activ\u0103 \u00een fiecare \u021bar\u0103 a lumii p\u00e2n\u0103 la sf\u00e2r\u0219itul anului 2027.<br><br> <br>Dori\u021bi s\u0103 ne ajuta\u021bi s\u0103 aducem C\u0103l\u0103toria Generozit\u0103\u021bii \u00een \u021bara voastr\u0103?\t\t\t\t\t\t\t\t<\/div>\n\t\t\t\t<\/div>\n\t\t\t\t<div class=\"elementor-element elementor-element-8b69837 elementor-widget elementor-widget-image\" data-id=\"8b69837\" data-element_type=\"widget\" data-e-type=\"widget\" data-widget_type=\"image.default\">\n\t\t\t\t\t\t\t\t\t\t\t\t\t\t\t<img decoding=\"async\" width=\"1920\" height=\"1011\" src=\"https:\/\/generositypath.org\/wp-content\/uploads\/2025\/02\/Where-we-work.webp\" class=\"attachment-full size-full wp-image-4375\" alt=\"\" srcset=\"https:\/\/generositypath.org\/wp-content\/uploads\/2025\/02\/Where-we-work.webp 1920w, https:\/\/generositypath.org\/wp-content\/uploads\/2025\/02\/Where-we-work-300x158.png 300w, https:\/\/generositypath.org\/wp-content\/uploads\/2025\/02\/Where-we-work-1024x539.webp 1024w, https:\/\/generositypath.org\/wp-content\/uploads\/2025\/02\/Where-we-work-768x405.png 768w, https:\/\/generositypath.org\/wp-content\/uploads\/2025\/02\/Where-we-work-1536x809.webp 1536w\" sizes=\"(max-width: 1920px) 100vw, 1920px\" \/>\t\t\t\t\t\t\t\t\t\t\t\t\t\t\t<\/div>\n\t\t\t\t<div class=\"elementor-element elementor-element-6599989 elementor-widget elementor-widget-button\" data-id=\"6599989\" data-element_type=\"widget\" data-e-type=\"widget\" data-widget_type=\"button.default\">\n\t\t\t\t\t\t\t\t\t\t<a class=\"elementor-button elementor-button-link elementor-size-sm\" href=\"https:\/\/generositypath.org\/about-us\/#Team\">\n\t\t\t\t\t\t<span class=\"elementor-button-content-wrapper\">\n\t\t\t\t\t\t\t\t\t<span class=\"elementor-button-text\">Descoper\u0103 mai mult<\/span>\n\t\t\t\t\t<\/span>\n\t\t\t\t\t<\/a>\n\t\t\t\t\t\t\t\t<\/div>\n\t\t\t\t\t<\/div>\n\t\t\t\t<\/div>\n\t\t<div class=\"elementor-element elementor-element-e694c85 e-flex e-con-boxed e-con e-parent\" data-id=\"e694c85\" data-element_type=\"container\" data-e-type=\"container\">\n\t\t\t\t\t<div class=\"e-con-inner\">\n\t\t\t\t<div class=\"elementor-element elementor-element-b301ff7 elementor-widget elementor-widget-heading\" data-id=\"b301ff7\" data-element_type=\"widget\" data-e-type=\"widget\" data-widget_type=\"heading.default\">\n\t\t\t\t\t<h2 class=\"elementor-heading-title elementor-size-default\">Modalit\u0103\u021bi de parteneriat<\/h2>\t\t\t\t<\/div>\n\t\t<div class=\"elementor-element elementor-element-912a46d e-con-full e-flex e-con e-child\" data-id=\"912a46d\" data-element_type=\"container\" data-e-type=\"container\" id=\"host_jog\">\n\t\t<div class=\"elementor-element elementor-element-da5a6ed e-con-full e-flex e-con e-child\" data-id=\"da5a6ed\" data-element_type=\"container\" data-e-type=\"container\">\n\t\t\t\t<div class=\"elementor-element elementor-element-686c284 elementor-widget elementor-widget-heading\" data-id=\"686c284\" data-element_type=\"widget\" data-e-type=\"widget\" data-widget_type=\"heading.default\">\n\t\t\t\t\t<h3 class=\"elementor-heading-title elementor-size-default\">G\u0103zduie\u0219te un JOG<\/h3>\t\t\t\t<\/div>\n\t\t\t\t<div class=\"elementor-element elementor-element-86e2a46 elementor-widget elementor-widget-text-editor\" data-id=\"86e2a46\" data-element_type=\"widget\" data-e-type=\"widget\" data-widget_type=\"text-editor.default\">\n\t\t\t\t\t\t\t\t\tCel mai simplu mod pentru oricine de a-\u0219i \u00eencepe propria c\u0103l\u0103toria generozit\u0103\u021bii este de a g\u0103zdui o C\u0103l\u0103torie Generozit\u0103\u021bii (JOG). <br>Disponibil \u00een diverse formate, acest eveniment gratuit a fost creat pentru a fi u\u0219or de organizat de oricine, fie la biseric\u0103, acas\u0103 sau la locul de munc\u0103. \t\t\t\t\t\t\t\t<\/div>\n\t\t\t\t<div class=\"elementor-element elementor-element-3e1f23a elementor-widget elementor-widget-button\" data-id=\"3e1f23a\" data-element_type=\"widget\" data-e-type=\"widget\" data-widget_type=\"button.default\">\n\t\t\t\t\t\t\t\t\t\t<a class=\"elementor-button elementor-button-link elementor-size-sm\" href=\"https:\/\/my.generositypath.org\/auth\/login?hsLang=en\">\n\t\t\t\t\t\t<span class=\"elementor-button-content-wrapper\">\n\t\t\t\t\t\t\t\t\t<span class=\"elementor-button-text\">\u00cencepe\u021bi C\u0103l\u0103toria<\/span>\n\t\t\t\t\t<\/span>\n\t\t\t\t\t<\/a>\n\t\t\t\t\t\t\t\t<\/div>\n\t\t\t\t<\/div>\n\t\t<div class=\"elementor-element elementor-element-bd73dd2 e-con-full e-flex e-con e-child\" data-id=\"bd73dd2\" data-element_type=\"container\" data-e-type=\"container\">\n\t\t\t\t<div class=\"elementor-element elementor-element-ea4232a elementor-widget elementor-widget-image\" data-id=\"ea4232a\" data-element_type=\"widget\" data-e-type=\"widget\" data-widget_type=\"image.default\">\n\t\t\t\t\t\t\t\t\t\t\t\t\t\t\t<img decoding=\"async\" width=\"800\" height=\"534\" src=\"https:\/\/generositypath.org\/wp-content\/uploads\/2024\/10\/dylan-gillis-KdeqA3aTnBY-unsplash-1024x683.webp\" class=\"attachment-large size-large wp-image-4370\" alt=\"\" srcset=\"https:\/\/generositypath.org\/wp-content\/uploads\/2024\/10\/dylan-gillis-KdeqA3aTnBY-unsplash-1024x683.webp 1024w, https:\/\/generositypath.org\/wp-content\/uploads\/2024\/10\/dylan-gillis-KdeqA3aTnBY-unsplash-300x200.jpg 300w, https:\/\/generositypath.org\/wp-content\/uploads\/2024\/10\/dylan-gillis-KdeqA3aTnBY-unsplash-768x512.jpg 768w, https:\/\/generositypath.org\/wp-content\/uploads\/2024\/10\/dylan-gillis-KdeqA3aTnBY-unsplash-1536x1024.webp 1536w, https:\/\/generositypath.org\/wp-content\/uploads\/2024\/10\/dylan-gillis-KdeqA3aTnBY-unsplash-scaled.webp 1920w\" sizes=\"(max-width: 800px) 100vw, 800px\" \/>\t\t\t\t\t\t\t\t\t\t\t\t\t\t\t<\/div>\n\t\t\t\t<\/div>\n\t\t\t\t<\/div>\n\t\t<div class=\"elementor-element elementor-element-098dec7 e-con-full e-flex e-con e-child\" data-id=\"098dec7\" data-element_type=\"container\" data-e-type=\"container\" id=\"catalyst\">\n\t\t<div class=\"elementor-element elementor-element-49cbb60 e-con-full e-flex e-con e-child\" data-id=\"49cbb60\" data-element_type=\"container\" data-e-type=\"container\">\n\t\t\t\t<div class=\"elementor-element elementor-element-94dc02c elementor-widget elementor-widget-image\" data-id=\"94dc02c\" data-element_type=\"widget\" data-e-type=\"widget\" data-widget_type=\"image.default\">\n\t\t\t\t\t\t\t\t\t\t\t\t\t\t\t<img loading=\"lazy\" decoding=\"async\" width=\"800\" height=\"602\" src=\"https:\/\/generositypath.org\/wp-content\/uploads\/2024\/08\/Networking-1024x771.webp\" class=\"attachment-large size-large wp-image-4379\" alt=\"\" srcset=\"https:\/\/generositypath.org\/wp-content\/uploads\/2024\/08\/Networking-1024x771.webp 1024w, https:\/\/generositypath.org\/wp-content\/uploads\/2024\/08\/Networking-300x226.png 300w, https:\/\/generositypath.org\/wp-content\/uploads\/2024\/08\/Networking-768x578.png 768w, https:\/\/generositypath.org\/wp-content\/uploads\/2024\/08\/Networking.webp 1080w\" sizes=\"(max-width: 800px) 100vw, 800px\" \/>\t\t\t\t\t\t\t\t\t\t\t\t\t\t\t<\/div>\n\t\t\t\t<\/div>\n\t\t<div class=\"elementor-element elementor-element-042fa1f e-con-full e-flex e-con e-child\" data-id=\"042fa1f\" data-element_type=\"container\" data-e-type=\"container\">\n\t\t\t\t<div class=\"elementor-element elementor-element-3a45f86 elementor-widget elementor-widget-heading\" data-id=\"3a45f86\" data-element_type=\"widget\" data-e-type=\"widget\" data-widget_type=\"heading.default\">\n\t\t\t\t\t<h3 class=\"elementor-heading-title elementor-size-default\">Deveni\u021bi un catalizator JOG<\/h3>\t\t\t\t<\/div>\n\t\t\t\t<div class=\"elementor-element elementor-element-816b137 elementor-widget elementor-widget-text-editor\" data-id=\"816b137\" data-element_type=\"widget\" data-e-type=\"widget\" data-widget_type=\"text-editor.default\">\n\t\t\t\t\t\t\t\t\tPe m\u0103sur\u0103 ce prezen\u021ba noastr\u0103 cre\u0219te \u00een \u00eentreaga lume, c\u0103ut\u0103m voluntari care ne pot ajuta s\u0103 ducem experien\u021ba C\u0103l\u0103toriei Generozit\u0103\u021bii \u00een regiuni \u0219i ora\u0219e noi din \u021b\u0103rile lor. Dac\u0103 dori\u021bi s\u0103 contribui\u021bi la promovarea generozit\u0103\u021bii cre\u0219tine \u00een comunit\u0103\u021bile locale contacta\u021bi-ne. \t\t\t\t\t\t\t\t<\/div>\n\t\t\t\t<div class=\"elementor-element elementor-element-72ca1b9 elementor-widget elementor-widget-button\" data-id=\"72ca1b9\" data-element_type=\"widget\" data-e-type=\"widget\" data-widget_type=\"button.default\">\n\t\t\t\t\t\t\t\t\t\t<a class=\"elementor-button elementor-button-link elementor-size-sm\" href=\"https:\/\/generositypath.org\/ro\/echipa-noastra\/\">\n\t\t\t\t\t\t<span class=\"elementor-button-content-wrapper\">\n\t\t\t\t\t\t\t\t\t<span class=\"elementor-button-text\">Contacta\u021bi echipa<\/span>\n\t\t\t\t\t<\/span>\n\t\t\t\t\t<\/a>\n\t\t\t\t\t\t\t\t<\/div>\n\t\t\t\t<\/div>\n\t\t\t\t<\/div>\n\t\t<div class=\"elementor-element elementor-element-708a7ef e-con-full e-flex e-con e-child\" data-id=\"708a7ef\" data-element_type=\"container\" data-e-type=\"container\" id=\"delivery\">\n\t\t<div class=\"elementor-element elementor-element-3ba3372 e-con-full e-flex e-con e-child\" data-id=\"3ba3372\" data-element_type=\"container\" data-e-type=\"container\">\n\t\t\t\t<div class=\"elementor-element elementor-element-344e79a elementor-widget elementor-widget-heading\" data-id=\"344e79a\" data-element_type=\"widget\" data-e-type=\"widget\" data-widget_type=\"heading.default\">\n\t\t\t\t\t<h3 class=\"elementor-heading-title elementor-size-default\">Organizeaz\u0103 un JOG \u00een biserica sau organiza\u021bia ta<\/h3>\t\t\t\t<\/div>\n\t\t\t\t<div class=\"elementor-element elementor-element-148ef83 elementor-widget elementor-widget-text-editor\" data-id=\"148ef83\" data-element_type=\"widget\" data-e-type=\"widget\" data-widget_type=\"text-editor.default\">\n\t\t\t\t\t\t\t\t\t<p>Suntem \u00eenc\u00e2nta\u021bi s\u0103 parteneriem cu lideri locali care doresc s\u0103 vad\u0103 biserica sau organiza\u021bia lor transformat\u0103 de puterea generozit\u0103\u021bii. <\/p>\t\t\t\t\t\t\t\t<\/div>\n\t\t\t\t<div class=\"elementor-element elementor-element-ed4a119 elementor-widget elementor-widget-button\" data-id=\"ed4a119\" data-element_type=\"widget\" data-e-type=\"widget\" data-widget_type=\"button.default\">\n\t\t\t\t\t\t\t\t\t\t<a class=\"elementor-button elementor-button-link elementor-size-sm\" href=\"https:\/\/generositypath.org\/ro\/echipa-noastra\/\">\n\t\t\t\t\t\t<span class=\"elementor-button-content-wrapper\">\n\t\t\t\t\t\t\t\t\t<span class=\"elementor-button-text\">Contacta\u021bi echipa<\/span>\n\t\t\t\t\t<\/span>\n\t\t\t\t\t<\/a>\n\t\t\t\t\t\t\t\t<\/div>\n\t\t\t\t<\/div>\n\t\t<div class=\"elementor-element elementor-element-16b2946 e-con-full e-flex e-con e-child\" data-id=\"16b2946\" data-element_type=\"container\" data-e-type=\"container\">\n\t\t\t\t<div class=\"elementor-element elementor-element-dd486e6 elementor-widget elementor-widget-image\" data-id=\"dd486e6\" data-element_type=\"widget\" data-e-type=\"widget\" data-widget_type=\"image.default\">\n\t\t\t\t\t\t\t\t\t\t\t\t\t\t\t<img loading=\"lazy\" decoding=\"async\" width=\"800\" height=\"800\" src=\"https:\/\/generositypath.org\/wp-content\/uploads\/2024\/08\/Lady-smiling-1024x1024.webp\" class=\"attachment-large size-large wp-image-125\" alt=\"\" srcset=\"https:\/\/generositypath.org\/wp-content\/uploads\/2024\/08\/Lady-smiling-1024x1024.webp 1024w, https:\/\/generositypath.org\/wp-content\/uploads\/2024\/08\/Lady-smiling-300x300.png 300w, https:\/\/generositypath.org\/wp-content\/uploads\/2024\/08\/Lady-smiling-150x150.png 150w, https:\/\/generositypath.org\/wp-content\/uploads\/2024\/08\/Lady-smiling-768x768.png 768w, https:\/\/generositypath.org\/wp-content\/uploads\/2024\/08\/Lady-smiling.webp 1080w\" sizes=\"(max-width: 800px) 100vw, 800px\" \/>\t\t\t\t\t\t\t\t\t\t\t\t\t\t\t<\/div>\n\t\t\t\t<\/div>\n\t\t\t\t<\/div>\n\t\t<div class=\"elementor-element elementor-element-1a963a0 e-con-full e-flex e-con e-child\" data-id=\"1a963a0\" data-element_type=\"container\" data-e-type=\"container\" id=\"funding\">\n\t\t<div class=\"elementor-element elementor-element-c516635 e-con-full e-flex e-con e-child\" data-id=\"c516635\" data-element_type=\"container\" data-e-type=\"container\">\n\t\t\t\t<div class=\"elementor-element elementor-element-ccd901e elementor-widget elementor-widget-image\" data-id=\"ccd901e\" data-element_type=\"widget\" data-e-type=\"widget\" data-widget_type=\"image.default\">\n\t\t\t\t\t\t\t\t\t\t\t\t\t\t\t<img loading=\"lazy\" decoding=\"async\" width=\"800\" height=\"534\" src=\"https:\/\/generositypath.org\/wp-content\/uploads\/2024\/10\/joshua-hanson-I49bIyEHaIs-unsplash-1024x683.webp\" class=\"attachment-large size-large wp-image-4371\" alt=\"\" srcset=\"https:\/\/generositypath.org\/wp-content\/uploads\/2024\/10\/joshua-hanson-I49bIyEHaIs-unsplash-1024x683.webp 1024w, https:\/\/generositypath.org\/wp-content\/uploads\/2024\/10\/joshua-hanson-I49bIyEHaIs-unsplash-300x200.jpg 300w, https:\/\/generositypath.org\/wp-content\/uploads\/2024\/10\/joshua-hanson-I49bIyEHaIs-unsplash-768x512.jpg 768w, https:\/\/generositypath.org\/wp-content\/uploads\/2024\/10\/joshua-hanson-I49bIyEHaIs-unsplash-1536x1024.webp 1536w, https:\/\/generositypath.org\/wp-content\/uploads\/2024\/10\/joshua-hanson-I49bIyEHaIs-unsplash-scaled.webp 1920w\" sizes=\"(max-width: 800px) 100vw, 800px\" \/>\t\t\t\t\t\t\t\t\t\t\t\t\t\t\t<\/div>\n\t\t\t\t<\/div>\n\t\t<div class=\"elementor-element elementor-element-1bb4a19 e-con-full e-flex e-con e-child\" data-id=\"1bb4a19\" data-element_type=\"container\" data-e-type=\"container\">\n\t\t\t\t<div class=\"elementor-element elementor-element-71c202e elementor-widget elementor-widget-heading\" data-id=\"71c202e\" data-element_type=\"widget\" data-e-type=\"widget\" data-widget_type=\"heading.default\">\n\t\t\t\t\t<h2 class=\"elementor-heading-title elementor-size-default\">Deveni\u021bi un partener financiar<\/h2>\t\t\t\t<\/div>\n\t\t\t\t<div class=\"elementor-element elementor-element-bc4997a elementor-widget elementor-widget-text-editor\" data-id=\"bc4997a\" data-element_type=\"widget\" data-e-type=\"widget\" data-widget_type=\"text-editor.default\">\n\t\t\t\t\t\t\t\t\tGenerosity Path este finan\u021bat \u00een mod privat de persoane fizice, organiza\u021bii \u0219i organiza\u021bii care au inima de a-i vedea pe cre\u0219tini tr\u0103ind prin generozitate radical\u0103. Dac\u0103 dori\u021bi s\u0103 v\u0103 asocia\u021bi cu noi pentru a ne ajuta s\u0103 cre\u0219tem aria de acoperire \u0219i impactul \u00een \u00eentreaga lume sau \u00eentr-o anumit\u0103 regiune, ne-ar pl\u0103cea s\u0103 ne contacta\u021bi. \t\t\t\t\t\t\t\t<\/div>\n\t\t\t\t<div class=\"elementor-element elementor-element-8306b09 elementor-widget elementor-widget-button\" data-id=\"8306b09\" data-element_type=\"widget\" data-e-type=\"widget\" data-widget_type=\"button.default\">\n\t\t\t\t\t\t\t\t\t\t<a class=\"elementor-button elementor-button-link elementor-size-sm\" href=\"https:\/\/generositypath.org\/ro\/echipa-noastra\/\">\n\t\t\t\t\t\t<span class=\"elementor-button-content-wrapper\">\n\t\t\t\t\t\t\t\t\t<span class=\"elementor-button-text\">Contacta\u021bi echipa<\/span>\n\t\t\t\t\t<\/span>\n\t\t\t\t\t<\/a>\n\t\t\t\t\t\t\t\t<\/div>\n\t\t\t\t<\/div>\n\t\t\t\t<\/div>\n\t\t\t\t\t<\/div>\n\t\t\t\t<\/div>\n\t\t\t\t<\/div>\n\t\t","protected":false},"excerpt":{"rendered":"<p>Maximizarea impactului printr-un parteneriat transformator cu Generosity Path.<\/p>\n","protected":false},"author":2,"featured_media":4372,"parent":0,"menu_order":0,"comment_status":"closed","ping_status":"closed","template":"elementor_header_footer","meta":{"content-type":"","footnotes":""},"class_list":["post-4374","page","type-page","status-publish","has-post-thumbnail","hentry"],"_links":{"self":[{"href":"https:\/\/generositypath.org\/ro\/wp-json\/wp\/v2\/pages\/4374","targetHints":{"allow":["GET"]}}],"collection":[{"href":"https:\/\/generositypath.org\/ro\/wp-json\/wp\/v2\/pages"}],"about":[{"href":"https:\/\/generositypath.org\/ro\/wp-json\/wp\/v2\/types\/page"}],"author":[{"embeddable":true,"href":"https:\/\/generositypath.org\/ro\/wp-json\/wp\/v2\/users\/2"}],"replies":[{"embeddable":true,"href":"https:\/\/generositypath.org\/ro\/wp-json\/wp\/v2\/comments?post=4374"}],"version-history":[{"count":1,"href":"https:\/\/generositypath.org\/ro\/wp-json\/wp\/v2\/pages\/4374\/revisions"}],"predecessor-version":[{"id":4376,"href":"https:\/\/generositypath.org\/ro\/wp-json\/wp\/v2\/pages\/4374\/revisions\/4376"}],"wp:featuredmedia":[{"embeddable":true,"href":"https:\/\/generositypath.org\/ro\/wp-json\/wp\/v2\/media\/4372"}],"wp:attachment":[{"href":"https:\/\/generositypath.org\/ro\/wp-json\/wp\/v2\/media?parent=4374"}],"curies":[{"name":"wp","href":"https:\/\/api.w.org\/{rel}","templated":true}]}}